{"id":11440,"date":"2023-02-28T11:09:44","date_gmt":"2023-02-28T17:09:44","guid":{"rendered":"https:\/\/tropicair.com\/?page_id=11440"},"modified":"2023-07-20T11:29:01","modified_gmt":"2023-07-20T17:29:01","slug":"experiencia-en-el-rio-lamanai","status":"publish","type":"page","link":"https:\/\/www.tropicair.com\/es\/experiencia-en-el-rio-lamanai\/","title":{"rendered":"Experiencia en el r\u00edo Lamanai"},"content":{"rendered":"\t\t<div data-elementor-type=\"wp-page\" data-elementor-id=\"11440\" class=\"elementor elementor-11440 elementor-10086\" data-elementor-post-type=\"page\">\n\t\t\t\t\t\t<section class=\"elementor-section elementor-top-section elementor-element elementor-element-60229a6d elementor-section-stretched elementor-section-boxed elementor-section-height-default elementor-section-height-default\" data-id=\"60229a6d\" data-element_type=\"section\" data-e-type=\"section\" data-settings=\"{&quot;stretch_section&quot;:&quot;section-stretched&quot;}\">\n\t\t\t\t\t\t<div class=\"elementor-container elementor-column-gap-default\">\n\t\t\t\t\t<div class=\"elementor-column elementor-col-50 elementor-top-column elementor-element elementor-element-355ec825 elementor-invisible\" data-id=\"355ec825\" data-element_type=\"column\" data-e-type=\"column\" data-settings=\"{&quot;animation&quot;:&quot;fadeInRight&quot;,&quot;animation_delay&quot;:0.6}\">\n\t\t\t<div class=\"elementor-widget-wrap elementor-element-populated\">\n\t\t\t\t\t\t<div class=\"elementor-element elementor-element-1dd6a23b elementor-widget elementor-widget-heading\" data-id=\"1dd6a23b\" data-element_type=\"widget\" data-e-type=\"widget\" data-widget_type=\"heading.default\">\n\t\t\t\t<div class=\"elementor-widget-container\">\n\t\t\t\t\t<h2 class=\"elementor-heading-title elementor-size-default\">Experiencia en el r\u00edo Lamanai<\/h2>\t\t\t\t<\/div>\n\t\t\t\t<\/div>\n\t\t\t\t<div class=\"elementor-element elementor-element-7885dd48 elementor-widget elementor-widget-text-editor\" data-id=\"7885dd48\" data-element_type=\"widget\" data-e-type=\"widget\" data-widget_type=\"text-editor.default\">\n\t\t\t\t<div class=\"elementor-widget-container\">\n\t\t\t\t\t\t\t\t\t<h4>Descripci\u00f3n<\/h4><p>Nuestra experiencia Tropic Air Lamanai River comienza con un vuelo de 20 minutos a Tower Hill (Orange Walk) y un viaje de 10 minutos a trav\u00e9s de campos de ca\u00f1a de az\u00facar que lo lleva a las orillas del New River. Suba a bordo y disfrute de un paseo en bote a trav\u00e9s de manglares y sabanas pantanosas. Vea monos, p\u00e1jaros, murci\u00e9lagos, flora, tortugas y cocodrilos mientras se dirige a New River Lagoon y al sitio maya de Lamanai. All\u00ed, camine a trav\u00e9s de la densa jungla y aprenda sobre la medicina de los arbustos de Belice. Explore impresionantes monumentos mayas y suba al enorme Templo El Castillo para disfrutar de una amplia vista de la laguna. Aseg\u00farese de escuchar a los monos aulladores y est\u00e9 atento a los tucanes mientras pasea por la selva tropical. Finalmente, visite el museo, disfrute de un delicioso almuerzo belice\u00f1o (incluido) y visite la tienda de regalos antes de regresar a bordo del barco para comenzar su viaje de regreso a San Pedro.<\/p><p>Este tour de Tropic Air Lamanai es para todos con un sentido de aventura y es bueno para todas las edades y niveles de habilidad.<\/p><p>Qu\u00e9 traer: se recomienda ropa c\u00f3moda, sombrero, un cambio de ropa seca, repelente y zapatos resistentes para caminar. No olvides tu c\u00e1mara.<\/p>\t\t\t\t\t\t\t\t<\/div>\n\t\t\t\t<\/div>\n\t\t\t\t\t<\/div>\n\t\t<\/div>\n\t\t\t\t<div class=\"elementor-column elementor-col-50 elementor-top-column elementor-element elementor-element-47f9997e elementor-invisible\" data-id=\"47f9997e\" data-element_type=\"column\" data-e-type=\"column\" data-settings=\"{&quot;animation&quot;:&quot;fadeInLeft&quot;,&quot;animation_delay&quot;:0.4}\">\n\t\t\t<div class=\"elementor-widget-wrap elementor-element-populated\">\n\t\t\t\t\t\t<div class=\"elementor-element elementor-element-4172430a elementor-widget elementor-widget-image\" data-id=\"4172430a\" data-element_type=\"widget\" data-e-type=\"widget\" data-widget_type=\"image.default\">\n\t\t\t\t<div class=\"elementor-widget-container\">\n\t\t\t\t\t\t\t\t\t\t\t\t\t\t\t<img fetchpriority=\"high\" decoding=\"async\" width=\"715\" height=\"665\" src=\"https:\/\/i0.wp.com\/www.tropicair.com\/wp-content\/uploads\/2023\/02\/TropicAir-LamanaiRiverExperience-01.jpg?fit=715%2C665&amp;ssl=1\" class=\"attachment-large size-large wp-image-10098\" alt=\"\" srcset=\"https:\/\/i0.wp.com\/www.tropicair.com\/wp-content\/uploads\/2023\/02\/TropicAir-LamanaiRiverExperience-01.jpg?w=715&amp;ssl=1 715w, https:\/\/i0.wp.com\/www.tropicair.com\/wp-content\/uploads\/2023\/02\/TropicAir-LamanaiRiverExperience-01.jpg?resize=300%2C279&amp;ssl=1 300w, https:\/\/i0.wp.com\/www.tropicair.com\/wp-content\/uploads\/2023\/02\/TropicAir-LamanaiRiverExperience-01.jpg?resize=600%2C558&amp;ssl=1 600w\" sizes=\"(max-width: 715px) 100vw, 715px\" \/>\t\t\t\t\t\t\t\t\t\t\t\t\t\t\t<\/div>\n\t\t\t\t<\/div>\n\t\t\t\t\t<\/div>\n\t\t<\/div>\n\t\t\t\t\t<\/div>\n\t\t<\/section>\n\t\t\t\t<section class=\"elementor-section elementor-top-section elementor-element elementor-element-35d2317c elementor-section-stretched elementor-section-boxed elementor-section-height-default elementor-section-height-default\" data-id=\"35d2317c\" data-element_type=\"section\" data-e-type=\"section\" data-settings=\"{&quot;stretch_section&quot;:&quot;section-stretched&quot;}\">\n\t\t\t\t\t\t<div class=\"elementor-container elementor-column-gap-default\">\n\t\t\t\t\t<div class=\"elementor-column elementor-col-50 elementor-top-column elementor-element elementor-element-2e8c90e9 elementor-invisible\" data-id=\"2e8c90e9\" data-element_type=\"column\" data-e-type=\"column\" data-settings=\"{&quot;animation&quot;:&quot;fadeInRight&quot;,&quot;animation_delay&quot;:0.6}\">\n\t\t\t<div class=\"elementor-widget-wrap elementor-element-populated\">\n\t\t\t\t\t\t<div class=\"elementor-element elementor-element-8871ff8 elementor-widget elementor-widget-image\" data-id=\"8871ff8\" data-element_type=\"widget\" data-e-type=\"widget\" data-widget_type=\"image.default\">\n\t\t\t\t<div class=\"elementor-widget-container\">\n\t\t\t\t\t\t\t\t\t\t\t\t\t\t\t<img decoding=\"async\" width=\"800\" height=\"800\" src=\"https:\/\/i0.wp.com\/www.tropicair.com\/wp-content\/uploads\/2023\/06\/TropicAir-LamanaiAdventure-04.jpg?fit=800%2C800&amp;ssl=1\" class=\"attachment-large size-large wp-image-10477\" alt=\"\" srcset=\"https:\/\/i0.wp.com\/www.tropicair.com\/wp-content\/uploads\/2023\/06\/TropicAir-LamanaiAdventure-04.jpg?w=800&amp;ssl=1 800w, https:\/\/i0.wp.com\/www.tropicair.com\/wp-content\/uploads\/2023\/06\/TropicAir-LamanaiAdventure-04.jpg?resize=300%2C300&amp;ssl=1 300w, https:\/\/i0.wp.com\/www.tropicair.com\/wp-content\/uploads\/2023\/06\/TropicAir-LamanaiAdventure-04.jpg?resize=150%2C150&amp;ssl=1 150w, https:\/\/i0.wp.com\/www.tropicair.com\/wp-content\/uploads\/2023\/06\/TropicAir-LamanaiAdventure-04.jpg?resize=768%2C768&amp;ssl=1 768w, https:\/\/i0.wp.com\/www.tropicair.com\/wp-content\/uploads\/2023\/06\/TropicAir-LamanaiAdventure-04.jpg?resize=600%2C600&amp;ssl=1 600w, https:\/\/i0.wp.com\/www.tropicair.com\/wp-content\/uploads\/2023\/06\/TropicAir-LamanaiAdventure-04.jpg?resize=100%2C100&amp;ssl=1 100w\" sizes=\"(max-width: 800px) 100vw, 800px\" \/>\t\t\t\t\t\t\t\t\t\t\t\t\t\t\t<\/div>\n\t\t\t\t<\/div>\n\t\t\t\t\t<\/div>\n\t\t<\/div>\n\t\t\t\t<div class=\"elementor-column elementor-col-50 elementor-top-column elementor-element elementor-element-2711643 elementor-invisible\" data-id=\"2711643\" data-element_type=\"column\" data-e-type=\"column\" data-settings=\"{&quot;animation&quot;:&quot;fadeInLeft&quot;,&quot;animation_delay&quot;:0.4}\">\n\t\t\t<div class=\"elementor-widget-wrap elementor-element-populated\">\n\t\t\t\t\t\t<div class=\"elementor-element elementor-element-5e04ae1 elementor-widget elementor-widget-text-editor\" data-id=\"5e04ae1\" data-element_type=\"widget\" data-e-type=\"widget\" data-widget_type=\"text-editor.default\">\n\t\t\t\t<div class=\"elementor-widget-container\">\n\t\t\t\t\t\t\t\t\t<h4>Tour de d\u00eda completo<\/h4><p><strong>Salida:<\/strong> San Pedro<\/p><p><strong>Salida:<\/strong> Hora 8am<\/p><p><strong>Hora de Regreso:<\/strong> 2pm<\/p><p><strong>C\u00f3digo de vestimenta:<\/strong> Se recomienda ropa c\u00f3moda, sombrero, un cambio de ropa seca, repelente y zapatos resistentes para caminar. No olvides tu c\u00e1mara.<\/p>\t\t\t\t\t\t\t\t<\/div>\n\t\t\t\t<\/div>\n\t\t\t\t\t<\/div>\n\t\t<\/div>\n\t\t\t\t\t<\/div>\n\t\t<\/section>\n\t\t\t\t<section class=\"elementor-section elementor-top-section elementor-element elementor-element-6ba1c5d2 elementor-section-boxed elementor-section-height-default elementor-section-height-default\" data-id=\"6ba1c5d2\" data-element_type=\"section\" data-e-type=\"section\">\n\t\t\t\t\t\t<div class=\"elementor-container elementor-column-gap-default\">\n\t\t\t\t\t<div class=\"elementor-column elementor-col-100 elementor-top-column elementor-element elementor-element-2a815e50\" data-id=\"2a815e50\" data-element_type=\"column\" data-e-type=\"column\">\n\t\t\t<div class=\"elementor-widget-wrap elementor-element-populated\">\n\t\t\t\t\t\t<div class=\"elementor-element elementor-element-6d2b946 elementor-widget elementor-widget-powernode-gallery\" data-id=\"6d2b946\" data-element_type=\"widget\" data-e-type=\"widget\" data-widget_type=\"powernode-gallery.default\">\n\t\t\t\t<div class=\"elementor-widget-container\">\n\t\t\t\t\t<div id=\"powernode-gallery-69f619d2929a8\" class=\"powernode-element powernode-gallery\">\r\n\t<div class=\"gallery-section division row gal-style-grid imgbx-s-default\"><div class=\"gal-item rounded-lg px-0 col-lg-4 col-md-4 col-sm-6 col-12 gallery-image fbox-10\"><a class=\"image-link\" href=\"https:\/\/i0.wp.com\/q44.d22.myftpupload.com\/wp-content\/uploads\/2023\/02\/TropicAir-LamanaiRiverExperience-02.jpg\"><div class=\"bx-img bx-ico-img txt-center\"><img decoding=\"async\" width=\"1024\" height=\"683\" src=\"https:\/\/i0.wp.com\/www.tropicair.com\/wp-content\/uploads\/2023\/02\/TropicAir-LamanaiRiverExperience-02.jpg?fit=1024%2C683&amp;ssl=1\" class=\"attachment-large\" alt=\"\" srcset=\"https:\/\/i0.wp.com\/www.tropicair.com\/wp-content\/uploads\/2023\/02\/TropicAir-LamanaiRiverExperience-02.jpg?w=1500&amp;ssl=1 1500w, https:\/\/i0.wp.com\/www.tropicair.com\/wp-content\/uploads\/2023\/02\/TropicAir-LamanaiRiverExperience-02.jpg?resize=300%2C200&amp;ssl=1 300w, https:\/\/i0.wp.com\/www.tropicair.com\/wp-content\/uploads\/2023\/02\/TropicAir-LamanaiRiverExperience-02.jpg?resize=1024%2C683&amp;ssl=1 1024w, https:\/\/i0.wp.com\/www.tropicair.com\/wp-content\/uploads\/2023\/02\/TropicAir-LamanaiRiverExperience-02.jpg?resize=768%2C512&amp;ssl=1 768w, https:\/\/i0.wp.com\/www.tropicair.com\/wp-content\/uploads\/2023\/02\/TropicAir-LamanaiRiverExperience-02.jpg?resize=600%2C400&amp;ssl=1 600w\" sizes=\"(max-width: 1024px) 100vw, 1024px\" \/><\/div><div class=\"image-description\"><div class=\"item-overlay\"><\/div><div class=\"image-data\"><p class=\"bx-content\"><span class=\"ico-70 white-color\"><span class=\"flaticon-search\"><\/span><\/span><\/p><\/div><\/div><\/a><\/div><div class=\"gal-item rounded-lg px-0 col-lg-4 col-md-4 col-sm-6 col-12 gallery-image fbox-10\"><a class=\"image-link\" href=\"https:\/\/i0.wp.com\/q44.d22.myftpupload.com\/wp-content\/uploads\/2023\/02\/TropicAir-LamanaiRiverExperience-03.jpg\"><div class=\"bx-img bx-ico-img txt-center\"><img loading=\"lazy\" decoding=\"async\" width=\"1024\" height=\"683\" src=\"https:\/\/i0.wp.com\/www.tropicair.com\/wp-content\/uploads\/2023\/02\/TropicAir-LamanaiRiverExperience-03.jpg?fit=1024%2C683&amp;ssl=1\" class=\"attachment-large\" alt=\"\" srcset=\"https:\/\/i0.wp.com\/www.tropicair.com\/wp-content\/uploads\/2023\/02\/TropicAir-LamanaiRiverExperience-03.jpg?w=1500&amp;ssl=1 1500w, https:\/\/i0.wp.com\/www.tropicair.com\/wp-content\/uploads\/2023\/02\/TropicAir-LamanaiRiverExperience-03.jpg?resize=300%2C200&amp;ssl=1 300w, https:\/\/i0.wp.com\/www.tropicair.com\/wp-content\/uploads\/2023\/02\/TropicAir-LamanaiRiverExperience-03.jpg?resize=1024%2C683&amp;ssl=1 1024w, https:\/\/i0.wp.com\/www.tropicair.com\/wp-content\/uploads\/2023\/02\/TropicAir-LamanaiRiverExperience-03.jpg?resize=768%2C512&amp;ssl=1 768w, https:\/\/i0.wp.com\/www.tropicair.com\/wp-content\/uploads\/2023\/02\/TropicAir-LamanaiRiverExperience-03.jpg?resize=600%2C400&amp;ssl=1 600w\" sizes=\"(max-width: 1024px) 100vw, 1024px\" \/><\/div><div class=\"image-description\"><div class=\"item-overlay\"><\/div><div class=\"image-data\"><p class=\"bx-content\"><span class=\"ico-70 white-color\"><span class=\"flaticon-search\"><\/span><\/span><\/p><\/div><\/div><\/a><\/div><div class=\"gal-item rounded-lg px-0 col-lg-4 col-md-4 col-sm-6 col-12 gallery-image fbox-10\"><a class=\"image-link\" href=\"https:\/\/i0.wp.com\/q44.d22.myftpupload.com\/wp-content\/uploads\/2023\/02\/TropicAir-LamanaiRiverExperience-04.jpg\"><div class=\"bx-img bx-ico-img txt-center\"><img loading=\"lazy\" decoding=\"async\" width=\"1024\" height=\"683\" src=\"https:\/\/i0.wp.com\/www.tropicair.com\/wp-content\/uploads\/2023\/02\/TropicAir-LamanaiRiverExperience-04.jpg?fit=1024%2C683&amp;ssl=1\" class=\"attachment-large\" alt=\"\" srcset=\"https:\/\/i0.wp.com\/www.tropicair.com\/wp-content\/uploads\/2023\/02\/TropicAir-LamanaiRiverExperience-04.jpg?w=1500&amp;ssl=1 1500w, https:\/\/i0.wp.com\/www.tropicair.com\/wp-content\/uploads\/2023\/02\/TropicAir-LamanaiRiverExperience-04.jpg?resize=300%2C200&amp;ssl=1 300w, https:\/\/i0.wp.com\/www.tropicair.com\/wp-content\/uploads\/2023\/02\/TropicAir-LamanaiRiverExperience-04.jpg?resize=1024%2C683&amp;ssl=1 1024w, https:\/\/i0.wp.com\/www.tropicair.com\/wp-content\/uploads\/2023\/02\/TropicAir-LamanaiRiverExperience-04.jpg?resize=768%2C512&amp;ssl=1 768w, https:\/\/i0.wp.com\/www.tropicair.com\/wp-content\/uploads\/2023\/02\/TropicAir-LamanaiRiverExperience-04.jpg?resize=600%2C400&amp;ssl=1 600w\" sizes=\"(max-width: 1024px) 100vw, 1024px\" \/><\/div><div class=\"image-description\"><div class=\"item-overlay\"><\/div><div class=\"image-data\"><p class=\"bx-content\"><span class=\"ico-70 white-color\"><span class=\"flaticon-search\"><\/span><\/span><\/p><\/div><\/div><\/a><\/div><\/div><\/div>\t\t\t\t<\/div>\n\t\t\t\t<\/div>\n\t\t\t\t\t<\/div>\n\t\t<\/div>\n\t\t\t\t\t<\/div>\n\t\t<\/section>\n\t\t\t\t<\/div>\n\t\t","protected":false},"excerpt":{"rendered":"<p>Experiencia en el r\u00edo Lamanai Descripci\u00f3n Nuestra experiencia Tropic Air Lamanai River comienza con un vuelo de 20 minutos a Tower Hill (Orange Walk) y un viaje de 10 minutos a trav\u00e9s de campos de ca\u00f1a de az\u00facar que lo [&hellip;]<\/p>\n","protected":false},"author":1,"featured_media":0,"parent":0,"menu_order":0,"comment_status":"closed","ping_status":"closed","template":"","meta":{"footnotes":""},"class_list":["post-11440","page","type-page","status-publish","hentry","entry"],"yoast_head":"<!-- This site is optimized with the Yoast SEO plugin v27.5 - https:\/\/yoast.com\/product\/yoast-seo-wordpress\/ -->\n<title>Experiencia en el r\u00edo Lamanai - Tropic Air<\/title>\n<meta name=\"robots\" content=\"index, follow, max-snippet:-1, max-image-preview:large, max-video-preview:-1\" \/>\n<link rel=\"canonical\" href=\"https:\/\/www.tropicair.com\/tropic-air-tours\/lamanai-river-experience\/\" \/>\n<meta property=\"og:locale\" content=\"es_ES\" \/>\n<meta property=\"og:type\" content=\"article\" \/>\n<meta property=\"og:title\" content=\"Experiencia en el r\u00edo Lamanai - Tropic Air\" \/>\n<meta property=\"og:description\" content=\"Experiencia en el r\u00edo Lamanai Descripci\u00f3n Nuestra experiencia Tropic Air Lamanai River comienza con un vuelo de 20 minutos a Tower Hill (Orange Walk) y un viaje de 10 minutos a trav\u00e9s de campos de ca\u00f1a de az\u00facar que lo [&hellip;]\" \/>\n<meta property=\"og:url\" content=\"https:\/\/www.tropicair.com\/tropic-air-tours\/lamanai-river-experience\/\" \/>\n<meta property=\"og:site_name\" content=\"Tropic Air\" \/>\n<meta property=\"article:modified_time\" content=\"2023-07-20T17:29:01+00:00\" \/>\n<meta property=\"og:image\" content=\"https:\/\/tropicair.com\/wp-content\/uploads\/2023\/02\/TropicAir-LamanaiRiverExperience-01.jpg\" \/>\n<meta name=\"twitter:card\" content=\"summary_large_image\" \/>\n<meta name=\"twitter:label1\" content=\"Tiempo de lectura\" \/>\n\t<meta name=\"twitter:data1\" content=\"1 minuto\" \/>\n<script type=\"application\/ld+json\" class=\"yoast-schema-graph\">{\"@context\":\"https:\\\/\\\/schema.org\",\"@graph\":[{\"@type\":\"WebPage\",\"@id\":\"https:\\\/\\\/www.tropicair.com\\\/tropic-air-tours\\\/lamanai-river-experience\\\/\",\"url\":\"https:\\\/\\\/www.tropicair.com\\\/tropic-air-tours\\\/lamanai-river-experience\\\/\",\"name\":\"Experiencia en el r\u00edo Lamanai - Tropic Air\",\"isPartOf\":{\"@id\":\"https:\\\/\\\/www.tropicair.com\\\/#website\"},\"primaryImageOfPage\":{\"@id\":\"https:\\\/\\\/www.tropicair.com\\\/tropic-air-tours\\\/lamanai-river-experience\\\/#primaryimage\"},\"image\":{\"@id\":\"https:\\\/\\\/www.tropicair.com\\\/tropic-air-tours\\\/lamanai-river-experience\\\/#primaryimage\"},\"thumbnailUrl\":\"https:\\\/\\\/tropicair.com\\\/wp-content\\\/uploads\\\/2023\\\/02\\\/TropicAir-LamanaiRiverExperience-01.jpg\",\"datePublished\":\"2023-02-28T17:09:44+00:00\",\"dateModified\":\"2023-07-20T17:29:01+00:00\",\"breadcrumb\":{\"@id\":\"https:\\\/\\\/www.tropicair.com\\\/tropic-air-tours\\\/lamanai-river-experience\\\/#breadcrumb\"},\"inLanguage\":\"es\",\"potentialAction\":[{\"@type\":\"ReadAction\",\"target\":[\"https:\\\/\\\/www.tropicair.com\\\/tropic-air-tours\\\/lamanai-river-experience\\\/\"]}]},{\"@type\":\"ImageObject\",\"inLanguage\":\"es\",\"@id\":\"https:\\\/\\\/www.tropicair.com\\\/tropic-air-tours\\\/lamanai-river-experience\\\/#primaryimage\",\"url\":\"https:\\\/\\\/tropicair.com\\\/wp-content\\\/uploads\\\/2023\\\/02\\\/TropicAir-LamanaiRiverExperience-01.jpg\",\"contentUrl\":\"https:\\\/\\\/tropicair.com\\\/wp-content\\\/uploads\\\/2023\\\/02\\\/TropicAir-LamanaiRiverExperience-01.jpg\"},{\"@type\":\"BreadcrumbList\",\"@id\":\"https:\\\/\\\/www.tropicair.com\\\/tropic-air-tours\\\/lamanai-river-experience\\\/#breadcrumb\",\"itemListElement\":[{\"@type\":\"ListItem\",\"position\":1,\"name\":\"Home\",\"item\":\"https:\\\/\\\/www.tropicair.com\\\/es\\\/\"},{\"@type\":\"ListItem\",\"position\":2,\"name\":\"Experiencia en el r\u00edo Lamanai\"}]},{\"@type\":\"WebSite\",\"@id\":\"https:\\\/\\\/www.tropicair.com\\\/#website\",\"url\":\"https:\\\/\\\/www.tropicair.com\\\/\",\"name\":\"Tropic Air\",\"description\":\"The Airline of Belize\",\"publisher\":{\"@id\":\"https:\\\/\\\/www.tropicair.com\\\/#organization\"},\"alternateName\":\"Tropic Air Belize\",\"potentialAction\":[{\"@type\":\"SearchAction\",\"target\":{\"@type\":\"EntryPoint\",\"urlTemplate\":\"https:\\\/\\\/www.tropicair.com\\\/?s={search_term_string}\"},\"query-input\":{\"@type\":\"PropertyValueSpecification\",\"valueRequired\":true,\"valueName\":\"search_term_string\"}}],\"inLanguage\":\"es\"},{\"@type\":\"Organization\",\"@id\":\"https:\\\/\\\/www.tropicair.com\\\/#organization\",\"name\":\"Tropic Air\",\"url\":\"https:\\\/\\\/www.tropicair.com\\\/\",\"logo\":{\"@type\":\"ImageObject\",\"inLanguage\":\"es\",\"@id\":\"https:\\\/\\\/www.tropicair.com\\\/#\\\/schema\\\/logo\\\/image\\\/\",\"url\":\"https:\\\/\\\/i0.wp.com\\\/www.tropicair.com\\\/wp-content\\\/uploads\\\/2025\\\/08\\\/2025-TROPIC-AIR-LOGO-400x.png?fit=400%2C69&ssl=1\",\"contentUrl\":\"https:\\\/\\\/i0.wp.com\\\/www.tropicair.com\\\/wp-content\\\/uploads\\\/2025\\\/08\\\/2025-TROPIC-AIR-LOGO-400x.png?fit=400%2C69&ssl=1\",\"width\":400,\"height\":69,\"caption\":\"Tropic Air\"},\"image\":{\"@id\":\"https:\\\/\\\/www.tropicair.com\\\/#\\\/schema\\\/logo\\\/image\\\/\"}}]}<\/script>\n<!-- \/ Yoast SEO plugin. -->","yoast_head_json":{"title":"Experiencia en el r\u00edo Lamanai - Tropic Air","robots":{"index":"index","follow":"follow","max-snippet":"max-snippet:-1","max-image-preview":"max-image-preview:large","max-video-preview":"max-video-preview:-1"},"canonical":"https:\/\/www.tropicair.com\/tropic-air-tours\/lamanai-river-experience\/","og_locale":"es_ES","og_type":"article","og_title":"Experiencia en el r\u00edo Lamanai - Tropic Air","og_description":"Experiencia en el r\u00edo Lamanai Descripci\u00f3n Nuestra experiencia Tropic Air Lamanai River comienza con un vuelo de 20 minutos a Tower Hill (Orange Walk) y un viaje de 10 minutos a trav\u00e9s de campos de ca\u00f1a de az\u00facar que lo [&hellip;]","og_url":"https:\/\/www.tropicair.com\/tropic-air-tours\/lamanai-river-experience\/","og_site_name":"Tropic Air","article_modified_time":"2023-07-20T17:29:01+00:00","og_image":[{"url":"https:\/\/tropicair.com\/wp-content\/uploads\/2023\/02\/TropicAir-LamanaiRiverExperience-01.jpg","type":"","width":"","height":""}],"twitter_card":"summary_large_image","twitter_misc":{"Tiempo de lectura":"1 minuto"},"schema":{"@context":"https:\/\/schema.org","@graph":[{"@type":"WebPage","@id":"https:\/\/www.tropicair.com\/tropic-air-tours\/lamanai-river-experience\/","url":"https:\/\/www.tropicair.com\/tropic-air-tours\/lamanai-river-experience\/","name":"Experiencia en el r\u00edo Lamanai - Tropic Air","isPartOf":{"@id":"https:\/\/www.tropicair.com\/#website"},"primaryImageOfPage":{"@id":"https:\/\/www.tropicair.com\/tropic-air-tours\/lamanai-river-experience\/#primaryimage"},"image":{"@id":"https:\/\/www.tropicair.com\/tropic-air-tours\/lamanai-river-experience\/#primaryimage"},"thumbnailUrl":"https:\/\/tropicair.com\/wp-content\/uploads\/2023\/02\/TropicAir-LamanaiRiverExperience-01.jpg","datePublished":"2023-02-28T17:09:44+00:00","dateModified":"2023-07-20T17:29:01+00:00","breadcrumb":{"@id":"https:\/\/www.tropicair.com\/tropic-air-tours\/lamanai-river-experience\/#breadcrumb"},"inLanguage":"es","potentialAction":[{"@type":"ReadAction","target":["https:\/\/www.tropicair.com\/tropic-air-tours\/lamanai-river-experience\/"]}]},{"@type":"ImageObject","inLanguage":"es","@id":"https:\/\/www.tropicair.com\/tropic-air-tours\/lamanai-river-experience\/#primaryimage","url":"https:\/\/tropicair.com\/wp-content\/uploads\/2023\/02\/TropicAir-LamanaiRiverExperience-01.jpg","contentUrl":"https:\/\/tropicair.com\/wp-content\/uploads\/2023\/02\/TropicAir-LamanaiRiverExperience-01.jpg"},{"@type":"BreadcrumbList","@id":"https:\/\/www.tropicair.com\/tropic-air-tours\/lamanai-river-experience\/#breadcrumb","itemListElement":[{"@type":"ListItem","position":1,"name":"Home","item":"https:\/\/www.tropicair.com\/es\/"},{"@type":"ListItem","position":2,"name":"Experiencia en el r\u00edo Lamanai"}]},{"@type":"WebSite","@id":"https:\/\/www.tropicair.com\/#website","url":"https:\/\/www.tropicair.com\/","name":"Tropic Air","description":"The Airline of Belize","publisher":{"@id":"https:\/\/www.tropicair.com\/#organization"},"alternateName":"Tropic Air Belize","potentialAction":[{"@type":"SearchAction","target":{"@type":"EntryPoint","urlTemplate":"https:\/\/www.tropicair.com\/?s={search_term_string}"},"query-input":{"@type":"PropertyValueSpecification","valueRequired":true,"valueName":"search_term_string"}}],"inLanguage":"es"},{"@type":"Organization","@id":"https:\/\/www.tropicair.com\/#organization","name":"Tropic Air","url":"https:\/\/www.tropicair.com\/","logo":{"@type":"ImageObject","inLanguage":"es","@id":"https:\/\/www.tropicair.com\/#\/schema\/logo\/image\/","url":"https:\/\/i0.wp.com\/www.tropicair.com\/wp-content\/uploads\/2025\/08\/2025-TROPIC-AIR-LOGO-400x.png?fit=400%2C69&ssl=1","contentUrl":"https:\/\/i0.wp.com\/www.tropicair.com\/wp-content\/uploads\/2025\/08\/2025-TROPIC-AIR-LOGO-400x.png?fit=400%2C69&ssl=1","width":400,"height":69,"caption":"Tropic Air"},"image":{"@id":"https:\/\/www.tropicair.com\/#\/schema\/logo\/image\/"}}]}},"jetpack_sharing_enabled":true,"_links":{"self":[{"href":"https:\/\/www.tropicair.com\/es\/wp-json\/wp\/v2\/pages\/11440","targetHints":{"allow":["GET"]}}],"collection":[{"href":"https:\/\/www.tropicair.com\/es\/wp-json\/wp\/v2\/pages"}],"about":[{"href":"https:\/\/www.tropicair.com\/es\/wp-json\/wp\/v2\/types\/page"}],"author":[{"embeddable":true,"href":"https:\/\/www.tropicair.com\/es\/wp-json\/wp\/v2\/users\/1"}],"replies":[{"embeddable":true,"href":"https:\/\/www.tropicair.com\/es\/wp-json\/wp\/v2\/comments?post=11440"}],"version-history":[{"count":4,"href":"https:\/\/www.tropicair.com\/es\/wp-json\/wp\/v2\/pages\/11440\/revisions"}],"predecessor-version":[{"id":11445,"href":"https:\/\/www.tropicair.com\/es\/wp-json\/wp\/v2\/pages\/11440\/revisions\/11445"}],"wp:attachment":[{"href":"https:\/\/www.tropicair.com\/es\/wp-json\/wp\/v2\/media?parent=11440"}],"curies":[{"name":"wp","href":"https:\/\/api.w.org\/{rel}","templated":true}]}}