{"id":11419,"date":"2023-06-05T09:53:19","date_gmt":"2023-06-05T15:53:19","guid":{"rendered":"https:\/\/tropicair.com\/?page_id=11419"},"modified":"2024-06-11T10:00:57","modified_gmt":"2024-06-11T16:00:57","slug":"san-pedro-sula-honduras","status":"publish","type":"page","link":"https:\/\/www.tropicair.com\/es\/san-pedro-sula-honduras\/","title":{"rendered":"San Pedro Sula, Honduras (SAP)"},"content":{"rendered":"\t\t<div data-elementor-type=\"wp-page\" data-elementor-id=\"11419\" class=\"elementor elementor-11419 elementor-10553\" data-elementor-post-type=\"page\">\n\t\t\t\t\t\t<section class=\"elementor-section elementor-top-section elementor-element elementor-element-7b1cbf5 elementor-section-boxed elementor-section-height-default elementor-section-height-default\" data-id=\"7b1cbf5\" data-element_type=\"section\" data-e-type=\"section\">\n\t\t\t\t\t\t<div class=\"elementor-container elementor-column-gap-default\">\n\t\t\t\t\t<div class=\"elementor-column elementor-col-100 elementor-top-column elementor-element elementor-element-546daf15\" data-id=\"546daf15\" data-element_type=\"column\" data-e-type=\"column\">\n\t\t\t<div class=\"elementor-widget-wrap elementor-element-populated\">\n\t\t\t\t\t\t<div class=\"elementor-element elementor-element-5f8d02d0 elementor-widget elementor-widget-heading\" data-id=\"5f8d02d0\" data-element_type=\"widget\" data-e-type=\"widget\" data-widget_type=\"heading.default\">\n\t\t\t\t<div class=\"elementor-widget-container\">\n\t\t\t\t\t<h1 class=\"elementor-heading-title elementor-size-default\">San Pedro Sula, Honduras (SAP)<\/h1>\t\t\t\t<\/div>\n\t\t\t\t<\/div>\n\t\t\t\t\t<\/div>\n\t\t<\/div>\n\t\t\t\t\t<\/div>\n\t\t<\/section>\n\t\t\t\t<section class=\"elementor-section elementor-top-section elementor-element elementor-element-66198035 elementor-section-boxed elementor-section-height-default elementor-section-height-default\" data-id=\"66198035\" data-element_type=\"section\" data-e-type=\"section\">\n\t\t\t\t\t\t<div class=\"elementor-container elementor-column-gap-default\">\n\t\t\t\t\t<div class=\"elementor-column elementor-col-100 elementor-top-column elementor-element elementor-element-2764b305\" data-id=\"2764b305\" data-element_type=\"column\" data-e-type=\"column\">\n\t\t\t<div class=\"elementor-widget-wrap elementor-element-populated\">\n\t\t\t\t\t\t<div class=\"elementor-element elementor-element-44514ce9 elementor-widget elementor-widget-text-editor\" data-id=\"44514ce9\" data-element_type=\"widget\" data-e-type=\"widget\" data-widget_type=\"text-editor.default\">\n\t\t\t\t<div class=\"elementor-widget-container\">\n\t\t\t\t\t\t\t\t\t<p>San Pedro Sula est\u00e1 ubicado en la esquina noroeste de Honduras, a unos 60 km al sur de la costa del Caribe. Con una poblaci\u00f3n estimada de 802,598 en su \u00e1rea metropolitana (2010), es la segunda ciudad m\u00e1s grande, despu\u00e9s de la capital, Tegucigalpa. Se considera el centro industrial de Honduras y sirve como la capital de su regi\u00f3n.<\/p><p>La ciudad sirve como un importante centro de transporte para el resto del pa\u00eds, manteniendo econ\u00f3micamente su base en la industria ligera y la producci\u00f3n comercial de caf\u00e9, bananas, carne vacuna, ca\u00f1a de az\u00facar, tabaco y silvicultura. San Pedro Sula genera dos tercios del PIB de Honduras y ofrece algunas de las mejores tiendas de Centroam\u00e9rica.<\/p>\t\t\t\t\t\t\t\t<\/div>\n\t\t\t\t<\/div>\n\t\t\t\t\t<\/div>\n\t\t<\/div>\n\t\t\t\t\t<\/div>\n\t\t<\/section>\n\t\t\t\t<\/div>\n\t\t","protected":false},"excerpt":{"rendered":"<p>San Pedro Sula, Honduras (SAP) San Pedro Sula est\u00e1 ubicado en la esquina noroeste de Honduras, a unos 60 km al sur de la costa del Caribe. Con una poblaci\u00f3n estimada de 802,598 en su \u00e1rea metropolitana (2010), es la [&hellip;]<\/p>\n","protected":false},"author":1,"featured_media":10556,"parent":0,"menu_order":0,"comment_status":"closed","ping_status":"closed","template":"","meta":{"footnotes":""},"class_list":["post-11419","page","type-page","status-publish","has-post-thumbnail","hentry","entry"],"yoast_head":"<!-- This site is optimized with the Yoast SEO plugin v27.5 - https:\/\/yoast.com\/product\/yoast-seo-wordpress\/ -->\n<title>San Pedro Sula, Honduras (SAP) - Tropic Air<\/title>\n<meta name=\"robots\" content=\"index, follow, max-snippet:-1, max-image-preview:large, max-video-preview:-1\" \/>\n<link rel=\"canonical\" href=\"https:\/\/www.tropicair.com\/san-pedro-sula-honduras\/\" \/>\n<meta property=\"og:locale\" content=\"es_ES\" \/>\n<meta property=\"og:type\" content=\"article\" \/>\n<meta property=\"og:title\" content=\"San Pedro Sula, Honduras (SAP) - Tropic Air\" \/>\n<meta property=\"og:description\" content=\"San Pedro Sula, Honduras (SAP) San Pedro Sula est\u00e1 ubicado en la esquina noroeste de Honduras, a unos 60 km al sur de la costa del Caribe. Con una poblaci\u00f3n estimada de 802,598 en su \u00e1rea metropolitana (2010), es la [&hellip;]\" \/>\n<meta property=\"og:url\" content=\"https:\/\/www.tropicair.com\/san-pedro-sula-honduras\/\" \/>\n<meta property=\"og:site_name\" content=\"Tropic Air\" \/>\n<meta property=\"article:modified_time\" content=\"2024-06-11T16:00:57+00:00\" \/>\n<meta property=\"og:image\" content=\"https:\/\/i0.wp.com\/www.tropicair.com\/wp-content\/uploads\/2023\/06\/SanPedroSula-HeaderImage.jpg?fit=1920%2C800&ssl=1\" \/>\n\t<meta property=\"og:image:width\" content=\"1920\" \/>\n\t<meta property=\"og:image:height\" content=\"800\" \/>\n\t<meta property=\"og:image:type\" content=\"image\/jpeg\" \/>\n<meta name=\"twitter:card\" content=\"summary_large_image\" \/>\n<meta name=\"twitter:label1\" content=\"Tiempo de lectura\" \/>\n\t<meta name=\"twitter:data1\" content=\"1 minuto\" \/>\n<script type=\"application\/ld+json\" class=\"yoast-schema-graph\">{\"@context\":\"https:\\\/\\\/schema.org\",\"@graph\":[{\"@type\":\"WebPage\",\"@id\":\"https:\\\/\\\/www.tropicair.com\\\/san-pedro-sula-honduras\\\/\",\"url\":\"https:\\\/\\\/www.tropicair.com\\\/san-pedro-sula-honduras\\\/\",\"name\":\"San Pedro Sula, Honduras (SAP) - Tropic Air\",\"isPartOf\":{\"@id\":\"https:\\\/\\\/www.tropicair.com\\\/#website\"},\"primaryImageOfPage\":{\"@id\":\"https:\\\/\\\/www.tropicair.com\\\/san-pedro-sula-honduras\\\/#primaryimage\"},\"image\":{\"@id\":\"https:\\\/\\\/www.tropicair.com\\\/san-pedro-sula-honduras\\\/#primaryimage\"},\"thumbnailUrl\":\"https:\\\/\\\/i0.wp.com\\\/www.tropicair.com\\\/wp-content\\\/uploads\\\/2023\\\/06\\\/SanPedroSula-HeaderImage.jpg?fit=1920%2C800&ssl=1\",\"datePublished\":\"2023-06-05T15:53:19+00:00\",\"dateModified\":\"2024-06-11T16:00:57+00:00\",\"breadcrumb\":{\"@id\":\"https:\\\/\\\/www.tropicair.com\\\/san-pedro-sula-honduras\\\/#breadcrumb\"},\"inLanguage\":\"es\",\"potentialAction\":[{\"@type\":\"ReadAction\",\"target\":[\"https:\\\/\\\/www.tropicair.com\\\/san-pedro-sula-honduras\\\/\"]}]},{\"@type\":\"ImageObject\",\"inLanguage\":\"es\",\"@id\":\"https:\\\/\\\/www.tropicair.com\\\/san-pedro-sula-honduras\\\/#primaryimage\",\"url\":\"https:\\\/\\\/i0.wp.com\\\/www.tropicair.com\\\/wp-content\\\/uploads\\\/2023\\\/06\\\/SanPedroSula-HeaderImage.jpg?fit=1920%2C800&ssl=1\",\"contentUrl\":\"https:\\\/\\\/i0.wp.com\\\/www.tropicair.com\\\/wp-content\\\/uploads\\\/2023\\\/06\\\/SanPedroSula-HeaderImage.jpg?fit=1920%2C800&ssl=1\",\"width\":1920,\"height\":800},{\"@type\":\"BreadcrumbList\",\"@id\":\"https:\\\/\\\/www.tropicair.com\\\/san-pedro-sula-honduras\\\/#breadcrumb\",\"itemListElement\":[{\"@type\":\"ListItem\",\"position\":1,\"name\":\"Home\",\"item\":\"https:\\\/\\\/www.tropicair.com\\\/es\\\/\"},{\"@type\":\"ListItem\",\"position\":2,\"name\":\"San Pedro Sula, Honduras (SAP)\"}]},{\"@type\":\"WebSite\",\"@id\":\"https:\\\/\\\/www.tropicair.com\\\/#website\",\"url\":\"https:\\\/\\\/www.tropicair.com\\\/\",\"name\":\"Tropic Air\",\"description\":\"The Airline of Belize\",\"publisher\":{\"@id\":\"https:\\\/\\\/www.tropicair.com\\\/#organization\"},\"alternateName\":\"Tropic Air Belize\",\"potentialAction\":[{\"@type\":\"SearchAction\",\"target\":{\"@type\":\"EntryPoint\",\"urlTemplate\":\"https:\\\/\\\/www.tropicair.com\\\/?s={search_term_string}\"},\"query-input\":{\"@type\":\"PropertyValueSpecification\",\"valueRequired\":true,\"valueName\":\"search_term_string\"}}],\"inLanguage\":\"es\"},{\"@type\":\"Organization\",\"@id\":\"https:\\\/\\\/www.tropicair.com\\\/#organization\",\"name\":\"Tropic Air\",\"url\":\"https:\\\/\\\/www.tropicair.com\\\/\",\"logo\":{\"@type\":\"ImageObject\",\"inLanguage\":\"es\",\"@id\":\"https:\\\/\\\/www.tropicair.com\\\/#\\\/schema\\\/logo\\\/image\\\/\",\"url\":\"https:\\\/\\\/i0.wp.com\\\/www.tropicair.com\\\/wp-content\\\/uploads\\\/2025\\\/08\\\/2025-TROPIC-AIR-LOGO-400x.png?fit=400%2C69&ssl=1\",\"contentUrl\":\"https:\\\/\\\/i0.wp.com\\\/www.tropicair.com\\\/wp-content\\\/uploads\\\/2025\\\/08\\\/2025-TROPIC-AIR-LOGO-400x.png?fit=400%2C69&ssl=1\",\"width\":400,\"height\":69,\"caption\":\"Tropic Air\"},\"image\":{\"@id\":\"https:\\\/\\\/www.tropicair.com\\\/#\\\/schema\\\/logo\\\/image\\\/\"}}]}<\/script>\n<!-- \/ Yoast SEO plugin. -->","yoast_head_json":{"title":"San Pedro Sula, Honduras (SAP) - Tropic Air","robots":{"index":"index","follow":"follow","max-snippet":"max-snippet:-1","max-image-preview":"max-image-preview:large","max-video-preview":"max-video-preview:-1"},"canonical":"https:\/\/www.tropicair.com\/san-pedro-sula-honduras\/","og_locale":"es_ES","og_type":"article","og_title":"San Pedro Sula, Honduras (SAP) - Tropic Air","og_description":"San Pedro Sula, Honduras (SAP) San Pedro Sula est\u00e1 ubicado en la esquina noroeste de Honduras, a unos 60 km al sur de la costa del Caribe. Con una poblaci\u00f3n estimada de 802,598 en su \u00e1rea metropolitana (2010), es la [&hellip;]","og_url":"https:\/\/www.tropicair.com\/san-pedro-sula-honduras\/","og_site_name":"Tropic Air","article_modified_time":"2024-06-11T16:00:57+00:00","og_image":[{"width":1920,"height":800,"url":"https:\/\/i0.wp.com\/www.tropicair.com\/wp-content\/uploads\/2023\/06\/SanPedroSula-HeaderImage.jpg?fit=1920%2C800&ssl=1","type":"image\/jpeg"}],"twitter_card":"summary_large_image","twitter_misc":{"Tiempo de lectura":"1 minuto"},"schema":{"@context":"https:\/\/schema.org","@graph":[{"@type":"WebPage","@id":"https:\/\/www.tropicair.com\/san-pedro-sula-honduras\/","url":"https:\/\/www.tropicair.com\/san-pedro-sula-honduras\/","name":"San Pedro Sula, Honduras (SAP) - Tropic Air","isPartOf":{"@id":"https:\/\/www.tropicair.com\/#website"},"primaryImageOfPage":{"@id":"https:\/\/www.tropicair.com\/san-pedro-sula-honduras\/#primaryimage"},"image":{"@id":"https:\/\/www.tropicair.com\/san-pedro-sula-honduras\/#primaryimage"},"thumbnailUrl":"https:\/\/i0.wp.com\/www.tropicair.com\/wp-content\/uploads\/2023\/06\/SanPedroSula-HeaderImage.jpg?fit=1920%2C800&ssl=1","datePublished":"2023-06-05T15:53:19+00:00","dateModified":"2024-06-11T16:00:57+00:00","breadcrumb":{"@id":"https:\/\/www.tropicair.com\/san-pedro-sula-honduras\/#breadcrumb"},"inLanguage":"es","potentialAction":[{"@type":"ReadAction","target":["https:\/\/www.tropicair.com\/san-pedro-sula-honduras\/"]}]},{"@type":"ImageObject","inLanguage":"es","@id":"https:\/\/www.tropicair.com\/san-pedro-sula-honduras\/#primaryimage","url":"https:\/\/i0.wp.com\/www.tropicair.com\/wp-content\/uploads\/2023\/06\/SanPedroSula-HeaderImage.jpg?fit=1920%2C800&ssl=1","contentUrl":"https:\/\/i0.wp.com\/www.tropicair.com\/wp-content\/uploads\/2023\/06\/SanPedroSula-HeaderImage.jpg?fit=1920%2C800&ssl=1","width":1920,"height":800},{"@type":"BreadcrumbList","@id":"https:\/\/www.tropicair.com\/san-pedro-sula-honduras\/#breadcrumb","itemListElement":[{"@type":"ListItem","position":1,"name":"Home","item":"https:\/\/www.tropicair.com\/es\/"},{"@type":"ListItem","position":2,"name":"San Pedro Sula, Honduras (SAP)"}]},{"@type":"WebSite","@id":"https:\/\/www.tropicair.com\/#website","url":"https:\/\/www.tropicair.com\/","name":"Tropic Air","description":"The Airline of Belize","publisher":{"@id":"https:\/\/www.tropicair.com\/#organization"},"alternateName":"Tropic Air Belize","potentialAction":[{"@type":"SearchAction","target":{"@type":"EntryPoint","urlTemplate":"https:\/\/www.tropicair.com\/?s={search_term_string}"},"query-input":{"@type":"PropertyValueSpecification","valueRequired":true,"valueName":"search_term_string"}}],"inLanguage":"es"},{"@type":"Organization","@id":"https:\/\/www.tropicair.com\/#organization","name":"Tropic Air","url":"https:\/\/www.tropicair.com\/","logo":{"@type":"ImageObject","inLanguage":"es","@id":"https:\/\/www.tropicair.com\/#\/schema\/logo\/image\/","url":"https:\/\/i0.wp.com\/www.tropicair.com\/wp-content\/uploads\/2025\/08\/2025-TROPIC-AIR-LOGO-400x.png?fit=400%2C69&ssl=1","contentUrl":"https:\/\/i0.wp.com\/www.tropicair.com\/wp-content\/uploads\/2025\/08\/2025-TROPIC-AIR-LOGO-400x.png?fit=400%2C69&ssl=1","width":400,"height":69,"caption":"Tropic Air"},"image":{"@id":"https:\/\/www.tropicair.com\/#\/schema\/logo\/image\/"}}]}},"jetpack_sharing_enabled":true,"_links":{"self":[{"href":"https:\/\/www.tropicair.com\/es\/wp-json\/wp\/v2\/pages\/11419","targetHints":{"allow":["GET"]}}],"collection":[{"href":"https:\/\/www.tropicair.com\/es\/wp-json\/wp\/v2\/pages"}],"about":[{"href":"https:\/\/www.tropicair.com\/es\/wp-json\/wp\/v2\/types\/page"}],"author":[{"embeddable":true,"href":"https:\/\/www.tropicair.com\/es\/wp-json\/wp\/v2\/users\/1"}],"replies":[{"embeddable":true,"href":"https:\/\/www.tropicair.com\/es\/wp-json\/wp\/v2\/comments?post=11419"}],"version-history":[{"count":5,"href":"https:\/\/www.tropicair.com\/es\/wp-json\/wp\/v2\/pages\/11419\/revisions"}],"predecessor-version":[{"id":12680,"href":"https:\/\/www.tropicair.com\/es\/wp-json\/wp\/v2\/pages\/11419\/revisions\/12680"}],"wp:featuredmedia":[{"embeddable":true,"href":"https:\/\/www.tropicair.com\/es\/wp-json\/wp\/v2\/media\/10556"}],"wp:attachment":[{"href":"https:\/\/www.tropicair.com\/es\/wp-json\/wp\/v2\/media?parent=11419"}],"curies":[{"name":"wp","href":"https:\/\/api.w.org\/{rel}","templated":true}]}}