{"id":11414,"date":"2023-02-13T14:49:54","date_gmt":"2023-02-13T20:49:54","guid":{"rendered":"https:\/\/tropicair.com\/?page_id=11414"},"modified":"2024-06-11T10:00:39","modified_gmt":"2024-06-11T16:00:39","slug":"san-pedro","status":"publish","type":"page","link":"https:\/\/www.tropicair.com\/es\/san-pedro\/","title":{"rendered":"San Pedro (SPR)"},"content":{"rendered":"\t\t<div data-elementor-type=\"wp-page\" data-elementor-id=\"11414\" class=\"elementor elementor-11414 elementor-9117\" data-elementor-post-type=\"page\">\n\t\t\t\t\t\t<section class=\"elementor-section elementor-top-section elementor-element elementor-element-1e88927 elementor-section-boxed elementor-section-height-default elementor-section-height-default\" data-id=\"1e88927\" data-element_type=\"section\" data-e-type=\"section\">\n\t\t\t\t\t\t<div class=\"elementor-container elementor-column-gap-default\">\n\t\t\t\t\t<div class=\"elementor-column elementor-col-100 elementor-top-column elementor-element elementor-element-a86801c\" data-id=\"a86801c\" data-element_type=\"column\" data-e-type=\"column\">\n\t\t\t<div class=\"elementor-widget-wrap elementor-element-populated\">\n\t\t\t\t\t\t<div class=\"elementor-element elementor-element-dc73cc2 elementor-widget elementor-widget-heading\" data-id=\"dc73cc2\" data-element_type=\"widget\" data-e-type=\"widget\" data-widget_type=\"heading.default\">\n\t\t\t\t<div class=\"elementor-widget-container\">\n\t\t\t\t\t<h1 class=\"elementor-heading-title elementor-size-default\">San Pedro (SPR)<\/h1>\t\t\t\t<\/div>\n\t\t\t\t<\/div>\n\t\t\t\t\t<\/div>\n\t\t<\/div>\n\t\t\t\t\t<\/div>\n\t\t<\/section>\n\t\t\t\t<section class=\"elementor-section elementor-top-section elementor-element elementor-element-f5e1753 elementor-section-boxed elementor-section-height-default elementor-section-height-default\" data-id=\"f5e1753\" data-element_type=\"section\" data-e-type=\"section\">\n\t\t\t\t\t\t<div class=\"elementor-container elementor-column-gap-default\">\n\t\t\t\t\t<div class=\"elementor-column elementor-col-100 elementor-top-column elementor-element elementor-element-21c9417\" data-id=\"21c9417\" data-element_type=\"column\" data-e-type=\"column\">\n\t\t\t<div class=\"elementor-widget-wrap elementor-element-populated\">\n\t\t\t\t\t\t<div class=\"elementor-element elementor-element-ac756a3 elementor-widget elementor-widget-text-editor\" data-id=\"ac756a3\" data-element_type=\"widget\" data-e-type=\"widget\" data-widget_type=\"text-editor.default\">\n\t\t\t\t<div class=\"elementor-widget-container\">\n\t\t\t\t\t\t\t\t\t<p>San Pedro es la ciudad principal de Cayo Ambergris, el m\u00e1s septentrional y el m\u00e1s grande de los 200 cayos frente a la costa de Belice. La barrera de coral est\u00e1 a solo 20 minutos en bote, lo que lo convierte en un destino de pesca, buceo y esn\u00f3rquel de clase mundial.<\/p>\t\t\t\t\t\t\t\t<\/div>\n\t\t\t\t<\/div>\n\t\t\t\t\t<\/div>\n\t\t<\/div>\n\t\t\t\t\t<\/div>\n\t\t<\/section>\n\t\t\t\t<section class=\"elementor-section elementor-top-section elementor-element elementor-element-8125bff elementor-section-boxed elementor-section-height-default elementor-section-height-default\" data-id=\"8125bff\" data-element_type=\"section\" data-e-type=\"section\">\n\t\t\t\t\t\t<div class=\"elementor-container elementor-column-gap-default\">\n\t\t\t\t\t<div class=\"elementor-column elementor-col-50 elementor-top-column elementor-element elementor-element-188f391\" data-id=\"188f391\" data-element_type=\"column\" data-e-type=\"column\">\n\t\t\t<div class=\"elementor-widget-wrap elementor-element-populated\">\n\t\t\t\t\t\t<div class=\"elementor-element elementor-element-4a766c6 elementor-widget elementor-widget-image\" data-id=\"4a766c6\" data-element_type=\"widget\" data-e-type=\"widget\" data-widget_type=\"image.default\">\n\t\t\t\t<div class=\"elementor-widget-container\">\n\t\t\t\t\t\t\t\t\t\t\t\t\t\t\t<img fetchpriority=\"high\" decoding=\"async\" width=\"800\" height=\"533\" src=\"https:\/\/i0.wp.com\/www.tropicair.com\/wp-content\/uploads\/2023\/02\/SanPedro-01.jpg?fit=800%2C533&amp;ssl=1\" class=\"attachment-large size-large wp-image-9951\" alt=\"\" srcset=\"https:\/\/i0.wp.com\/www.tropicair.com\/wp-content\/uploads\/2023\/02\/SanPedro-01.jpg?w=800&amp;ssl=1 800w, https:\/\/i0.wp.com\/www.tropicair.com\/wp-content\/uploads\/2023\/02\/SanPedro-01.jpg?resize=300%2C200&amp;ssl=1 300w, https:\/\/i0.wp.com\/www.tropicair.com\/wp-content\/uploads\/2023\/02\/SanPedro-01.jpg?resize=768%2C512&amp;ssl=1 768w, https:\/\/i0.wp.com\/www.tropicair.com\/wp-content\/uploads\/2023\/02\/SanPedro-01.jpg?resize=600%2C400&amp;ssl=1 600w\" sizes=\"(max-width: 800px) 100vw, 800px\" \/>\t\t\t\t\t\t\t\t\t\t\t\t\t\t\t<\/div>\n\t\t\t\t<\/div>\n\t\t\t\t\t<\/div>\n\t\t<\/div>\n\t\t\t\t<div class=\"elementor-column elementor-col-50 elementor-top-column elementor-element elementor-element-cd53584\" data-id=\"cd53584\" data-element_type=\"column\" data-e-type=\"column\">\n\t\t\t<div class=\"elementor-widget-wrap elementor-element-populated\">\n\t\t\t\t\t\t<div class=\"elementor-element elementor-element-ed4089f elementor-widget elementor-widget-image\" data-id=\"ed4089f\" data-element_type=\"widget\" data-e-type=\"widget\" data-widget_type=\"image.default\">\n\t\t\t\t<div class=\"elementor-widget-container\">\n\t\t\t\t\t\t\t\t\t\t\t\t\t\t\t<img decoding=\"async\" width=\"800\" height=\"533\" src=\"https:\/\/i0.wp.com\/www.tropicair.com\/wp-content\/uploads\/2023\/02\/SanPedro-02.jpg?fit=800%2C533&amp;ssl=1\" class=\"attachment-large size-large wp-image-9953\" alt=\"\" srcset=\"https:\/\/i0.wp.com\/www.tropicair.com\/wp-content\/uploads\/2023\/02\/SanPedro-02.jpg?w=800&amp;ssl=1 800w, https:\/\/i0.wp.com\/www.tropicair.com\/wp-content\/uploads\/2023\/02\/SanPedro-02.jpg?resize=300%2C200&amp;ssl=1 300w, https:\/\/i0.wp.com\/www.tropicair.com\/wp-content\/uploads\/2023\/02\/SanPedro-02.jpg?resize=768%2C512&amp;ssl=1 768w, https:\/\/i0.wp.com\/www.tropicair.com\/wp-content\/uploads\/2023\/02\/SanPedro-02.jpg?resize=600%2C400&amp;ssl=1 600w\" sizes=\"(max-width: 800px) 100vw, 800px\" \/>\t\t\t\t\t\t\t\t\t\t\t\t\t\t\t<\/div>\n\t\t\t\t<\/div>\n\t\t\t\t\t<\/div>\n\t\t<\/div>\n\t\t\t\t\t<\/div>\n\t\t<\/section>\n\t\t\t\t<section class=\"elementor-section elementor-top-section elementor-element elementor-element-16aeae7 elementor-section-boxed elementor-section-height-default elementor-section-height-default\" data-id=\"16aeae7\" data-element_type=\"section\" data-e-type=\"section\">\n\t\t\t\t\t\t<div class=\"elementor-container elementor-column-gap-default\">\n\t\t\t\t\t<div class=\"elementor-column elementor-col-100 elementor-top-column elementor-element elementor-element-8939519\" data-id=\"8939519\" data-element_type=\"column\" data-e-type=\"column\">\n\t\t\t<div class=\"elementor-widget-wrap elementor-element-populated\">\n\t\t\t\t\t\t<div class=\"elementor-element elementor-element-2d27b25 elementor-widget elementor-widget-text-editor\" data-id=\"2d27b25\" data-element_type=\"widget\" data-e-type=\"widget\" data-widget_type=\"text-editor.default\">\n\t\t\t\t<div class=\"elementor-widget-container\">\n\t\t\t\t\t\t\t\t\t<div class=\"wpb_text_column wpb_content_element \"><div class=\"wpb_wrapper\"><p>La Reserva Marina Hol Chan es el sue\u00f1o de un buceador, lleno de bancos de peces, grandes y peque\u00f1os. Shark-Ray Alley permite a los visitantes conocer de cerca a los amistosos tiburones nodriza y rayas. Las aguas claras y poco profundas de la isla y los vientos predominantes son ideales para practicar windsurf, vela y kitesurf. Al norte de la isla, la Reserva de Bacalar Chico es un para\u00edso para los aventureros. La laguna en el lado occidental de la isla brinda una excelente oportunidad para la observaci\u00f3n de aves y la pesca plana de s\u00e1balo, macab\u00ed y palometa. Incluso hay un peque\u00f1o sitio maya, Marco Gonz\u00e1lez, en el extremo sur de la isla.<\/p><p>La ciudad de San Pedro tiene un ambiente \u00fanico y ofrece cocina internacional sofisticada en restaurantes junto a la playa, combinados con caf\u00e9s y bares locales que sirven comidas y bebidas tradicionales de Belice.<\/p><p>La isla tambi\u00e9n alberga muchos hoteles, spas, operadores tur\u00edsticos y resorts galardonados. Las calles de la ciudad se llenan de artistas y artesanos locales que exhiben sus productos. Lo mejor de todo es que tambi\u00e9n es el lugar al que Tropic Air llama hogar.<\/p><\/div><\/div>\t\t\t\t\t\t\t\t<\/div>\n\t\t\t\t<\/div>\n\t\t\t\t\t<\/div>\n\t\t<\/div>\n\t\t\t\t\t<\/div>\n\t\t<\/section>\n\t\t\t\t<section class=\"elementor-section elementor-top-section elementor-element elementor-element-fe3d6a3 elementor-section-boxed elementor-section-height-default elementor-section-height-default\" data-id=\"fe3d6a3\" data-element_type=\"section\" data-e-type=\"section\">\n\t\t\t\t\t\t<div class=\"elementor-container elementor-column-gap-default\">\n\t\t\t\t\t<div class=\"elementor-column elementor-col-100 elementor-top-column elementor-element elementor-element-a0a8772\" data-id=\"a0a8772\" data-element_type=\"column\" data-e-type=\"column\">\n\t\t\t<div class=\"elementor-widget-wrap elementor-element-populated\">\n\t\t\t\t\t\t<div class=\"elementor-element elementor-element-67b0b7b elementor-widget elementor-widget-image\" data-id=\"67b0b7b\" data-element_type=\"widget\" data-e-type=\"widget\" data-widget_type=\"image.default\">\n\t\t\t\t<div class=\"elementor-widget-container\">\n\t\t\t\t\t\t\t\t\t\t\t\t\t\t\t<img decoding=\"async\" width=\"1000\" height=\"500\" src=\"https:\/\/i0.wp.com\/www.tropicair.com\/wp-content\/uploads\/2023\/02\/BZE-SPR-desttraveltimegraph-01.png?fit=1000%2C500&amp;ssl=1\" class=\"attachment-large size-large wp-image-9949\" alt=\"\" srcset=\"https:\/\/i0.wp.com\/www.tropicair.com\/wp-content\/uploads\/2023\/02\/BZE-SPR-desttraveltimegraph-01.png?w=1000&amp;ssl=1 1000w, https:\/\/i0.wp.com\/www.tropicair.com\/wp-content\/uploads\/2023\/02\/BZE-SPR-desttraveltimegraph-01.png?resize=300%2C150&amp;ssl=1 300w, https:\/\/i0.wp.com\/www.tropicair.com\/wp-content\/uploads\/2023\/02\/BZE-SPR-desttraveltimegraph-01.png?resize=768%2C384&amp;ssl=1 768w, https:\/\/i0.wp.com\/www.tropicair.com\/wp-content\/uploads\/2023\/02\/BZE-SPR-desttraveltimegraph-01.png?resize=600%2C300&amp;ssl=1 600w\" sizes=\"(max-width: 1000px) 100vw, 1000px\" \/>\t\t\t\t\t\t\t\t\t\t\t\t\t\t\t<\/div>\n\t\t\t\t<\/div>\n\t\t\t\t\t<\/div>\n\t\t<\/div>\n\t\t\t\t\t<\/div>\n\t\t<\/section>\n\t\t\t\t<\/div>\n\t\t","protected":false},"excerpt":{"rendered":"<p>San Pedro (SPR) San Pedro es la ciudad principal de Cayo Ambergris, el m\u00e1s septentrional y el m\u00e1s grande de los 200 cayos frente a la costa de Belice. La barrera de coral est\u00e1 a solo 20 minutos en bote, [&hellip;]<\/p>\n","protected":false},"author":1,"featured_media":9947,"parent":0,"menu_order":0,"comment_status":"closed","ping_status":"closed","template":"","meta":{"footnotes":""},"class_list":["post-11414","page","type-page","status-publish","has-post-thumbnail","hentry","entry"],"yoast_head":"<!-- This site is optimized with the Yoast SEO plugin v27.5 - https:\/\/yoast.com\/product\/yoast-seo-wordpress\/ -->\n<title>San Pedro (SPR) - Tropic Air<\/title>\n<meta name=\"robots\" content=\"index, follow, max-snippet:-1, max-image-preview:large, max-video-preview:-1\" \/>\n<link rel=\"canonical\" href=\"https:\/\/www.tropicair.com\/san-pedro\/\" \/>\n<meta property=\"og:locale\" content=\"es_ES\" \/>\n<meta property=\"og:type\" content=\"article\" \/>\n<meta property=\"og:title\" content=\"San Pedro (SPR) - Tropic Air\" \/>\n<meta property=\"og:description\" content=\"San Pedro (SPR) San Pedro es la ciudad principal de Cayo Ambergris, el m\u00e1s septentrional y el m\u00e1s grande de los 200 cayos frente a la costa de Belice. La barrera de coral est\u00e1 a solo 20 minutos en bote, [&hellip;]\" \/>\n<meta property=\"og:url\" content=\"https:\/\/www.tropicair.com\/san-pedro\/\" \/>\n<meta property=\"og:site_name\" content=\"Tropic Air\" \/>\n<meta property=\"article:modified_time\" content=\"2024-06-11T16:00:39+00:00\" \/>\n<meta property=\"og:image\" content=\"https:\/\/i0.wp.com\/www.tropicair.com\/wp-content\/uploads\/2023\/02\/Destination-SanPedro-FeaturedImage.jpg?fit=900%2C600&ssl=1\" \/>\n\t<meta property=\"og:image:width\" content=\"900\" \/>\n\t<meta property=\"og:image:height\" content=\"600\" \/>\n\t<meta property=\"og:image:type\" content=\"image\/jpeg\" \/>\n<meta name=\"twitter:card\" content=\"summary_large_image\" \/>\n<meta name=\"twitter:label1\" content=\"Tiempo de lectura\" \/>\n\t<meta name=\"twitter:data1\" content=\"1 minuto\" \/>\n<script type=\"application\/ld+json\" class=\"yoast-schema-graph\">{\"@context\":\"https:\\\/\\\/schema.org\",\"@graph\":[{\"@type\":\"WebPage\",\"@id\":\"https:\\\/\\\/www.tropicair.com\\\/san-pedro\\\/\",\"url\":\"https:\\\/\\\/www.tropicair.com\\\/san-pedro\\\/\",\"name\":\"San Pedro (SPR) - Tropic Air\",\"isPartOf\":{\"@id\":\"https:\\\/\\\/www.tropicair.com\\\/#website\"},\"primaryImageOfPage\":{\"@id\":\"https:\\\/\\\/www.tropicair.com\\\/san-pedro\\\/#primaryimage\"},\"image\":{\"@id\":\"https:\\\/\\\/www.tropicair.com\\\/san-pedro\\\/#primaryimage\"},\"thumbnailUrl\":\"https:\\\/\\\/i0.wp.com\\\/www.tropicair.com\\\/wp-content\\\/uploads\\\/2023\\\/02\\\/Destination-SanPedro-FeaturedImage.jpg?fit=900%2C600&ssl=1\",\"datePublished\":\"2023-02-13T20:49:54+00:00\",\"dateModified\":\"2024-06-11T16:00:39+00:00\",\"breadcrumb\":{\"@id\":\"https:\\\/\\\/www.tropicair.com\\\/san-pedro\\\/#breadcrumb\"},\"inLanguage\":\"es\",\"potentialAction\":[{\"@type\":\"ReadAction\",\"target\":[\"https:\\\/\\\/www.tropicair.com\\\/san-pedro\\\/\"]}]},{\"@type\":\"ImageObject\",\"inLanguage\":\"es\",\"@id\":\"https:\\\/\\\/www.tropicair.com\\\/san-pedro\\\/#primaryimage\",\"url\":\"https:\\\/\\\/i0.wp.com\\\/www.tropicair.com\\\/wp-content\\\/uploads\\\/2023\\\/02\\\/Destination-SanPedro-FeaturedImage.jpg?fit=900%2C600&ssl=1\",\"contentUrl\":\"https:\\\/\\\/i0.wp.com\\\/www.tropicair.com\\\/wp-content\\\/uploads\\\/2023\\\/02\\\/Destination-SanPedro-FeaturedImage.jpg?fit=900%2C600&ssl=1\",\"width\":900,\"height\":600},{\"@type\":\"BreadcrumbList\",\"@id\":\"https:\\\/\\\/www.tropicair.com\\\/san-pedro\\\/#breadcrumb\",\"itemListElement\":[{\"@type\":\"ListItem\",\"position\":1,\"name\":\"Home\",\"item\":\"https:\\\/\\\/www.tropicair.com\\\/es\\\/\"},{\"@type\":\"ListItem\",\"position\":2,\"name\":\"San Pedro (SPR)\"}]},{\"@type\":\"WebSite\",\"@id\":\"https:\\\/\\\/www.tropicair.com\\\/#website\",\"url\":\"https:\\\/\\\/www.tropicair.com\\\/\",\"name\":\"Tropic Air\",\"description\":\"The Airline of Belize\",\"publisher\":{\"@id\":\"https:\\\/\\\/www.tropicair.com\\\/#organization\"},\"alternateName\":\"Tropic Air Belize\",\"potentialAction\":[{\"@type\":\"SearchAction\",\"target\":{\"@type\":\"EntryPoint\",\"urlTemplate\":\"https:\\\/\\\/www.tropicair.com\\\/?s={search_term_string}\"},\"query-input\":{\"@type\":\"PropertyValueSpecification\",\"valueRequired\":true,\"valueName\":\"search_term_string\"}}],\"inLanguage\":\"es\"},{\"@type\":\"Organization\",\"@id\":\"https:\\\/\\\/www.tropicair.com\\\/#organization\",\"name\":\"Tropic Air\",\"url\":\"https:\\\/\\\/www.tropicair.com\\\/\",\"logo\":{\"@type\":\"ImageObject\",\"inLanguage\":\"es\",\"@id\":\"https:\\\/\\\/www.tropicair.com\\\/#\\\/schema\\\/logo\\\/image\\\/\",\"url\":\"https:\\\/\\\/i0.wp.com\\\/www.tropicair.com\\\/wp-content\\\/uploads\\\/2025\\\/08\\\/2025-TROPIC-AIR-LOGO-400x.png?fit=400%2C69&ssl=1\",\"contentUrl\":\"https:\\\/\\\/i0.wp.com\\\/www.tropicair.com\\\/wp-content\\\/uploads\\\/2025\\\/08\\\/2025-TROPIC-AIR-LOGO-400x.png?fit=400%2C69&ssl=1\",\"width\":400,\"height\":69,\"caption\":\"Tropic Air\"},\"image\":{\"@id\":\"https:\\\/\\\/www.tropicair.com\\\/#\\\/schema\\\/logo\\\/image\\\/\"}}]}<\/script>\n<!-- \/ Yoast SEO plugin. -->","yoast_head_json":{"title":"San Pedro (SPR) - Tropic Air","robots":{"index":"index","follow":"follow","max-snippet":"max-snippet:-1","max-image-preview":"max-image-preview:large","max-video-preview":"max-video-preview:-1"},"canonical":"https:\/\/www.tropicair.com\/san-pedro\/","og_locale":"es_ES","og_type":"article","og_title":"San Pedro (SPR) - Tropic Air","og_description":"San Pedro (SPR) San Pedro es la ciudad principal de Cayo Ambergris, el m\u00e1s septentrional y el m\u00e1s grande de los 200 cayos frente a la costa de Belice. La barrera de coral est\u00e1 a solo 20 minutos en bote, [&hellip;]","og_url":"https:\/\/www.tropicair.com\/san-pedro\/","og_site_name":"Tropic Air","article_modified_time":"2024-06-11T16:00:39+00:00","og_image":[{"width":900,"height":600,"url":"https:\/\/i0.wp.com\/www.tropicair.com\/wp-content\/uploads\/2023\/02\/Destination-SanPedro-FeaturedImage.jpg?fit=900%2C600&ssl=1","type":"image\/jpeg"}],"twitter_card":"summary_large_image","twitter_misc":{"Tiempo de lectura":"1 minuto"},"schema":{"@context":"https:\/\/schema.org","@graph":[{"@type":"WebPage","@id":"https:\/\/www.tropicair.com\/san-pedro\/","url":"https:\/\/www.tropicair.com\/san-pedro\/","name":"San Pedro (SPR) - Tropic Air","isPartOf":{"@id":"https:\/\/www.tropicair.com\/#website"},"primaryImageOfPage":{"@id":"https:\/\/www.tropicair.com\/san-pedro\/#primaryimage"},"image":{"@id":"https:\/\/www.tropicair.com\/san-pedro\/#primaryimage"},"thumbnailUrl":"https:\/\/i0.wp.com\/www.tropicair.com\/wp-content\/uploads\/2023\/02\/Destination-SanPedro-FeaturedImage.jpg?fit=900%2C600&ssl=1","datePublished":"2023-02-13T20:49:54+00:00","dateModified":"2024-06-11T16:00:39+00:00","breadcrumb":{"@id":"https:\/\/www.tropicair.com\/san-pedro\/#breadcrumb"},"inLanguage":"es","potentialAction":[{"@type":"ReadAction","target":["https:\/\/www.tropicair.com\/san-pedro\/"]}]},{"@type":"ImageObject","inLanguage":"es","@id":"https:\/\/www.tropicair.com\/san-pedro\/#primaryimage","url":"https:\/\/i0.wp.com\/www.tropicair.com\/wp-content\/uploads\/2023\/02\/Destination-SanPedro-FeaturedImage.jpg?fit=900%2C600&ssl=1","contentUrl":"https:\/\/i0.wp.com\/www.tropicair.com\/wp-content\/uploads\/2023\/02\/Destination-SanPedro-FeaturedImage.jpg?fit=900%2C600&ssl=1","width":900,"height":600},{"@type":"BreadcrumbList","@id":"https:\/\/www.tropicair.com\/san-pedro\/#breadcrumb","itemListElement":[{"@type":"ListItem","position":1,"name":"Home","item":"https:\/\/www.tropicair.com\/es\/"},{"@type":"ListItem","position":2,"name":"San Pedro (SPR)"}]},{"@type":"WebSite","@id":"https:\/\/www.tropicair.com\/#website","url":"https:\/\/www.tropicair.com\/","name":"Tropic Air","description":"The Airline of Belize","publisher":{"@id":"https:\/\/www.tropicair.com\/#organization"},"alternateName":"Tropic Air Belize","potentialAction":[{"@type":"SearchAction","target":{"@type":"EntryPoint","urlTemplate":"https:\/\/www.tropicair.com\/?s={search_term_string}"},"query-input":{"@type":"PropertyValueSpecification","valueRequired":true,"valueName":"search_term_string"}}],"inLanguage":"es"},{"@type":"Organization","@id":"https:\/\/www.tropicair.com\/#organization","name":"Tropic Air","url":"https:\/\/www.tropicair.com\/","logo":{"@type":"ImageObject","inLanguage":"es","@id":"https:\/\/www.tropicair.com\/#\/schema\/logo\/image\/","url":"https:\/\/i0.wp.com\/www.tropicair.com\/wp-content\/uploads\/2025\/08\/2025-TROPIC-AIR-LOGO-400x.png?fit=400%2C69&ssl=1","contentUrl":"https:\/\/i0.wp.com\/www.tropicair.com\/wp-content\/uploads\/2025\/08\/2025-TROPIC-AIR-LOGO-400x.png?fit=400%2C69&ssl=1","width":400,"height":69,"caption":"Tropic Air"},"image":{"@id":"https:\/\/www.tropicair.com\/#\/schema\/logo\/image\/"}}]}},"jetpack_sharing_enabled":true,"_links":{"self":[{"href":"https:\/\/www.tropicair.com\/es\/wp-json\/wp\/v2\/pages\/11414","targetHints":{"allow":["GET"]}}],"collection":[{"href":"https:\/\/www.tropicair.com\/es\/wp-json\/wp\/v2\/pages"}],"about":[{"href":"https:\/\/www.tropicair.com\/es\/wp-json\/wp\/v2\/types\/page"}],"author":[{"embeddable":true,"href":"https:\/\/www.tropicair.com\/es\/wp-json\/wp\/v2\/users\/1"}],"replies":[{"embeddable":true,"href":"https:\/\/www.tropicair.com\/es\/wp-json\/wp\/v2\/comments?post=11414"}],"version-history":[{"count":5,"href":"https:\/\/www.tropicair.com\/es\/wp-json\/wp\/v2\/pages\/11414\/revisions"}],"predecessor-version":[{"id":12679,"href":"https:\/\/www.tropicair.com\/es\/wp-json\/wp\/v2\/pages\/11414\/revisions\/12679"}],"wp:featuredmedia":[{"embeddable":true,"href":"https:\/\/www.tropicair.com\/es\/wp-json\/wp\/v2\/media\/9947"}],"wp:attachment":[{"href":"https:\/\/www.tropicair.com\/es\/wp-json\/wp\/v2\/media?parent=11414"}],"curies":[{"name":"wp","href":"https:\/\/api.w.org\/{rel}","templated":true}]}}