{"id":11386,"date":"2023-06-17T09:57:39","date_gmt":"2023-06-17T15:57:39","guid":{"rendered":"https:\/\/tropicair.com\/?page_id=11386"},"modified":"2023-07-20T08:06:27","modified_gmt":"2023-07-20T14:06:27","slug":"medevac","status":"publish","type":"page","link":"https:\/\/www.tropicair.com\/es\/medevac\/","title":{"rendered":"Medevac"},"content":{"rendered":"\t\t<div data-elementor-type=\"wp-page\" data-elementor-id=\"11386\" class=\"elementor elementor-11386 elementor-10775\" data-elementor-post-type=\"page\">\n\t\t\t\t\t\t<section class=\"elementor-section elementor-top-section elementor-element elementor-element-140616a elementor-section-boxed elementor-section-height-default elementor-section-height-default\" data-id=\"140616a\" data-element_type=\"section\" data-e-type=\"section\">\n\t\t\t\t\t\t<div class=\"elementor-container elementor-column-gap-default\">\n\t\t\t\t\t<div class=\"elementor-column elementor-col-100 elementor-top-column elementor-element elementor-element-d74a69d\" data-id=\"d74a69d\" data-element_type=\"column\" data-e-type=\"column\">\n\t\t\t<div class=\"elementor-widget-wrap elementor-element-populated\">\n\t\t\t\t\t\t<div class=\"elementor-element elementor-element-ad44b95 elementor-widget elementor-widget-text-editor\" data-id=\"ad44b95\" data-element_type=\"widget\" data-e-type=\"widget\" data-widget_type=\"text-editor.default\">\n\t\t\t\t<div class=\"elementor-widget-container\">\n\t\t\t\t\t\t\t\t\t<p>Si necesita un transporte m\u00e9dico de emergencia, ah\u00ed estamos. Operamos en todo el pa\u00eds en todo Belice, con servicios disponibles desde San Pedro y Caye Caulker hasta los centros de atenci\u00f3n terciaria de la ciudad de Belice las 24 horas del d\u00eda, durante todo el a\u00f1o. Los servicios regionales de transporte m\u00e9dico de emergencia tambi\u00e9n est\u00e1n disponibles desde Belice a M\u00e9rida, Canc\u00fan, San Pedro Sula y Ciudad de Guatemala. La experiencia de nuestro personal y tripulaci\u00f3n te lo pone f\u00e1cil.<\/p><p><strong>Para organizar:<\/strong><\/p><p>Todos los transportes m\u00e9dicos de emergencia deben organizarse a trav\u00e9s de un m\u00e9dico con licencia o un centro m\u00e9dico cerca de usted.<\/p><p>Tambi\u00e9n hay m\u00e1s informaci\u00f3n disponible envi\u00e1ndonos un correo electr\u00f3nico a <a href=\"mailto:reservations@tropicair.com\">reservations@tropicair.com<\/a><\/p><p>\u00a0<\/p>\t\t\t\t\t\t\t\t<\/div>\n\t\t\t\t<\/div>\n\t\t\t\t\t<\/div>\n\t\t<\/div>\n\t\t\t\t\t<\/div>\n\t\t<\/section>\n\t\t\t\t<\/div>\n\t\t","protected":false},"excerpt":{"rendered":"<p>Si necesita un transporte m\u00e9dico de emergencia, ah\u00ed estamos. Operamos en todo el pa\u00eds en todo Belice, con servicios disponibles desde San Pedro y Caye Caulker hasta los centros de atenci\u00f3n terciaria de la ciudad de Belice las 24 horas [&hellip;]<\/p>\n","protected":false},"author":1,"featured_media":0,"parent":0,"menu_order":0,"comment_status":"closed","ping_status":"closed","template":"","meta":{"footnotes":""},"class_list":["post-11386","page","type-page","status-publish","hentry","entry"],"yoast_head":"<!-- This site is optimized with the Yoast SEO plugin v27.5 - https:\/\/yoast.com\/product\/yoast-seo-wordpress\/ -->\n<title>Medevac - Tropic Air<\/title>\n<meta name=\"robots\" content=\"index, follow, max-snippet:-1, max-image-preview:large, max-video-preview:-1\" \/>\n<link rel=\"canonical\" href=\"https:\/\/www.tropicair.com\/medical-transport\/\" \/>\n<meta property=\"og:locale\" content=\"es_ES\" \/>\n<meta property=\"og:type\" content=\"article\" \/>\n<meta property=\"og:title\" content=\"Medevac - Tropic Air\" \/>\n<meta property=\"og:description\" content=\"Si necesita un transporte m\u00e9dico de emergencia, ah\u00ed estamos. Operamos en todo el pa\u00eds en todo Belice, con servicios disponibles desde San Pedro y Caye Caulker hasta los centros de atenci\u00f3n terciaria de la ciudad de Belice las 24 horas [&hellip;]\" \/>\n<meta property=\"og:url\" content=\"https:\/\/www.tropicair.com\/medical-transport\/\" \/>\n<meta property=\"og:site_name\" content=\"Tropic Air\" \/>\n<meta property=\"article:modified_time\" content=\"2023-07-20T14:06:27+00:00\" \/>\n<meta name=\"twitter:card\" content=\"summary_large_image\" \/>\n<meta name=\"twitter:label1\" content=\"Tiempo de lectura\" \/>\n\t<meta name=\"twitter:data1\" content=\"1 minuto\" \/>\n<script type=\"application\/ld+json\" class=\"yoast-schema-graph\">{\"@context\":\"https:\\\/\\\/schema.org\",\"@graph\":[{\"@type\":\"WebPage\",\"@id\":\"https:\\\/\\\/www.tropicair.com\\\/medical-transport\\\/\",\"url\":\"https:\\\/\\\/www.tropicair.com\\\/medical-transport\\\/\",\"name\":\"Medevac - Tropic Air\",\"isPartOf\":{\"@id\":\"https:\\\/\\\/www.tropicair.com\\\/#website\"},\"datePublished\":\"2023-06-17T15:57:39+00:00\",\"dateModified\":\"2023-07-20T14:06:27+00:00\",\"breadcrumb\":{\"@id\":\"https:\\\/\\\/www.tropicair.com\\\/medical-transport\\\/#breadcrumb\"},\"inLanguage\":\"es\",\"potentialAction\":[{\"@type\":\"ReadAction\",\"target\":[\"https:\\\/\\\/www.tropicair.com\\\/medical-transport\\\/\"]}]},{\"@type\":\"BreadcrumbList\",\"@id\":\"https:\\\/\\\/www.tropicair.com\\\/medical-transport\\\/#breadcrumb\",\"itemListElement\":[{\"@type\":\"ListItem\",\"position\":1,\"name\":\"Home\",\"item\":\"https:\\\/\\\/www.tropicair.com\\\/es\\\/\"},{\"@type\":\"ListItem\",\"position\":2,\"name\":\"Medevac\"}]},{\"@type\":\"WebSite\",\"@id\":\"https:\\\/\\\/www.tropicair.com\\\/#website\",\"url\":\"https:\\\/\\\/www.tropicair.com\\\/\",\"name\":\"Tropic Air\",\"description\":\"The Airline of Belize\",\"publisher\":{\"@id\":\"https:\\\/\\\/www.tropicair.com\\\/#organization\"},\"alternateName\":\"Tropic Air Belize\",\"potentialAction\":[{\"@type\":\"SearchAction\",\"target\":{\"@type\":\"EntryPoint\",\"urlTemplate\":\"https:\\\/\\\/www.tropicair.com\\\/?s={search_term_string}\"},\"query-input\":{\"@type\":\"PropertyValueSpecification\",\"valueRequired\":true,\"valueName\":\"search_term_string\"}}],\"inLanguage\":\"es\"},{\"@type\":\"Organization\",\"@id\":\"https:\\\/\\\/www.tropicair.com\\\/#organization\",\"name\":\"Tropic Air\",\"url\":\"https:\\\/\\\/www.tropicair.com\\\/\",\"logo\":{\"@type\":\"ImageObject\",\"inLanguage\":\"es\",\"@id\":\"https:\\\/\\\/www.tropicair.com\\\/#\\\/schema\\\/logo\\\/image\\\/\",\"url\":\"https:\\\/\\\/i0.wp.com\\\/www.tropicair.com\\\/wp-content\\\/uploads\\\/2025\\\/08\\\/2025-TROPIC-AIR-LOGO-400x.png?fit=400%2C69&ssl=1\",\"contentUrl\":\"https:\\\/\\\/i0.wp.com\\\/www.tropicair.com\\\/wp-content\\\/uploads\\\/2025\\\/08\\\/2025-TROPIC-AIR-LOGO-400x.png?fit=400%2C69&ssl=1\",\"width\":400,\"height\":69,\"caption\":\"Tropic Air\"},\"image\":{\"@id\":\"https:\\\/\\\/www.tropicair.com\\\/#\\\/schema\\\/logo\\\/image\\\/\"}}]}<\/script>\n<!-- \/ Yoast SEO plugin. -->","yoast_head_json":{"title":"Medevac - Tropic Air","robots":{"index":"index","follow":"follow","max-snippet":"max-snippet:-1","max-image-preview":"max-image-preview:large","max-video-preview":"max-video-preview:-1"},"canonical":"https:\/\/www.tropicair.com\/medical-transport\/","og_locale":"es_ES","og_type":"article","og_title":"Medevac - Tropic Air","og_description":"Si necesita un transporte m\u00e9dico de emergencia, ah\u00ed estamos. Operamos en todo el pa\u00eds en todo Belice, con servicios disponibles desde San Pedro y Caye Caulker hasta los centros de atenci\u00f3n terciaria de la ciudad de Belice las 24 horas [&hellip;]","og_url":"https:\/\/www.tropicair.com\/medical-transport\/","og_site_name":"Tropic Air","article_modified_time":"2023-07-20T14:06:27+00:00","twitter_card":"summary_large_image","twitter_misc":{"Tiempo de lectura":"1 minuto"},"schema":{"@context":"https:\/\/schema.org","@graph":[{"@type":"WebPage","@id":"https:\/\/www.tropicair.com\/medical-transport\/","url":"https:\/\/www.tropicair.com\/medical-transport\/","name":"Medevac - Tropic Air","isPartOf":{"@id":"https:\/\/www.tropicair.com\/#website"},"datePublished":"2023-06-17T15:57:39+00:00","dateModified":"2023-07-20T14:06:27+00:00","breadcrumb":{"@id":"https:\/\/www.tropicair.com\/medical-transport\/#breadcrumb"},"inLanguage":"es","potentialAction":[{"@type":"ReadAction","target":["https:\/\/www.tropicair.com\/medical-transport\/"]}]},{"@type":"BreadcrumbList","@id":"https:\/\/www.tropicair.com\/medical-transport\/#breadcrumb","itemListElement":[{"@type":"ListItem","position":1,"name":"Home","item":"https:\/\/www.tropicair.com\/es\/"},{"@type":"ListItem","position":2,"name":"Medevac"}]},{"@type":"WebSite","@id":"https:\/\/www.tropicair.com\/#website","url":"https:\/\/www.tropicair.com\/","name":"Tropic Air","description":"The Airline of Belize","publisher":{"@id":"https:\/\/www.tropicair.com\/#organization"},"alternateName":"Tropic Air Belize","potentialAction":[{"@type":"SearchAction","target":{"@type":"EntryPoint","urlTemplate":"https:\/\/www.tropicair.com\/?s={search_term_string}"},"query-input":{"@type":"PropertyValueSpecification","valueRequired":true,"valueName":"search_term_string"}}],"inLanguage":"es"},{"@type":"Organization","@id":"https:\/\/www.tropicair.com\/#organization","name":"Tropic Air","url":"https:\/\/www.tropicair.com\/","logo":{"@type":"ImageObject","inLanguage":"es","@id":"https:\/\/www.tropicair.com\/#\/schema\/logo\/image\/","url":"https:\/\/i0.wp.com\/www.tropicair.com\/wp-content\/uploads\/2025\/08\/2025-TROPIC-AIR-LOGO-400x.png?fit=400%2C69&ssl=1","contentUrl":"https:\/\/i0.wp.com\/www.tropicair.com\/wp-content\/uploads\/2025\/08\/2025-TROPIC-AIR-LOGO-400x.png?fit=400%2C69&ssl=1","width":400,"height":69,"caption":"Tropic Air"},"image":{"@id":"https:\/\/www.tropicair.com\/#\/schema\/logo\/image\/"}}]}},"jetpack_sharing_enabled":true,"_links":{"self":[{"href":"https:\/\/www.tropicair.com\/es\/wp-json\/wp\/v2\/pages\/11386","targetHints":{"allow":["GET"]}}],"collection":[{"href":"https:\/\/www.tropicair.com\/es\/wp-json\/wp\/v2\/pages"}],"about":[{"href":"https:\/\/www.tropicair.com\/es\/wp-json\/wp\/v2\/types\/page"}],"author":[{"embeddable":true,"href":"https:\/\/www.tropicair.com\/es\/wp-json\/wp\/v2\/users\/1"}],"replies":[{"embeddable":true,"href":"https:\/\/www.tropicair.com\/es\/wp-json\/wp\/v2\/comments?post=11386"}],"version-history":[{"count":4,"href":"https:\/\/www.tropicair.com\/es\/wp-json\/wp\/v2\/pages\/11386\/revisions"}],"predecessor-version":[{"id":11390,"href":"https:\/\/www.tropicair.com\/es\/wp-json\/wp\/v2\/pages\/11386\/revisions\/11390"}],"wp:attachment":[{"href":"https:\/\/www.tropicair.com\/es\/wp-json\/wp\/v2\/media?parent=11386"}],"curies":[{"name":"wp","href":"https:\/\/api.w.org\/{rel}","templated":true}]}}