{"id":11380,"date":"2023-06-05T08:41:10","date_gmt":"2023-06-05T14:41:10","guid":{"rendered":"https:\/\/tropicair.com\/?page_id=11380"},"modified":"2024-06-11T09:56:51","modified_gmt":"2024-06-11T15:56:51","slug":"ciudad-de-guatemala","status":"publish","type":"page","link":"https:\/\/www.tropicair.com\/es\/ciudad-de-guatemala\/","title":{"rendered":"Ciudad de Guatemala (GUA)"},"content":{"rendered":"\t\t<div data-elementor-type=\"wp-page\" data-elementor-id=\"11380\" class=\"elementor elementor-11380 elementor-10507\" data-elementor-post-type=\"page\">\n\t\t\t\t\t\t<section class=\"elementor-section elementor-top-section elementor-element elementor-element-37fb16a elementor-section-boxed elementor-section-height-default elementor-section-height-default\" data-id=\"37fb16a\" data-element_type=\"section\" data-e-type=\"section\">\n\t\t\t\t\t\t<div class=\"elementor-container elementor-column-gap-default\">\n\t\t\t\t\t<div class=\"elementor-column elementor-col-100 elementor-top-column elementor-element elementor-element-6b79bee5\" data-id=\"6b79bee5\" data-element_type=\"column\" data-e-type=\"column\">\n\t\t\t<div class=\"elementor-widget-wrap elementor-element-populated\">\n\t\t\t\t\t\t<div class=\"elementor-element elementor-element-2abc7b38 elementor-widget elementor-widget-heading\" data-id=\"2abc7b38\" data-element_type=\"widget\" data-e-type=\"widget\" data-widget_type=\"heading.default\">\n\t\t\t\t<div class=\"elementor-widget-container\">\n\t\t\t\t\t<h1 class=\"elementor-heading-title elementor-size-default\">Ciudad de Guatemala (GUA)<\/h1>\t\t\t\t<\/div>\n\t\t\t\t<\/div>\n\t\t\t\t\t<\/div>\n\t\t<\/div>\n\t\t\t\t\t<\/div>\n\t\t<\/section>\n\t\t\t\t<section class=\"elementor-section elementor-top-section elementor-element elementor-element-3659671d elementor-section-boxed elementor-section-height-default elementor-section-height-default\" data-id=\"3659671d\" data-element_type=\"section\" data-e-type=\"section\">\n\t\t\t\t\t\t<div class=\"elementor-container elementor-column-gap-default\">\n\t\t\t\t\t<div class=\"elementor-column elementor-col-100 elementor-top-column elementor-element elementor-element-3d04a9d1\" data-id=\"3d04a9d1\" data-element_type=\"column\" data-e-type=\"column\">\n\t\t\t<div class=\"elementor-widget-wrap elementor-element-populated\">\n\t\t\t\t\t\t<div class=\"elementor-element elementor-element-314e33d5 elementor-widget elementor-widget-text-editor\" data-id=\"314e33d5\" data-element_type=\"widget\" data-e-type=\"widget\" data-widget_type=\"text-editor.default\">\n\t\t\t\t<div class=\"elementor-widget-container\">\n\t\t\t\t\t\t\t\t\t<p>Ciudad de Guatemala es la capital econ\u00f3mica, gubernamental y cultural de Guatemala y la ciudad m\u00e1s grande de Am\u00e9rica Central<\/p>\t\t\t\t\t\t\t\t<\/div>\n\t\t\t\t<\/div>\n\t\t\t\t\t<\/div>\n\t\t<\/div>\n\t\t\t\t\t<\/div>\n\t\t<\/section>\n\t\t\t\t<section class=\"elementor-section elementor-top-section elementor-element elementor-element-5a1a476 elementor-section-boxed elementor-section-height-default elementor-section-height-default\" data-id=\"5a1a476\" data-element_type=\"section\" data-e-type=\"section\">\n\t\t\t\t\t\t<div class=\"elementor-container elementor-column-gap-default\">\n\t\t\t\t\t<div class=\"elementor-column elementor-col-50 elementor-top-column elementor-element elementor-element-2fd9c31c\" data-id=\"2fd9c31c\" data-element_type=\"column\" data-e-type=\"column\">\n\t\t\t<div class=\"elementor-widget-wrap elementor-element-populated\">\n\t\t\t\t\t\t<div class=\"elementor-element elementor-element-10ccc350 elementor-widget elementor-widget-image\" data-id=\"10ccc350\" data-element_type=\"widget\" data-e-type=\"widget\" data-widget_type=\"image.default\">\n\t\t\t\t<div class=\"elementor-widget-container\">\n\t\t\t\t\t\t\t\t\t\t\t\t\t\t\t<img fetchpriority=\"high\" decoding=\"async\" width=\"800\" height=\"530\" src=\"https:\/\/i0.wp.com\/www.tropicair.com\/wp-content\/uploads\/2023\/06\/TropicAir-GuatemalaCity-01.jpg?fit=800%2C530&amp;ssl=1\" class=\"attachment-large size-large wp-image-10515\" alt=\"\" srcset=\"https:\/\/i0.wp.com\/www.tropicair.com\/wp-content\/uploads\/2023\/06\/TropicAir-GuatemalaCity-01.jpg?w=800&amp;ssl=1 800w, https:\/\/i0.wp.com\/www.tropicair.com\/wp-content\/uploads\/2023\/06\/TropicAir-GuatemalaCity-01.jpg?resize=300%2C199&amp;ssl=1 300w, https:\/\/i0.wp.com\/www.tropicair.com\/wp-content\/uploads\/2023\/06\/TropicAir-GuatemalaCity-01.jpg?resize=768%2C509&amp;ssl=1 768w, https:\/\/i0.wp.com\/www.tropicair.com\/wp-content\/uploads\/2023\/06\/TropicAir-GuatemalaCity-01.jpg?resize=600%2C398&amp;ssl=1 600w, https:\/\/i0.wp.com\/www.tropicair.com\/wp-content\/uploads\/2023\/06\/TropicAir-GuatemalaCity-01.jpg?resize=100%2C66&amp;ssl=1 100w\" sizes=\"(max-width: 800px) 100vw, 800px\" \/>\t\t\t\t\t\t\t\t\t\t\t\t\t\t\t<\/div>\n\t\t\t\t<\/div>\n\t\t\t\t\t<\/div>\n\t\t<\/div>\n\t\t\t\t<div class=\"elementor-column elementor-col-50 elementor-top-column elementor-element elementor-element-732feaed\" data-id=\"732feaed\" data-element_type=\"column\" data-e-type=\"column\">\n\t\t\t<div class=\"elementor-widget-wrap elementor-element-populated\">\n\t\t\t\t\t\t<div class=\"elementor-element elementor-element-781da51 elementor-widget elementor-widget-image\" data-id=\"781da51\" data-element_type=\"widget\" data-e-type=\"widget\" data-widget_type=\"image.default\">\n\t\t\t\t<div class=\"elementor-widget-container\">\n\t\t\t\t\t\t\t\t\t\t\t\t\t\t\t<img decoding=\"async\" width=\"800\" height=\"530\" src=\"https:\/\/i0.wp.com\/www.tropicair.com\/wp-content\/uploads\/2023\/06\/TropicAir-GuatemalaCity-02.jpg?fit=800%2C530&amp;ssl=1\" class=\"attachment-large size-large wp-image-10518\" alt=\"\" srcset=\"https:\/\/i0.wp.com\/www.tropicair.com\/wp-content\/uploads\/2023\/06\/TropicAir-GuatemalaCity-02.jpg?w=800&amp;ssl=1 800w, https:\/\/i0.wp.com\/www.tropicair.com\/wp-content\/uploads\/2023\/06\/TropicAir-GuatemalaCity-02.jpg?resize=300%2C199&amp;ssl=1 300w, https:\/\/i0.wp.com\/www.tropicair.com\/wp-content\/uploads\/2023\/06\/TropicAir-GuatemalaCity-02.jpg?resize=768%2C509&amp;ssl=1 768w, https:\/\/i0.wp.com\/www.tropicair.com\/wp-content\/uploads\/2023\/06\/TropicAir-GuatemalaCity-02.jpg?resize=600%2C398&amp;ssl=1 600w, https:\/\/i0.wp.com\/www.tropicair.com\/wp-content\/uploads\/2023\/06\/TropicAir-GuatemalaCity-02.jpg?resize=100%2C66&amp;ssl=1 100w\" sizes=\"(max-width: 800px) 100vw, 800px\" \/>\t\t\t\t\t\t\t\t\t\t\t\t\t\t\t<\/div>\n\t\t\t\t<\/div>\n\t\t\t\t\t<\/div>\n\t\t<\/div>\n\t\t\t\t\t<\/div>\n\t\t<\/section>\n\t\t\t\t<section class=\"elementor-section elementor-top-section elementor-element elementor-element-7a932fc elementor-section-boxed elementor-section-height-default elementor-section-height-default\" data-id=\"7a932fc\" data-element_type=\"section\" data-e-type=\"section\">\n\t\t\t\t\t\t<div class=\"elementor-container elementor-column-gap-default\">\n\t\t\t\t\t<div class=\"elementor-column elementor-col-100 elementor-top-column elementor-element elementor-element-47be41\" data-id=\"47be41\" data-element_type=\"column\" data-e-type=\"column\">\n\t\t\t<div class=\"elementor-widget-wrap elementor-element-populated\">\n\t\t\t\t\t\t<div class=\"elementor-element elementor-element-2beb6a9b elementor-widget elementor-widget-text-editor\" data-id=\"2beb6a9b\" data-element_type=\"widget\" data-e-type=\"widget\" data-widget_type=\"text-editor.default\">\n\t\t\t\t<div class=\"elementor-widget-container\">\n\t\t\t\t\t\t\t\t\t<p>La ciudad en s\u00ed es una metr\u00f3polis bulliciosa y en expansi\u00f3n. Adem\u00e1s de una amplia variedad de restaurantes, hoteles y tiendas, la ciudad cuenta con galer\u00edas de arte, teatros y museos. Ofrece todas las vistas y sonidos de una ciudad moderna salpicada de importantes sitios hist\u00f3ricos. A poca distancia en autom\u00f3vil y que vale la pena visitar, se encuentra el hermoso pueblo de Antigua y las maravillas del lago de Atitl\u00e1n.<\/p>\t\t\t\t\t\t\t\t<\/div>\n\t\t\t\t<\/div>\n\t\t\t\t\t<\/div>\n\t\t<\/div>\n\t\t\t\t\t<\/div>\n\t\t<\/section>\n\t\t\t\t<\/div>\n\t\t","protected":false},"excerpt":{"rendered":"<p>Ciudad de Guatemala (GUA) Ciudad de Guatemala es la capital econ\u00f3mica, gubernamental y cultural de Guatemala y la ciudad m\u00e1s grande de Am\u00e9rica Central La ciudad en s\u00ed es una metr\u00f3polis bulliciosa y en expansi\u00f3n. Adem\u00e1s de una amplia variedad [&hellip;]<\/p>\n","protected":false},"author":1,"featured_media":10515,"parent":0,"menu_order":0,"comment_status":"closed","ping_status":"closed","template":"","meta":{"footnotes":""},"class_list":["post-11380","page","type-page","status-publish","has-post-thumbnail","hentry","entry"],"yoast_head":"<!-- This site is optimized with the Yoast SEO plugin v27.5 - https:\/\/yoast.com\/product\/yoast-seo-wordpress\/ -->\n<title>Ciudad de Guatemala (GUA) - Tropic Air<\/title>\n<meta name=\"robots\" content=\"index, follow, max-snippet:-1, max-image-preview:large, max-video-preview:-1\" \/>\n<link rel=\"canonical\" href=\"https:\/\/www.tropicair.com\/es\/ciudad-de-guatemala\/\" \/>\n<meta property=\"og:locale\" content=\"es_ES\" \/>\n<meta property=\"og:type\" content=\"article\" \/>\n<meta property=\"og:title\" content=\"Ciudad de Guatemala (GUA) - Tropic Air\" \/>\n<meta property=\"og:description\" content=\"Ciudad de Guatemala (GUA) Ciudad de Guatemala es la capital econ\u00f3mica, gubernamental y cultural de Guatemala y la ciudad m\u00e1s grande de Am\u00e9rica Central La ciudad en s\u00ed es una metr\u00f3polis bulliciosa y en expansi\u00f3n. Adem\u00e1s de una amplia variedad [&hellip;]\" \/>\n<meta property=\"og:url\" content=\"https:\/\/www.tropicair.com\/es\/ciudad-de-guatemala\/\" \/>\n<meta property=\"og:site_name\" content=\"Tropic Air\" \/>\n<meta property=\"article:modified_time\" content=\"2024-06-11T15:56:51+00:00\" \/>\n<meta property=\"og:image\" content=\"https:\/\/i0.wp.com\/www.tropicair.com\/wp-content\/uploads\/2023\/06\/TropicAir-GuatemalaCity-01.jpg?fit=800%2C530&ssl=1\" \/>\n\t<meta property=\"og:image:width\" content=\"800\" \/>\n\t<meta property=\"og:image:height\" content=\"530\" \/>\n\t<meta property=\"og:image:type\" content=\"image\/jpeg\" \/>\n<meta name=\"twitter:card\" content=\"summary_large_image\" \/>\n<meta name=\"twitter:label1\" content=\"Tiempo de lectura\" \/>\n\t<meta name=\"twitter:data1\" content=\"1 minuto\" \/>\n<script type=\"application\/ld+json\" class=\"yoast-schema-graph\">{\"@context\":\"https:\\\/\\\/schema.org\",\"@graph\":[{\"@type\":\"WebPage\",\"@id\":\"https:\\\/\\\/www.tropicair.com\\\/es\\\/ciudad-de-guatemala\\\/\",\"url\":\"https:\\\/\\\/www.tropicair.com\\\/es\\\/ciudad-de-guatemala\\\/\",\"name\":\"Ciudad de Guatemala (GUA) - Tropic Air\",\"isPartOf\":{\"@id\":\"https:\\\/\\\/www.tropicair.com\\\/#website\"},\"primaryImageOfPage\":{\"@id\":\"https:\\\/\\\/www.tropicair.com\\\/es\\\/ciudad-de-guatemala\\\/#primaryimage\"},\"image\":{\"@id\":\"https:\\\/\\\/www.tropicair.com\\\/es\\\/ciudad-de-guatemala\\\/#primaryimage\"},\"thumbnailUrl\":\"https:\\\/\\\/i0.wp.com\\\/www.tropicair.com\\\/wp-content\\\/uploads\\\/2023\\\/06\\\/TropicAir-GuatemalaCity-01.jpg?fit=800%2C530&ssl=1\",\"datePublished\":\"2023-06-05T14:41:10+00:00\",\"dateModified\":\"2024-06-11T15:56:51+00:00\",\"breadcrumb\":{\"@id\":\"https:\\\/\\\/www.tropicair.com\\\/es\\\/ciudad-de-guatemala\\\/#breadcrumb\"},\"inLanguage\":\"es\",\"potentialAction\":[{\"@type\":\"ReadAction\",\"target\":[\"https:\\\/\\\/www.tropicair.com\\\/es\\\/ciudad-de-guatemala\\\/\"]}]},{\"@type\":\"ImageObject\",\"inLanguage\":\"es\",\"@id\":\"https:\\\/\\\/www.tropicair.com\\\/es\\\/ciudad-de-guatemala\\\/#primaryimage\",\"url\":\"https:\\\/\\\/i0.wp.com\\\/www.tropicair.com\\\/wp-content\\\/uploads\\\/2023\\\/06\\\/TropicAir-GuatemalaCity-01.jpg?fit=800%2C530&ssl=1\",\"contentUrl\":\"https:\\\/\\\/i0.wp.com\\\/www.tropicair.com\\\/wp-content\\\/uploads\\\/2023\\\/06\\\/TropicAir-GuatemalaCity-01.jpg?fit=800%2C530&ssl=1\",\"width\":800,\"height\":530},{\"@type\":\"BreadcrumbList\",\"@id\":\"https:\\\/\\\/www.tropicair.com\\\/es\\\/ciudad-de-guatemala\\\/#breadcrumb\",\"itemListElement\":[{\"@type\":\"ListItem\",\"position\":1,\"name\":\"Home\",\"item\":\"https:\\\/\\\/www.tropicair.com\\\/es\\\/\"},{\"@type\":\"ListItem\",\"position\":2,\"name\":\"Ciudad de Guatemala (GUA)\"}]},{\"@type\":\"WebSite\",\"@id\":\"https:\\\/\\\/www.tropicair.com\\\/#website\",\"url\":\"https:\\\/\\\/www.tropicair.com\\\/\",\"name\":\"Tropic Air\",\"description\":\"The Airline of Belize\",\"publisher\":{\"@id\":\"https:\\\/\\\/www.tropicair.com\\\/#organization\"},\"alternateName\":\"Tropic Air Belize\",\"potentialAction\":[{\"@type\":\"SearchAction\",\"target\":{\"@type\":\"EntryPoint\",\"urlTemplate\":\"https:\\\/\\\/www.tropicair.com\\\/?s={search_term_string}\"},\"query-input\":{\"@type\":\"PropertyValueSpecification\",\"valueRequired\":true,\"valueName\":\"search_term_string\"}}],\"inLanguage\":\"es\"},{\"@type\":\"Organization\",\"@id\":\"https:\\\/\\\/www.tropicair.com\\\/#organization\",\"name\":\"Tropic Air\",\"url\":\"https:\\\/\\\/www.tropicair.com\\\/\",\"logo\":{\"@type\":\"ImageObject\",\"inLanguage\":\"es\",\"@id\":\"https:\\\/\\\/www.tropicair.com\\\/#\\\/schema\\\/logo\\\/image\\\/\",\"url\":\"https:\\\/\\\/i0.wp.com\\\/www.tropicair.com\\\/wp-content\\\/uploads\\\/2025\\\/08\\\/2025-TROPIC-AIR-LOGO-400x.png?fit=400%2C69&ssl=1\",\"contentUrl\":\"https:\\\/\\\/i0.wp.com\\\/www.tropicair.com\\\/wp-content\\\/uploads\\\/2025\\\/08\\\/2025-TROPIC-AIR-LOGO-400x.png?fit=400%2C69&ssl=1\",\"width\":400,\"height\":69,\"caption\":\"Tropic Air\"},\"image\":{\"@id\":\"https:\\\/\\\/www.tropicair.com\\\/#\\\/schema\\\/logo\\\/image\\\/\"}}]}<\/script>\n<!-- \/ Yoast SEO plugin. -->","yoast_head_json":{"title":"Ciudad de Guatemala (GUA) - Tropic Air","robots":{"index":"index","follow":"follow","max-snippet":"max-snippet:-1","max-image-preview":"max-image-preview:large","max-video-preview":"max-video-preview:-1"},"canonical":"https:\/\/www.tropicair.com\/es\/ciudad-de-guatemala\/","og_locale":"es_ES","og_type":"article","og_title":"Ciudad de Guatemala (GUA) - Tropic Air","og_description":"Ciudad de Guatemala (GUA) Ciudad de Guatemala es la capital econ\u00f3mica, gubernamental y cultural de Guatemala y la ciudad m\u00e1s grande de Am\u00e9rica Central La ciudad en s\u00ed es una metr\u00f3polis bulliciosa y en expansi\u00f3n. Adem\u00e1s de una amplia variedad [&hellip;]","og_url":"https:\/\/www.tropicair.com\/es\/ciudad-de-guatemala\/","og_site_name":"Tropic Air","article_modified_time":"2024-06-11T15:56:51+00:00","og_image":[{"width":800,"height":530,"url":"https:\/\/i0.wp.com\/www.tropicair.com\/wp-content\/uploads\/2023\/06\/TropicAir-GuatemalaCity-01.jpg?fit=800%2C530&ssl=1","type":"image\/jpeg"}],"twitter_card":"summary_large_image","twitter_misc":{"Tiempo de lectura":"1 minuto"},"schema":{"@context":"https:\/\/schema.org","@graph":[{"@type":"WebPage","@id":"https:\/\/www.tropicair.com\/es\/ciudad-de-guatemala\/","url":"https:\/\/www.tropicair.com\/es\/ciudad-de-guatemala\/","name":"Ciudad de Guatemala (GUA) - Tropic Air","isPartOf":{"@id":"https:\/\/www.tropicair.com\/#website"},"primaryImageOfPage":{"@id":"https:\/\/www.tropicair.com\/es\/ciudad-de-guatemala\/#primaryimage"},"image":{"@id":"https:\/\/www.tropicair.com\/es\/ciudad-de-guatemala\/#primaryimage"},"thumbnailUrl":"https:\/\/i0.wp.com\/www.tropicair.com\/wp-content\/uploads\/2023\/06\/TropicAir-GuatemalaCity-01.jpg?fit=800%2C530&ssl=1","datePublished":"2023-06-05T14:41:10+00:00","dateModified":"2024-06-11T15:56:51+00:00","breadcrumb":{"@id":"https:\/\/www.tropicair.com\/es\/ciudad-de-guatemala\/#breadcrumb"},"inLanguage":"es","potentialAction":[{"@type":"ReadAction","target":["https:\/\/www.tropicair.com\/es\/ciudad-de-guatemala\/"]}]},{"@type":"ImageObject","inLanguage":"es","@id":"https:\/\/www.tropicair.com\/es\/ciudad-de-guatemala\/#primaryimage","url":"https:\/\/i0.wp.com\/www.tropicair.com\/wp-content\/uploads\/2023\/06\/TropicAir-GuatemalaCity-01.jpg?fit=800%2C530&ssl=1","contentUrl":"https:\/\/i0.wp.com\/www.tropicair.com\/wp-content\/uploads\/2023\/06\/TropicAir-GuatemalaCity-01.jpg?fit=800%2C530&ssl=1","width":800,"height":530},{"@type":"BreadcrumbList","@id":"https:\/\/www.tropicair.com\/es\/ciudad-de-guatemala\/#breadcrumb","itemListElement":[{"@type":"ListItem","position":1,"name":"Home","item":"https:\/\/www.tropicair.com\/es\/"},{"@type":"ListItem","position":2,"name":"Ciudad de Guatemala (GUA)"}]},{"@type":"WebSite","@id":"https:\/\/www.tropicair.com\/#website","url":"https:\/\/www.tropicair.com\/","name":"Tropic Air","description":"The Airline of Belize","publisher":{"@id":"https:\/\/www.tropicair.com\/#organization"},"alternateName":"Tropic Air Belize","potentialAction":[{"@type":"SearchAction","target":{"@type":"EntryPoint","urlTemplate":"https:\/\/www.tropicair.com\/?s={search_term_string}"},"query-input":{"@type":"PropertyValueSpecification","valueRequired":true,"valueName":"search_term_string"}}],"inLanguage":"es"},{"@type":"Organization","@id":"https:\/\/www.tropicair.com\/#organization","name":"Tropic Air","url":"https:\/\/www.tropicair.com\/","logo":{"@type":"ImageObject","inLanguage":"es","@id":"https:\/\/www.tropicair.com\/#\/schema\/logo\/image\/","url":"https:\/\/i0.wp.com\/www.tropicair.com\/wp-content\/uploads\/2025\/08\/2025-TROPIC-AIR-LOGO-400x.png?fit=400%2C69&ssl=1","contentUrl":"https:\/\/i0.wp.com\/www.tropicair.com\/wp-content\/uploads\/2025\/08\/2025-TROPIC-AIR-LOGO-400x.png?fit=400%2C69&ssl=1","width":400,"height":69,"caption":"Tropic Air"},"image":{"@id":"https:\/\/www.tropicair.com\/#\/schema\/logo\/image\/"}}]}},"jetpack_sharing_enabled":true,"_links":{"self":[{"href":"https:\/\/www.tropicair.com\/es\/wp-json\/wp\/v2\/pages\/11380","targetHints":{"allow":["GET"]}}],"collection":[{"href":"https:\/\/www.tropicair.com\/es\/wp-json\/wp\/v2\/pages"}],"about":[{"href":"https:\/\/www.tropicair.com\/es\/wp-json\/wp\/v2\/types\/page"}],"author":[{"embeddable":true,"href":"https:\/\/www.tropicair.com\/es\/wp-json\/wp\/v2\/users\/1"}],"replies":[{"embeddable":true,"href":"https:\/\/www.tropicair.com\/es\/wp-json\/wp\/v2\/comments?post=11380"}],"version-history":[{"count":6,"href":"https:\/\/www.tropicair.com\/es\/wp-json\/wp\/v2\/pages\/11380\/revisions"}],"predecessor-version":[{"id":12676,"href":"https:\/\/www.tropicair.com\/es\/wp-json\/wp\/v2\/pages\/11380\/revisions\/12676"}],"wp:featuredmedia":[{"embeddable":true,"href":"https:\/\/www.tropicair.com\/es\/wp-json\/wp\/v2\/media\/10515"}],"wp:attachment":[{"href":"https:\/\/www.tropicair.com\/es\/wp-json\/wp\/v2\/media?parent=11380"}],"curies":[{"name":"wp","href":"https:\/\/api.w.org\/{rel}","templated":true}]}}