{"id":11365,"date":"2023-03-30T09:53:50","date_gmt":"2023-03-30T15:53:50","guid":{"rendered":"https:\/\/tropicair.com\/?page_id=11365"},"modified":"2023-07-19T08:27:13","modified_gmt":"2023-07-19T14:27:13","slug":"dangriga-hopkins-dga","status":"publish","type":"page","link":"https:\/\/www.tropicair.com\/es\/dangriga-hopkins-dga\/","title":{"rendered":"Dangriga &amp; Hopkins (DGA)"},"content":{"rendered":"\t\t<div data-elementor-type=\"wp-page\" data-elementor-id=\"11365\" class=\"elementor elementor-11365 elementor-10297\" data-elementor-post-type=\"page\">\n\t\t\t\t\t\t<section class=\"elementor-section elementor-top-section elementor-element elementor-element-792436f1 elementor-section-boxed elementor-section-height-default elementor-section-height-default\" data-id=\"792436f1\" data-element_type=\"section\" data-e-type=\"section\">\n\t\t\t\t\t\t<div class=\"elementor-container elementor-column-gap-default\">\n\t\t\t\t\t<div class=\"elementor-column elementor-col-100 elementor-top-column elementor-element elementor-element-36b5697e\" data-id=\"36b5697e\" data-element_type=\"column\" data-e-type=\"column\">\n\t\t\t<div class=\"elementor-widget-wrap elementor-element-populated\">\n\t\t\t\t\t\t<div class=\"elementor-element elementor-element-3f7f8e3c elementor-widget elementor-widget-heading\" data-id=\"3f7f8e3c\" data-element_type=\"widget\" data-e-type=\"widget\" data-widget_type=\"heading.default\">\n\t\t\t\t<div class=\"elementor-widget-container\">\n\t\t\t\t\t<h1 class=\"elementor-heading-title elementor-size-default\">Dangriga (DGA) &amp; Hopkins<\/h1>\t\t\t\t<\/div>\n\t\t\t\t<\/div>\n\t\t\t\t\t<\/div>\n\t\t<\/div>\n\t\t\t\t\t<\/div>\n\t\t<\/section>\n\t\t\t\t<section class=\"elementor-section elementor-top-section elementor-element elementor-element-4ff01484 elementor-section-boxed elementor-section-height-default elementor-section-height-default\" data-id=\"4ff01484\" data-element_type=\"section\" data-e-type=\"section\">\n\t\t\t\t\t\t<div class=\"elementor-container elementor-column-gap-default\">\n\t\t\t\t\t<div class=\"elementor-column elementor-col-100 elementor-top-column elementor-element elementor-element-32e9b463\" data-id=\"32e9b463\" data-element_type=\"column\" data-e-type=\"column\">\n\t\t\t<div class=\"elementor-widget-wrap elementor-element-populated\">\n\t\t\t\t\t\t<div class=\"elementor-element elementor-element-5435bebe elementor-widget elementor-widget-text-editor\" data-id=\"5435bebe\" data-element_type=\"widget\" data-e-type=\"widget\" data-widget_type=\"text-editor.default\">\n\t\t\t\t<div class=\"elementor-widget-container\">\n\t\t\t\t\t\t\t\t\t<p>Dangriga, ubicada en el distrito de Stann Creek, es la ciudad m\u00e1s grande del sur de Belice. Mantiene la fuerte influencia cultural del pueblo Garinagu (Garifuna), descendientes de indios caribes y negros africanos, que llegaron a la zona desde San Vicente en 1802. Incluso el nombre que significa \u201cAgua Dulce\u201d es una palabra gar\u00edfuna. En la ciudad, encontrar\u00e1s una vibrante escena musical, cultural y art\u00edstica. Aqu\u00ed es donde se origin\u00f3 Punta Rock y varios artistas belice\u00f1os famosos como Pen Cayatano han hecho su hogar. El 19 de noviembre de cada a\u00f1o, la ciudad cobra vida con las celebraciones en torno al D\u00eda del Asentamiento Gar\u00edfuna, que celebra la llegada del pueblo Garinagu a Belice.<\/p>\t\t\t\t\t\t\t\t<\/div>\n\t\t\t\t<\/div>\n\t\t\t\t\t<\/div>\n\t\t<\/div>\n\t\t\t\t\t<\/div>\n\t\t<\/section>\n\t\t\t\t<section class=\"elementor-section elementor-top-section elementor-element elementor-element-507806be elementor-section-boxed elementor-section-height-default elementor-section-height-default\" data-id=\"507806be\" data-element_type=\"section\" data-e-type=\"section\">\n\t\t\t\t\t\t<div class=\"elementor-container elementor-column-gap-default\">\n\t\t\t\t\t<div class=\"elementor-column elementor-col-50 elementor-top-column elementor-element elementor-element-2823a7a9\" data-id=\"2823a7a9\" data-element_type=\"column\" data-e-type=\"column\">\n\t\t\t<div class=\"elementor-widget-wrap elementor-element-populated\">\n\t\t\t\t\t\t<div class=\"elementor-element elementor-element-141a6d90 elementor-widget elementor-widget-image\" data-id=\"141a6d90\" data-element_type=\"widget\" data-e-type=\"widget\" data-widget_type=\"image.default\">\n\t\t\t\t<div class=\"elementor-widget-container\">\n\t\t\t\t\t\t\t\t\t\t\t\t\t\t\t<img fetchpriority=\"high\" decoding=\"async\" width=\"800\" height=\"530\" src=\"https:\/\/i0.wp.com\/www.tropicair.com\/wp-content\/uploads\/2023\/03\/TropicAir-DangrigaHopkins-01.jpg?fit=800%2C530&amp;ssl=1\" class=\"attachment-large size-large wp-image-10305\" alt=\"\" srcset=\"https:\/\/i0.wp.com\/www.tropicair.com\/wp-content\/uploads\/2023\/03\/TropicAir-DangrigaHopkins-01.jpg?w=800&amp;ssl=1 800w, https:\/\/i0.wp.com\/www.tropicair.com\/wp-content\/uploads\/2023\/03\/TropicAir-DangrigaHopkins-01.jpg?resize=300%2C199&amp;ssl=1 300w, https:\/\/i0.wp.com\/www.tropicair.com\/wp-content\/uploads\/2023\/03\/TropicAir-DangrigaHopkins-01.jpg?resize=768%2C509&amp;ssl=1 768w, https:\/\/i0.wp.com\/www.tropicair.com\/wp-content\/uploads\/2023\/03\/TropicAir-DangrigaHopkins-01.jpg?resize=600%2C398&amp;ssl=1 600w\" sizes=\"(max-width: 800px) 100vw, 800px\" \/>\t\t\t\t\t\t\t\t\t\t\t\t\t\t\t<\/div>\n\t\t\t\t<\/div>\n\t\t\t\t\t<\/div>\n\t\t<\/div>\n\t\t\t\t<div class=\"elementor-column elementor-col-50 elementor-top-column elementor-element elementor-element-5d8233e3\" data-id=\"5d8233e3\" data-element_type=\"column\" data-e-type=\"column\">\n\t\t\t<div class=\"elementor-widget-wrap elementor-element-populated\">\n\t\t\t\t\t\t<div class=\"elementor-element elementor-element-678f71d9 elementor-widget elementor-widget-image\" data-id=\"678f71d9\" data-element_type=\"widget\" data-e-type=\"widget\" data-widget_type=\"image.default\">\n\t\t\t\t<div class=\"elementor-widget-container\">\n\t\t\t\t\t\t\t\t\t\t\t\t\t\t\t<img decoding=\"async\" width=\"800\" height=\"530\" src=\"https:\/\/i0.wp.com\/www.tropicair.com\/wp-content\/uploads\/2023\/03\/TropicAir-DangrigaHopkins-02.jpg?fit=800%2C530&amp;ssl=1\" class=\"attachment-large size-large wp-image-10308\" alt=\"\" srcset=\"https:\/\/i0.wp.com\/www.tropicair.com\/wp-content\/uploads\/2023\/03\/TropicAir-DangrigaHopkins-02.jpg?w=800&amp;ssl=1 800w, https:\/\/i0.wp.com\/www.tropicair.com\/wp-content\/uploads\/2023\/03\/TropicAir-DangrigaHopkins-02.jpg?resize=300%2C199&amp;ssl=1 300w, https:\/\/i0.wp.com\/www.tropicair.com\/wp-content\/uploads\/2023\/03\/TropicAir-DangrigaHopkins-02.jpg?resize=768%2C509&amp;ssl=1 768w, https:\/\/i0.wp.com\/www.tropicair.com\/wp-content\/uploads\/2023\/03\/TropicAir-DangrigaHopkins-02.jpg?resize=600%2C398&amp;ssl=1 600w\" sizes=\"(max-width: 800px) 100vw, 800px\" \/>\t\t\t\t\t\t\t\t\t\t\t\t\t\t\t<\/div>\n\t\t\t\t<\/div>\n\t\t\t\t\t<\/div>\n\t\t<\/div>\n\t\t\t\t\t<\/div>\n\t\t<\/section>\n\t\t\t\t<section class=\"elementor-section elementor-top-section elementor-element elementor-element-6aa04bf elementor-section-boxed elementor-section-height-default elementor-section-height-default\" data-id=\"6aa04bf\" data-element_type=\"section\" data-e-type=\"section\">\n\t\t\t\t\t\t<div class=\"elementor-container elementor-column-gap-default\">\n\t\t\t\t\t<div class=\"elementor-column elementor-col-100 elementor-top-column elementor-element elementor-element-46390679\" data-id=\"46390679\" data-element_type=\"column\" data-e-type=\"column\">\n\t\t\t<div class=\"elementor-widget-wrap elementor-element-populated\">\n\t\t\t\t\t\t<div class=\"elementor-element elementor-element-6de64080 elementor-widget elementor-widget-text-editor\" data-id=\"6de64080\" data-element_type=\"widget\" data-e-type=\"widget\" data-widget_type=\"text-editor.default\">\n\t\t\t\t<div class=\"elementor-widget-container\">\n\t\t\t\t\t\t\t\t\t<p>Dangriga brinda f\u00e1cil acceso a los Cayos del Sur, en particular a los Cayos South Water, Cayo Tabaco y el Atol\u00f3n Glovers Reef, todos a un corto viaje en bote desde los muelles que salpican la costa de la ciudad. El buceo y el snorkel en esta regi\u00f3n son espectaculares. Tierra adentro, el Parque Nacional Bocawina ofrece aventuras intensas como tirolesa, rapel en cascada y caminatas a Antelope Falls. El Cockscomb Basin Jaguar Preserve tambi\u00e9n est\u00e1 a poca distancia en autom\u00f3vil.<\/p><p>Hopkins es un peque\u00f1o pueblo a unos 40 minutos en coche de la ciudad. Ubicado en el Mar Caribe, tradicionalmente fue un pueblo de pescadores, pero su encanto cultural, que surge principalmente de su cultura gar\u00edfuna y sus pintorescas playas, ha contribuido a un reciente crecimiento del turismo. Ahora hay muchos resorts que combinan lo mejor de las Monta\u00f1as Mayas, la playa y el arrecife con una mezcla de la cultura distinta y \u00fanica de la zona.<\/p><p>Tropic Air vuela a Dangriga varias veces al d\u00eda desde los aeropuertos municipales e internacionales de la ciudad de Belice, as\u00ed como desde Placencia y Punta Gorda. El aeropuerto de Dangriga est\u00e1 ubicado en la parte norte de la ciudad.<\/p>\t\t\t\t\t\t\t\t<\/div>\n\t\t\t\t<\/div>\n\t\t\t\t\t<\/div>\n\t\t<\/div>\n\t\t\t\t\t<\/div>\n\t\t<\/section>\n\t\t\t\t<section class=\"elementor-section elementor-top-section elementor-element elementor-element-7de16425 elementor-section-boxed elementor-section-height-default elementor-section-height-default\" data-id=\"7de16425\" data-element_type=\"section\" data-e-type=\"section\">\n\t\t\t\t\t\t<div class=\"elementor-container elementor-column-gap-default\">\n\t\t\t\t\t<div class=\"elementor-column elementor-col-100 elementor-top-column elementor-element elementor-element-25008bee\" data-id=\"25008bee\" data-element_type=\"column\" data-e-type=\"column\">\n\t\t\t<div class=\"elementor-widget-wrap elementor-element-populated\">\n\t\t\t\t\t\t<div class=\"elementor-element elementor-element-6245ab24 elementor-widget elementor-widget-image\" data-id=\"6245ab24\" data-element_type=\"widget\" data-e-type=\"widget\" data-widget_type=\"image.default\">\n\t\t\t\t<div class=\"elementor-widget-container\">\n\t\t\t\t\t\t\t\t\t\t\t\t\t\t\t<img decoding=\"async\" width=\"1000\" height=\"500\" src=\"https:\/\/i0.wp.com\/www.tropicair.com\/wp-content\/uploads\/2023\/03\/BZE-DGA-desttraveltimegraph-05.png?fit=1000%2C500&amp;ssl=1\" class=\"attachment-large size-large wp-image-10302\" alt=\"\" srcset=\"https:\/\/i0.wp.com\/www.tropicair.com\/wp-content\/uploads\/2023\/03\/BZE-DGA-desttraveltimegraph-05.png?w=1000&amp;ssl=1 1000w, https:\/\/i0.wp.com\/www.tropicair.com\/wp-content\/uploads\/2023\/03\/BZE-DGA-desttraveltimegraph-05.png?resize=300%2C150&amp;ssl=1 300w, https:\/\/i0.wp.com\/www.tropicair.com\/wp-content\/uploads\/2023\/03\/BZE-DGA-desttraveltimegraph-05.png?resize=768%2C384&amp;ssl=1 768w, https:\/\/i0.wp.com\/www.tropicair.com\/wp-content\/uploads\/2023\/03\/BZE-DGA-desttraveltimegraph-05.png?resize=600%2C300&amp;ssl=1 600w\" sizes=\"(max-width: 1000px) 100vw, 1000px\" \/>\t\t\t\t\t\t\t\t\t\t\t\t\t\t\t<\/div>\n\t\t\t\t<\/div>\n\t\t\t\t\t<\/div>\n\t\t<\/div>\n\t\t\t\t\t<\/div>\n\t\t<\/section>\n\t\t\t\t<\/div>\n\t\t","protected":false},"excerpt":{"rendered":"<p>Dangriga (DGA) &#038; Hopkins Dangriga, ubicada en el distrito de Stann Creek, es la ciudad m\u00e1s grande del sur de Belice. Mantiene la fuerte influencia cultural del pueblo Garinagu (Garifuna), descendientes de indios caribes y negros africanos, que llegaron a [&hellip;]<\/p>\n","protected":false},"author":1,"featured_media":10871,"parent":0,"menu_order":0,"comment_status":"closed","ping_status":"closed","template":"","meta":{"footnotes":""},"class_list":["post-11365","page","type-page","status-publish","has-post-thumbnail","hentry","entry"],"yoast_head":"<!-- This site is optimized with the Yoast SEO plugin v27.5 - https:\/\/yoast.com\/product\/yoast-seo-wordpress\/ -->\n<title>Dangriga &amp; Hopkins (DGA) - Tropic Air<\/title>\n<meta name=\"robots\" content=\"index, follow, max-snippet:-1, max-image-preview:large, max-video-preview:-1\" \/>\n<link rel=\"canonical\" href=\"https:\/\/www.tropicair.com\/dangriga-hopkins-dga\/\" \/>\n<meta property=\"og:locale\" content=\"es_ES\" \/>\n<meta property=\"og:type\" content=\"article\" \/>\n<meta property=\"og:title\" content=\"Dangriga &amp; Hopkins (DGA) - Tropic Air\" \/>\n<meta property=\"og:description\" content=\"Dangriga (DGA) &#038; Hopkins Dangriga, ubicada en el distrito de Stann Creek, es la ciudad m\u00e1s grande del sur de Belice. Mantiene la fuerte influencia cultural del pueblo Garinagu (Garifuna), descendientes de indios caribes y negros africanos, que llegaron a [&hellip;]\" \/>\n<meta property=\"og:url\" content=\"https:\/\/www.tropicair.com\/dangriga-hopkins-dga\/\" \/>\n<meta property=\"og:site_name\" content=\"Tropic Air\" \/>\n<meta property=\"article:modified_time\" content=\"2023-07-19T14:27:13+00:00\" \/>\n<meta property=\"og:image\" content=\"https:\/\/i0.wp.com\/www.tropicair.com\/wp-content\/uploads\/2023\/06\/TropicAir-DangrigaHopkins-05.jpg?fit=800%2C800&ssl=1\" \/>\n\t<meta property=\"og:image:width\" content=\"800\" \/>\n\t<meta property=\"og:image:height\" content=\"800\" \/>\n\t<meta property=\"og:image:type\" content=\"image\/jpeg\" \/>\n<meta name=\"twitter:card\" content=\"summary_large_image\" \/>\n<meta name=\"twitter:label1\" content=\"Tiempo de lectura\" \/>\n\t<meta name=\"twitter:data1\" content=\"2 minutos\" \/>\n<script type=\"application\/ld+json\" class=\"yoast-schema-graph\">{\"@context\":\"https:\\\/\\\/schema.org\",\"@graph\":[{\"@type\":\"WebPage\",\"@id\":\"https:\\\/\\\/www.tropicair.com\\\/dangriga-hopkins-dga\\\/\",\"url\":\"https:\\\/\\\/www.tropicair.com\\\/dangriga-hopkins-dga\\\/\",\"name\":\"Dangriga &amp; Hopkins (DGA) - Tropic Air\",\"isPartOf\":{\"@id\":\"https:\\\/\\\/www.tropicair.com\\\/#website\"},\"primaryImageOfPage\":{\"@id\":\"https:\\\/\\\/www.tropicair.com\\\/dangriga-hopkins-dga\\\/#primaryimage\"},\"image\":{\"@id\":\"https:\\\/\\\/www.tropicair.com\\\/dangriga-hopkins-dga\\\/#primaryimage\"},\"thumbnailUrl\":\"https:\\\/\\\/i0.wp.com\\\/www.tropicair.com\\\/wp-content\\\/uploads\\\/2023\\\/06\\\/TropicAir-DangrigaHopkins-05.jpg?fit=800%2C800&ssl=1\",\"datePublished\":\"2023-03-30T15:53:50+00:00\",\"dateModified\":\"2023-07-19T14:27:13+00:00\",\"breadcrumb\":{\"@id\":\"https:\\\/\\\/www.tropicair.com\\\/dangriga-hopkins-dga\\\/#breadcrumb\"},\"inLanguage\":\"es\",\"potentialAction\":[{\"@type\":\"ReadAction\",\"target\":[\"https:\\\/\\\/www.tropicair.com\\\/dangriga-hopkins-dga\\\/\"]}]},{\"@type\":\"ImageObject\",\"inLanguage\":\"es\",\"@id\":\"https:\\\/\\\/www.tropicair.com\\\/dangriga-hopkins-dga\\\/#primaryimage\",\"url\":\"https:\\\/\\\/i0.wp.com\\\/www.tropicair.com\\\/wp-content\\\/uploads\\\/2023\\\/06\\\/TropicAir-DangrigaHopkins-05.jpg?fit=800%2C800&ssl=1\",\"contentUrl\":\"https:\\\/\\\/i0.wp.com\\\/www.tropicair.com\\\/wp-content\\\/uploads\\\/2023\\\/06\\\/TropicAir-DangrigaHopkins-05.jpg?fit=800%2C800&ssl=1\",\"width\":800,\"height\":800},{\"@type\":\"BreadcrumbList\",\"@id\":\"https:\\\/\\\/www.tropicair.com\\\/dangriga-hopkins-dga\\\/#breadcrumb\",\"itemListElement\":[{\"@type\":\"ListItem\",\"position\":1,\"name\":\"Home\",\"item\":\"https:\\\/\\\/www.tropicair.com\\\/es\\\/\"},{\"@type\":\"ListItem\",\"position\":2,\"name\":\"Dangriga &amp; Hopkins (DGA)\"}]},{\"@type\":\"WebSite\",\"@id\":\"https:\\\/\\\/www.tropicair.com\\\/#website\",\"url\":\"https:\\\/\\\/www.tropicair.com\\\/\",\"name\":\"Tropic Air\",\"description\":\"The Airline of Belize\",\"publisher\":{\"@id\":\"https:\\\/\\\/www.tropicair.com\\\/#organization\"},\"alternateName\":\"Tropic Air Belize\",\"potentialAction\":[{\"@type\":\"SearchAction\",\"target\":{\"@type\":\"EntryPoint\",\"urlTemplate\":\"https:\\\/\\\/www.tropicair.com\\\/?s={search_term_string}\"},\"query-input\":{\"@type\":\"PropertyValueSpecification\",\"valueRequired\":true,\"valueName\":\"search_term_string\"}}],\"inLanguage\":\"es\"},{\"@type\":\"Organization\",\"@id\":\"https:\\\/\\\/www.tropicair.com\\\/#organization\",\"name\":\"Tropic Air\",\"url\":\"https:\\\/\\\/www.tropicair.com\\\/\",\"logo\":{\"@type\":\"ImageObject\",\"inLanguage\":\"es\",\"@id\":\"https:\\\/\\\/www.tropicair.com\\\/#\\\/schema\\\/logo\\\/image\\\/\",\"url\":\"https:\\\/\\\/i0.wp.com\\\/www.tropicair.com\\\/wp-content\\\/uploads\\\/2025\\\/08\\\/2025-TROPIC-AIR-LOGO-400x.png?fit=400%2C69&ssl=1\",\"contentUrl\":\"https:\\\/\\\/i0.wp.com\\\/www.tropicair.com\\\/wp-content\\\/uploads\\\/2025\\\/08\\\/2025-TROPIC-AIR-LOGO-400x.png?fit=400%2C69&ssl=1\",\"width\":400,\"height\":69,\"caption\":\"Tropic Air\"},\"image\":{\"@id\":\"https:\\\/\\\/www.tropicair.com\\\/#\\\/schema\\\/logo\\\/image\\\/\"}}]}<\/script>\n<!-- \/ Yoast SEO plugin. -->","yoast_head_json":{"title":"Dangriga &amp; Hopkins (DGA) - Tropic Air","robots":{"index":"index","follow":"follow","max-snippet":"max-snippet:-1","max-image-preview":"max-image-preview:large","max-video-preview":"max-video-preview:-1"},"canonical":"https:\/\/www.tropicair.com\/dangriga-hopkins-dga\/","og_locale":"es_ES","og_type":"article","og_title":"Dangriga &amp; Hopkins (DGA) - Tropic Air","og_description":"Dangriga (DGA) &#038; Hopkins Dangriga, ubicada en el distrito de Stann Creek, es la ciudad m\u00e1s grande del sur de Belice. Mantiene la fuerte influencia cultural del pueblo Garinagu (Garifuna), descendientes de indios caribes y negros africanos, que llegaron a [&hellip;]","og_url":"https:\/\/www.tropicair.com\/dangriga-hopkins-dga\/","og_site_name":"Tropic Air","article_modified_time":"2023-07-19T14:27:13+00:00","og_image":[{"width":800,"height":800,"url":"https:\/\/i0.wp.com\/www.tropicair.com\/wp-content\/uploads\/2023\/06\/TropicAir-DangrigaHopkins-05.jpg?fit=800%2C800&ssl=1","type":"image\/jpeg"}],"twitter_card":"summary_large_image","twitter_misc":{"Tiempo de lectura":"2 minutos"},"schema":{"@context":"https:\/\/schema.org","@graph":[{"@type":"WebPage","@id":"https:\/\/www.tropicair.com\/dangriga-hopkins-dga\/","url":"https:\/\/www.tropicair.com\/dangriga-hopkins-dga\/","name":"Dangriga &amp; Hopkins (DGA) - Tropic Air","isPartOf":{"@id":"https:\/\/www.tropicair.com\/#website"},"primaryImageOfPage":{"@id":"https:\/\/www.tropicair.com\/dangriga-hopkins-dga\/#primaryimage"},"image":{"@id":"https:\/\/www.tropicair.com\/dangriga-hopkins-dga\/#primaryimage"},"thumbnailUrl":"https:\/\/i0.wp.com\/www.tropicair.com\/wp-content\/uploads\/2023\/06\/TropicAir-DangrigaHopkins-05.jpg?fit=800%2C800&ssl=1","datePublished":"2023-03-30T15:53:50+00:00","dateModified":"2023-07-19T14:27:13+00:00","breadcrumb":{"@id":"https:\/\/www.tropicair.com\/dangriga-hopkins-dga\/#breadcrumb"},"inLanguage":"es","potentialAction":[{"@type":"ReadAction","target":["https:\/\/www.tropicair.com\/dangriga-hopkins-dga\/"]}]},{"@type":"ImageObject","inLanguage":"es","@id":"https:\/\/www.tropicair.com\/dangriga-hopkins-dga\/#primaryimage","url":"https:\/\/i0.wp.com\/www.tropicair.com\/wp-content\/uploads\/2023\/06\/TropicAir-DangrigaHopkins-05.jpg?fit=800%2C800&ssl=1","contentUrl":"https:\/\/i0.wp.com\/www.tropicair.com\/wp-content\/uploads\/2023\/06\/TropicAir-DangrigaHopkins-05.jpg?fit=800%2C800&ssl=1","width":800,"height":800},{"@type":"BreadcrumbList","@id":"https:\/\/www.tropicair.com\/dangriga-hopkins-dga\/#breadcrumb","itemListElement":[{"@type":"ListItem","position":1,"name":"Home","item":"https:\/\/www.tropicair.com\/es\/"},{"@type":"ListItem","position":2,"name":"Dangriga &amp; Hopkins (DGA)"}]},{"@type":"WebSite","@id":"https:\/\/www.tropicair.com\/#website","url":"https:\/\/www.tropicair.com\/","name":"Tropic Air","description":"The Airline of Belize","publisher":{"@id":"https:\/\/www.tropicair.com\/#organization"},"alternateName":"Tropic Air Belize","potentialAction":[{"@type":"SearchAction","target":{"@type":"EntryPoint","urlTemplate":"https:\/\/www.tropicair.com\/?s={search_term_string}"},"query-input":{"@type":"PropertyValueSpecification","valueRequired":true,"valueName":"search_term_string"}}],"inLanguage":"es"},{"@type":"Organization","@id":"https:\/\/www.tropicair.com\/#organization","name":"Tropic Air","url":"https:\/\/www.tropicair.com\/","logo":{"@type":"ImageObject","inLanguage":"es","@id":"https:\/\/www.tropicair.com\/#\/schema\/logo\/image\/","url":"https:\/\/i0.wp.com\/www.tropicair.com\/wp-content\/uploads\/2025\/08\/2025-TROPIC-AIR-LOGO-400x.png?fit=400%2C69&ssl=1","contentUrl":"https:\/\/i0.wp.com\/www.tropicair.com\/wp-content\/uploads\/2025\/08\/2025-TROPIC-AIR-LOGO-400x.png?fit=400%2C69&ssl=1","width":400,"height":69,"caption":"Tropic Air"},"image":{"@id":"https:\/\/www.tropicair.com\/#\/schema\/logo\/image\/"}}]}},"jetpack_sharing_enabled":true,"_links":{"self":[{"href":"https:\/\/www.tropicair.com\/es\/wp-json\/wp\/v2\/pages\/11365","targetHints":{"allow":["GET"]}}],"collection":[{"href":"https:\/\/www.tropicair.com\/es\/wp-json\/wp\/v2\/pages"}],"about":[{"href":"https:\/\/www.tropicair.com\/es\/wp-json\/wp\/v2\/types\/page"}],"author":[{"embeddable":true,"href":"https:\/\/www.tropicair.com\/es\/wp-json\/wp\/v2\/users\/1"}],"replies":[{"embeddable":true,"href":"https:\/\/www.tropicair.com\/es\/wp-json\/wp\/v2\/comments?post=11365"}],"version-history":[{"count":4,"href":"https:\/\/www.tropicair.com\/es\/wp-json\/wp\/v2\/pages\/11365\/revisions"}],"predecessor-version":[{"id":11369,"href":"https:\/\/www.tropicair.com\/es\/wp-json\/wp\/v2\/pages\/11365\/revisions\/11369"}],"wp:featuredmedia":[{"embeddable":true,"href":"https:\/\/www.tropicair.com\/es\/wp-json\/wp\/v2\/media\/10871"}],"wp:attachment":[{"href":"https:\/\/www.tropicair.com\/es\/wp-json\/wp\/v2\/media?parent=11365"}],"curies":[{"name":"wp","href":"https:\/\/api.w.org\/{rel}","templated":true}]}}