{"id":11343,"date":"2023-06-17T08:52:18","date_gmt":"2023-06-17T14:52:18","guid":{"rendered":"https:\/\/cjh.a12.mwp.accessdomain.com\/?page_id=11343"},"modified":"2023-07-17T09:36:50","modified_gmt":"2023-07-17T15:36:50","slug":"condiciones-de-transporte","status":"publish","type":"page","link":"https:\/\/www.tropicair.com\/es\/condiciones-de-transporte\/","title":{"rendered":"Condiciones de Transporte"},"content":{"rendered":"\t\t<div data-elementor-type=\"wp-page\" data-elementor-id=\"11343\" class=\"elementor elementor-11343 elementor-10757\" data-elementor-post-type=\"page\">\n\t\t\t\t\t\t<section class=\"elementor-section elementor-top-section elementor-element elementor-element-3169737e elementor-section-boxed elementor-section-height-default elementor-section-height-default\" data-id=\"3169737e\" data-element_type=\"section\" data-e-type=\"section\">\n\t\t\t\t\t\t<div class=\"elementor-container elementor-column-gap-default\">\n\t\t\t\t\t<div class=\"elementor-column elementor-col-100 elementor-top-column elementor-element elementor-element-22d316a8\" data-id=\"22d316a8\" data-element_type=\"column\" data-e-type=\"column\">\n\t\t\t<div class=\"elementor-widget-wrap elementor-element-populated\">\n\t\t\t\t\t\t<div class=\"elementor-element elementor-element-6795af99 elementor-widget elementor-widget-heading\" data-id=\"6795af99\" data-element_type=\"widget\" data-e-type=\"widget\" data-widget_type=\"heading.default\">\n\t\t\t\t<div class=\"elementor-widget-container\">\n\t\t\t\t\t<h2 class=\"elementor-heading-title elementor-size-default\">Aviso especial de viaje<\/h2>\t\t\t\t<\/div>\n\t\t\t\t<\/div>\n\t\t\t\t\t<\/div>\n\t\t<\/div>\n\t\t\t\t\t<\/div>\n\t\t<\/section>\n\t\t\t\t<section class=\"elementor-section elementor-top-section elementor-element elementor-element-2b9f3253 elementor-section-boxed elementor-section-height-default elementor-section-height-default\" data-id=\"2b9f3253\" data-element_type=\"section\" data-e-type=\"section\">\n\t\t\t\t\t\t<div class=\"elementor-container elementor-column-gap-default\">\n\t\t\t\t\t<div class=\"elementor-column elementor-col-100 elementor-top-column elementor-element elementor-element-8a8bdd1\" data-id=\"8a8bdd1\" data-element_type=\"column\" data-e-type=\"column\">\n\t\t\t<div class=\"elementor-widget-wrap elementor-element-populated\">\n\t\t\t\t\t\t<div class=\"elementor-element elementor-element-3747ed7d elementor-widget elementor-widget-text-editor\" data-id=\"3747ed7d\" data-element_type=\"widget\" data-e-type=\"widget\" data-widget_type=\"text-editor.default\">\n\t\t\t\t<div class=\"elementor-widget-container\">\n\t\t\t\t\t\t\t\t\t<p>Todos los pasajeros que viajen hacia\/desde destinos en el extranjero con Tropic Air son los \u00fanicos responsables de comprender y\/o tener la documentaci\u00f3n necesaria requerida para el ingreso a ese pa\u00eds. Tropic Air no verificar\u00e1 los certificados m\u00e9dicos, las visas ni se har\u00e1 responsable (econ\u00f3micamente o de otra manera) por las entradas denegadas. Tropic Air tampoco ser\u00e1 responsable de los cargos de los pasajeros por las pruebas m\u00e9dicas requeridas para ingresar al pa\u00eds, ni de los cargos resultantes de las estad\u00edas en cuarentena y los cambios de itinerario. Consulte con las agencias gubernamentales pertinentes, las embajadas o su agente de viajes para conocer los requisitos de entrada espec\u00edficos.<\/p><p>Tal como se utiliza en este contrato, &#8216;billete&#8217; significa este billete de pasajero del que forman parte estas condiciones y los avisos, &#8216;transporte&#8217; es equivalente a &#8216;transporte&#8217;, &#8216;transportista&#8217; significa todas las compa\u00f1\u00edas a\u00e9reas que transportan o se comprometen a transportar al pasajero o su equipaje. en virtud del presente o realizar cualquier otro servicio relacionado con dicho transporte a\u00e9reo. \u201cConvenio de Varsovia\u201d significa el Convenio para la unificaci\u00f3n de ciertas reglas relativas al transporte a\u00e9reo internacional firmado en Varsovia el 12 de octubre de 1929, o dicho Convenio modificado en La Haya el 28 de septiembre de 1955, seg\u00fan corresponda.<\/p><p>El transporte en virtud del presente est\u00e1 sujeto a las normas y limitaciones relativas a la responsabilidad establecidas por el Convenio de Varsovia, a menos que dicho transporte no sea un \u00abTransporte internacional\u00bb: tal como se define en dicho Convenio.<\/p><p>En la medida en que no entre en conflicto con lo anterior, el transporte y otros servicios prestados por cada transportista est\u00e1n sujetos a:<\/p><p>disposiciones contenidas en el billete,<br \/>tarifas aplicables,<br \/>las condiciones de transporte de los transportistas y las reglamentaciones relacionadas que forman parte del presente (y est\u00e1n disponibles previa solicitud en las oficinas del transportista), excepto en el transporte entre un lugar en los Estados Unidos o Canad\u00e1 y cualquier lugar fuera del mismo donde se apliquen las tarifas vigentes en esos pa\u00edses .<br \/>El nombre del transportista puede estar abreviado en el boleto, el nombre completo y su abreviatura se establecen en las tarifas, condiciones de transporte, reglamento u horarios del transportista; la direcci\u00f3n del transportista ser\u00e1 el aeropuerto de salida que figura en los horarios del transportista como escalas programadas en la ruta del pasajero; el transporte a realizar en virtud del presente por varios transportistas sucesivos se considera como una sola operaci\u00f3n.<\/p><p>Una compa\u00f1\u00eda a\u00e9rea que emite un billete para el transporte por las l\u00edneas de otra compa\u00f1\u00eda a\u00e9rea lo hace \u00fanicamente como su agente.<br \/>Cualquier exclusi\u00f3n o limitaci\u00f3n de responsabilidad del transportista se aplicar\u00e1 y beneficiar\u00e1 a los agentes, empleados y representantes del transportista y a cualquier persona cuya aeronave sea utilizada por el transportista para el transporte y sus agentes, empleados y representantes.<br \/>Se debe presentar una identificaci\u00f3n v\u00e1lida al momento del check-in para el vuelo.<\/p>\t\t\t\t\t\t\t\t<\/div>\n\t\t\t\t<\/div>\n\t\t\t\t\t<\/div>\n\t\t<\/div>\n\t\t\t\t\t<\/div>\n\t\t<\/section>\n\t\t\t\t<section class=\"elementor-section elementor-top-section elementor-element elementor-element-9bced08 elementor-section-boxed elementor-section-height-default elementor-section-height-default\" data-id=\"9bced08\" data-element_type=\"section\" data-e-type=\"section\">\n\t\t\t\t\t\t<div class=\"elementor-container elementor-column-gap-default\">\n\t\t\t\t\t<div class=\"elementor-column elementor-col-100 elementor-top-column elementor-element elementor-element-9e57bbd\" data-id=\"9e57bbd\" data-element_type=\"column\" data-e-type=\"column\">\n\t\t\t<div class=\"elementor-widget-wrap elementor-element-populated\">\n\t\t\t\t\t\t<div class=\"elementor-element elementor-element-fd14196 elementor-widget elementor-widget-text-editor\" data-id=\"fd14196\" data-element_type=\"widget\" data-e-type=\"widget\" data-widget_type=\"text-editor.default\">\n\t\t\t\t<div class=\"elementor-widget-container\">\n\t\t\t\t\t\t\t\t\t<p>Pagos en l\u00ednea usando Placetopay:<\/p><p><a title=\"Electronic Payments FAQ\" href=\"http:\/\/q44.d22.myftpupload.com\/electronic-payments-faq\/\">Haga clic aqu\u00ed para ver las preguntas frecuentes.<\/a><\/p>\t\t\t\t\t\t\t\t<\/div>\n\t\t\t\t<\/div>\n\t\t\t\t\t<\/div>\n\t\t<\/div>\n\t\t\t\t\t<\/div>\n\t\t<\/section>\n\t\t\t\t<\/div>\n\t\t","protected":false},"excerpt":{"rendered":"<p>Aviso especial de viaje Todos los pasajeros que viajen hacia\/desde destinos en el extranjero con Tropic Air son los \u00fanicos responsables de comprender y\/o tener la documentaci\u00f3n necesaria requerida para el ingreso a ese pa\u00eds. Tropic Air no verificar\u00e1 los [&hellip;]<\/p>\n","protected":false},"author":1,"featured_media":0,"parent":0,"menu_order":0,"comment_status":"closed","ping_status":"closed","template":"","meta":{"footnotes":""},"class_list":["post-11343","page","type-page","status-publish","hentry","entry"],"yoast_head":"<!-- This site is optimized with the Yoast SEO plugin v27.5 - https:\/\/yoast.com\/product\/yoast-seo-wordpress\/ -->\n<title>Condiciones de Transporte - Tropic Air<\/title>\n<meta name=\"robots\" content=\"index, follow, max-snippet:-1, max-image-preview:large, max-video-preview:-1\" \/>\n<link rel=\"canonical\" href=\"https:\/\/www.tropicair.com\/conditions-of-carriage\/\" \/>\n<meta property=\"og:locale\" content=\"es_ES\" \/>\n<meta property=\"og:type\" content=\"article\" \/>\n<meta property=\"og:title\" content=\"Condiciones de Transporte - Tropic Air\" \/>\n<meta property=\"og:description\" content=\"Aviso especial de viaje Todos los pasajeros que viajen hacia\/desde destinos en el extranjero con Tropic Air son los \u00fanicos responsables de comprender y\/o tener la documentaci\u00f3n necesaria requerida para el ingreso a ese pa\u00eds. Tropic Air no verificar\u00e1 los [&hellip;]\" \/>\n<meta property=\"og:url\" content=\"https:\/\/www.tropicair.com\/conditions-of-carriage\/\" \/>\n<meta property=\"og:site_name\" content=\"Tropic Air\" \/>\n<meta property=\"article:modified_time\" content=\"2023-07-17T15:36:50+00:00\" \/>\n<meta name=\"twitter:card\" content=\"summary_large_image\" \/>\n<meta name=\"twitter:label1\" content=\"Tiempo de lectura\" \/>\n\t<meta name=\"twitter:data1\" content=\"3 minutos\" \/>\n<script type=\"application\/ld+json\" class=\"yoast-schema-graph\">{\"@context\":\"https:\\\/\\\/schema.org\",\"@graph\":[{\"@type\":\"WebPage\",\"@id\":\"https:\\\/\\\/www.tropicair.com\\\/conditions-of-carriage\\\/\",\"url\":\"https:\\\/\\\/www.tropicair.com\\\/conditions-of-carriage\\\/\",\"name\":\"Condiciones de Transporte - Tropic Air\",\"isPartOf\":{\"@id\":\"https:\\\/\\\/www.tropicair.com\\\/#website\"},\"datePublished\":\"2023-06-17T14:52:18+00:00\",\"dateModified\":\"2023-07-17T15:36:50+00:00\",\"breadcrumb\":{\"@id\":\"https:\\\/\\\/www.tropicair.com\\\/conditions-of-carriage\\\/#breadcrumb\"},\"inLanguage\":\"es\",\"potentialAction\":[{\"@type\":\"ReadAction\",\"target\":[\"https:\\\/\\\/www.tropicair.com\\\/conditions-of-carriage\\\/\"]}]},{\"@type\":\"BreadcrumbList\",\"@id\":\"https:\\\/\\\/www.tropicair.com\\\/conditions-of-carriage\\\/#breadcrumb\",\"itemListElement\":[{\"@type\":\"ListItem\",\"position\":1,\"name\":\"Home\",\"item\":\"https:\\\/\\\/www.tropicair.com\\\/es\\\/\"},{\"@type\":\"ListItem\",\"position\":2,\"name\":\"Condiciones de Transporte\"}]},{\"@type\":\"WebSite\",\"@id\":\"https:\\\/\\\/www.tropicair.com\\\/#website\",\"url\":\"https:\\\/\\\/www.tropicair.com\\\/\",\"name\":\"Tropic Air\",\"description\":\"The Airline of Belize\",\"publisher\":{\"@id\":\"https:\\\/\\\/www.tropicair.com\\\/#organization\"},\"alternateName\":\"Tropic Air Belize\",\"potentialAction\":[{\"@type\":\"SearchAction\",\"target\":{\"@type\":\"EntryPoint\",\"urlTemplate\":\"https:\\\/\\\/www.tropicair.com\\\/?s={search_term_string}\"},\"query-input\":{\"@type\":\"PropertyValueSpecification\",\"valueRequired\":true,\"valueName\":\"search_term_string\"}}],\"inLanguage\":\"es\"},{\"@type\":\"Organization\",\"@id\":\"https:\\\/\\\/www.tropicair.com\\\/#organization\",\"name\":\"Tropic Air\",\"url\":\"https:\\\/\\\/www.tropicair.com\\\/\",\"logo\":{\"@type\":\"ImageObject\",\"inLanguage\":\"es\",\"@id\":\"https:\\\/\\\/www.tropicair.com\\\/#\\\/schema\\\/logo\\\/image\\\/\",\"url\":\"https:\\\/\\\/i0.wp.com\\\/www.tropicair.com\\\/wp-content\\\/uploads\\\/2025\\\/08\\\/2025-TROPIC-AIR-LOGO-400x.png?fit=400%2C69&ssl=1\",\"contentUrl\":\"https:\\\/\\\/i0.wp.com\\\/www.tropicair.com\\\/wp-content\\\/uploads\\\/2025\\\/08\\\/2025-TROPIC-AIR-LOGO-400x.png?fit=400%2C69&ssl=1\",\"width\":400,\"height\":69,\"caption\":\"Tropic Air\"},\"image\":{\"@id\":\"https:\\\/\\\/www.tropicair.com\\\/#\\\/schema\\\/logo\\\/image\\\/\"}}]}<\/script>\n<!-- \/ Yoast SEO plugin. -->","yoast_head_json":{"title":"Condiciones de Transporte - Tropic Air","robots":{"index":"index","follow":"follow","max-snippet":"max-snippet:-1","max-image-preview":"max-image-preview:large","max-video-preview":"max-video-preview:-1"},"canonical":"https:\/\/www.tropicair.com\/conditions-of-carriage\/","og_locale":"es_ES","og_type":"article","og_title":"Condiciones de Transporte - Tropic Air","og_description":"Aviso especial de viaje Todos los pasajeros que viajen hacia\/desde destinos en el extranjero con Tropic Air son los \u00fanicos responsables de comprender y\/o tener la documentaci\u00f3n necesaria requerida para el ingreso a ese pa\u00eds. Tropic Air no verificar\u00e1 los [&hellip;]","og_url":"https:\/\/www.tropicair.com\/conditions-of-carriage\/","og_site_name":"Tropic Air","article_modified_time":"2023-07-17T15:36:50+00:00","twitter_card":"summary_large_image","twitter_misc":{"Tiempo de lectura":"3 minutos"},"schema":{"@context":"https:\/\/schema.org","@graph":[{"@type":"WebPage","@id":"https:\/\/www.tropicair.com\/conditions-of-carriage\/","url":"https:\/\/www.tropicair.com\/conditions-of-carriage\/","name":"Condiciones de Transporte - Tropic Air","isPartOf":{"@id":"https:\/\/www.tropicair.com\/#website"},"datePublished":"2023-06-17T14:52:18+00:00","dateModified":"2023-07-17T15:36:50+00:00","breadcrumb":{"@id":"https:\/\/www.tropicair.com\/conditions-of-carriage\/#breadcrumb"},"inLanguage":"es","potentialAction":[{"@type":"ReadAction","target":["https:\/\/www.tropicair.com\/conditions-of-carriage\/"]}]},{"@type":"BreadcrumbList","@id":"https:\/\/www.tropicair.com\/conditions-of-carriage\/#breadcrumb","itemListElement":[{"@type":"ListItem","position":1,"name":"Home","item":"https:\/\/www.tropicair.com\/es\/"},{"@type":"ListItem","position":2,"name":"Condiciones de Transporte"}]},{"@type":"WebSite","@id":"https:\/\/www.tropicair.com\/#website","url":"https:\/\/www.tropicair.com\/","name":"Tropic Air","description":"The Airline of Belize","publisher":{"@id":"https:\/\/www.tropicair.com\/#organization"},"alternateName":"Tropic Air Belize","potentialAction":[{"@type":"SearchAction","target":{"@type":"EntryPoint","urlTemplate":"https:\/\/www.tropicair.com\/?s={search_term_string}"},"query-input":{"@type":"PropertyValueSpecification","valueRequired":true,"valueName":"search_term_string"}}],"inLanguage":"es"},{"@type":"Organization","@id":"https:\/\/www.tropicair.com\/#organization","name":"Tropic Air","url":"https:\/\/www.tropicair.com\/","logo":{"@type":"ImageObject","inLanguage":"es","@id":"https:\/\/www.tropicair.com\/#\/schema\/logo\/image\/","url":"https:\/\/i0.wp.com\/www.tropicair.com\/wp-content\/uploads\/2025\/08\/2025-TROPIC-AIR-LOGO-400x.png?fit=400%2C69&ssl=1","contentUrl":"https:\/\/i0.wp.com\/www.tropicair.com\/wp-content\/uploads\/2025\/08\/2025-TROPIC-AIR-LOGO-400x.png?fit=400%2C69&ssl=1","width":400,"height":69,"caption":"Tropic Air"},"image":{"@id":"https:\/\/www.tropicair.com\/#\/schema\/logo\/image\/"}}]}},"jetpack_sharing_enabled":true,"_links":{"self":[{"href":"https:\/\/www.tropicair.com\/es\/wp-json\/wp\/v2\/pages\/11343","targetHints":{"allow":["GET"]}}],"collection":[{"href":"https:\/\/www.tropicair.com\/es\/wp-json\/wp\/v2\/pages"}],"about":[{"href":"https:\/\/www.tropicair.com\/es\/wp-json\/wp\/v2\/types\/page"}],"author":[{"embeddable":true,"href":"https:\/\/www.tropicair.com\/es\/wp-json\/wp\/v2\/users\/1"}],"replies":[{"embeddable":true,"href":"https:\/\/www.tropicair.com\/es\/wp-json\/wp\/v2\/comments?post=11343"}],"version-history":[{"count":4,"href":"https:\/\/www.tropicair.com\/es\/wp-json\/wp\/v2\/pages\/11343\/revisions"}],"predecessor-version":[{"id":11347,"href":"https:\/\/www.tropicair.com\/es\/wp-json\/wp\/v2\/pages\/11343\/revisions\/11347"}],"wp:attachment":[{"href":"https:\/\/www.tropicair.com\/es\/wp-json\/wp\/v2\/media?parent=11343"}],"curies":[{"name":"wp","href":"https:\/\/api.w.org\/{rel}","templated":true}]}}