{"id":11292,"date":"2023-02-14T14:35:19","date_gmt":"2023-02-14T20:35:19","guid":{"rendered":"https:\/\/cjh.a12.mwp.accessdomain.com\/?page_id=11292"},"modified":"2024-06-11T10:12:19","modified_gmt":"2024-06-11T16:12:19","slug":"caye-caulker-cuk","status":"publish","type":"page","link":"https:\/\/www.tropicair.com\/es\/caye-caulker-cuk\/","title":{"rendered":"Caye Caulker (CUK)"},"content":{"rendered":"\t\t<div data-elementor-type=\"wp-page\" data-elementor-id=\"11292\" class=\"elementor elementor-11292 elementor-9694\" data-elementor-post-type=\"page\">\n\t\t\t\t\t\t<section class=\"elementor-section elementor-top-section elementor-element elementor-element-2958c944 elementor-section-boxed elementor-section-height-default elementor-section-height-default\" data-id=\"2958c944\" data-element_type=\"section\" data-e-type=\"section\">\n\t\t\t\t\t\t<div class=\"elementor-container elementor-column-gap-default\">\n\t\t\t\t\t<div class=\"elementor-column elementor-col-100 elementor-top-column elementor-element elementor-element-122371b9\" data-id=\"122371b9\" data-element_type=\"column\" data-e-type=\"column\">\n\t\t\t<div class=\"elementor-widget-wrap elementor-element-populated\">\n\t\t\t\t\t\t<div class=\"elementor-element elementor-element-2587673b elementor-widget elementor-widget-heading\" data-id=\"2587673b\" data-element_type=\"widget\" data-e-type=\"widget\" data-widget_type=\"heading.default\">\n\t\t\t\t<div class=\"elementor-widget-container\">\n\t\t\t\t\t<h1 class=\"elementor-heading-title elementor-size-default\">Caye Caulker (CUK)<\/h1>\t\t\t\t<\/div>\n\t\t\t\t<\/div>\n\t\t\t\t\t<\/div>\n\t\t<\/div>\n\t\t\t\t\t<\/div>\n\t\t<\/section>\n\t\t\t\t<section class=\"elementor-section elementor-top-section elementor-element elementor-element-5bf4ec7e elementor-section-boxed elementor-section-height-default elementor-section-height-default\" data-id=\"5bf4ec7e\" data-element_type=\"section\" data-e-type=\"section\">\n\t\t\t\t\t\t<div class=\"elementor-container elementor-column-gap-default\">\n\t\t\t\t\t<div class=\"elementor-column elementor-col-100 elementor-top-column elementor-element elementor-element-3b707d6b\" data-id=\"3b707d6b\" data-element_type=\"column\" data-e-type=\"column\">\n\t\t\t<div class=\"elementor-widget-wrap elementor-element-populated\">\n\t\t\t\t\t\t<div class=\"elementor-element elementor-element-e810fc7 elementor-widget elementor-widget-text-editor\" data-id=\"e810fc7\" data-element_type=\"widget\" data-e-type=\"widget\" data-widget_type=\"text-editor.default\">\n\t\t\t\t<div class=\"elementor-widget-container\">\n\t\t\t\t\t\t\t\t\t<p>Caye Caulker ha estado en el circuito de viajes de mochileros desde los a\u00f1os 60, pero hoy en d\u00eda tambi\u00e9n hay un n\u00famero creciente de hoteles que atienden a una variedad m\u00e1s amplia de visitantes, con actividades centradas en el mar. La Reserva Marina Caye Caulker es un para\u00edso para buceadores y buceadores, y la cercana reserva Hol Chan junto con Shark Ray Alley son excursiones imperdibles. Otras actividades en la isla incluyen kayak, vela, nataci\u00f3n, windsurf y kitesurf y, por supuesto, simplemente pasar el rato en uno de los bares y restaurantes locales, de los cuales no faltan. El ic\u00f3nico \u00abSplit\u00bb es un canal delgado que divide las partes norte y sur de la isla, y se ha convertido en un lugar favorito para \u00abpasar el rato\u00bb, nadar y conocer a otros viajeros.<\/p>\t\t\t\t\t\t\t\t<\/div>\n\t\t\t\t<\/div>\n\t\t\t\t\t<\/div>\n\t\t<\/div>\n\t\t\t\t\t<\/div>\n\t\t<\/section>\n\t\t\t\t<section class=\"elementor-section elementor-top-section elementor-element elementor-element-5b108d10 elementor-section-boxed elementor-section-height-default elementor-section-height-default\" data-id=\"5b108d10\" data-element_type=\"section\" data-e-type=\"section\">\n\t\t\t\t\t\t<div class=\"elementor-container elementor-column-gap-default\">\n\t\t\t\t\t<div class=\"elementor-column elementor-col-50 elementor-top-column elementor-element elementor-element-5bfdce4e\" data-id=\"5bfdce4e\" data-element_type=\"column\" data-e-type=\"column\">\n\t\t\t<div class=\"elementor-widget-wrap elementor-element-populated\">\n\t\t\t\t\t\t<div class=\"elementor-element elementor-element-1818a519 elementor-widget elementor-widget-image\" data-id=\"1818a519\" data-element_type=\"widget\" data-e-type=\"widget\" data-widget_type=\"image.default\">\n\t\t\t\t<div class=\"elementor-widget-container\">\n\t\t\t\t\t\t\t\t\t\t\t\t\t\t\t<img fetchpriority=\"high\" decoding=\"async\" width=\"800\" height=\"530\" src=\"https:\/\/i0.wp.com\/www.tropicair.com\/wp-content\/uploads\/2023\/03\/TropicAir-CayeCaulker-06.jpg?fit=800%2C530&amp;ssl=1\" class=\"attachment-large size-large wp-image-10269\" alt=\"\" srcset=\"https:\/\/i0.wp.com\/www.tropicair.com\/wp-content\/uploads\/2023\/03\/TropicAir-CayeCaulker-06.jpg?w=800&amp;ssl=1 800w, https:\/\/i0.wp.com\/www.tropicair.com\/wp-content\/uploads\/2023\/03\/TropicAir-CayeCaulker-06.jpg?resize=300%2C199&amp;ssl=1 300w, https:\/\/i0.wp.com\/www.tropicair.com\/wp-content\/uploads\/2023\/03\/TropicAir-CayeCaulker-06.jpg?resize=768%2C509&amp;ssl=1 768w, https:\/\/i0.wp.com\/www.tropicair.com\/wp-content\/uploads\/2023\/03\/TropicAir-CayeCaulker-06.jpg?resize=600%2C398&amp;ssl=1 600w\" sizes=\"(max-width: 800px) 100vw, 800px\" \/>\t\t\t\t\t\t\t\t\t\t\t\t\t\t\t<\/div>\n\t\t\t\t<\/div>\n\t\t\t\t\t<\/div>\n\t\t<\/div>\n\t\t\t\t<div class=\"elementor-column elementor-col-50 elementor-top-column elementor-element elementor-element-78136990\" data-id=\"78136990\" data-element_type=\"column\" data-e-type=\"column\">\n\t\t\t<div class=\"elementor-widget-wrap elementor-element-populated\">\n\t\t\t\t\t\t<div class=\"elementor-element elementor-element-52147e0b elementor-widget elementor-widget-image\" data-id=\"52147e0b\" data-element_type=\"widget\" data-e-type=\"widget\" data-widget_type=\"image.default\">\n\t\t\t\t<div class=\"elementor-widget-container\">\n\t\t\t\t\t\t\t\t\t\t\t\t\t\t\t<img decoding=\"async\" width=\"800\" height=\"530\" src=\"https:\/\/i0.wp.com\/www.tropicair.com\/wp-content\/uploads\/2023\/03\/TropicAir-CayeCaulker-07.jpg?fit=800%2C530&amp;ssl=1\" class=\"attachment-large size-large wp-image-10272\" alt=\"\" srcset=\"https:\/\/i0.wp.com\/www.tropicair.com\/wp-content\/uploads\/2023\/03\/TropicAir-CayeCaulker-07.jpg?w=800&amp;ssl=1 800w, https:\/\/i0.wp.com\/www.tropicair.com\/wp-content\/uploads\/2023\/03\/TropicAir-CayeCaulker-07.jpg?resize=300%2C199&amp;ssl=1 300w, https:\/\/i0.wp.com\/www.tropicair.com\/wp-content\/uploads\/2023\/03\/TropicAir-CayeCaulker-07.jpg?resize=768%2C509&amp;ssl=1 768w, https:\/\/i0.wp.com\/www.tropicair.com\/wp-content\/uploads\/2023\/03\/TropicAir-CayeCaulker-07.jpg?resize=600%2C398&amp;ssl=1 600w\" sizes=\"(max-width: 800px) 100vw, 800px\" \/>\t\t\t\t\t\t\t\t\t\t\t\t\t\t\t<\/div>\n\t\t\t\t<\/div>\n\t\t\t\t\t<\/div>\n\t\t<\/div>\n\t\t\t\t\t<\/div>\n\t\t<\/section>\n\t\t\t\t<section class=\"elementor-section elementor-top-section elementor-element elementor-element-150ff628 elementor-section-boxed elementor-section-height-default elementor-section-height-default\" data-id=\"150ff628\" data-element_type=\"section\" data-e-type=\"section\">\n\t\t\t\t\t\t<div class=\"elementor-container elementor-column-gap-default\">\n\t\t\t\t\t<div class=\"elementor-column elementor-col-100 elementor-top-column elementor-element elementor-element-3f796ae2\" data-id=\"3f796ae2\" data-element_type=\"column\" data-e-type=\"column\">\n\t\t\t<div class=\"elementor-widget-wrap elementor-element-populated\">\n\t\t\t\t\t\t<div class=\"elementor-element elementor-element-1090e87f elementor-widget elementor-widget-image\" data-id=\"1090e87f\" data-element_type=\"widget\" data-e-type=\"widget\" data-widget_type=\"image.default\">\n\t\t\t\t<div class=\"elementor-widget-container\">\n\t\t\t\t\t\t\t\t\t\t\t\t\t\t\t<img decoding=\"async\" width=\"1000\" height=\"500\" src=\"https:\/\/i0.wp.com\/www.tropicair.com\/wp-content\/uploads\/2023\/03\/BZE-CUK-desttraveltimegraph-03.png?fit=1000%2C500&amp;ssl=1\" class=\"attachment-large size-large wp-image-10266\" alt=\"\" srcset=\"https:\/\/i0.wp.com\/www.tropicair.com\/wp-content\/uploads\/2023\/03\/BZE-CUK-desttraveltimegraph-03.png?w=1000&amp;ssl=1 1000w, https:\/\/i0.wp.com\/www.tropicair.com\/wp-content\/uploads\/2023\/03\/BZE-CUK-desttraveltimegraph-03.png?resize=300%2C150&amp;ssl=1 300w, https:\/\/i0.wp.com\/www.tropicair.com\/wp-content\/uploads\/2023\/03\/BZE-CUK-desttraveltimegraph-03.png?resize=768%2C384&amp;ssl=1 768w, https:\/\/i0.wp.com\/www.tropicair.com\/wp-content\/uploads\/2023\/03\/BZE-CUK-desttraveltimegraph-03.png?resize=600%2C300&amp;ssl=1 600w\" sizes=\"(max-width: 1000px) 100vw, 1000px\" \/>\t\t\t\t\t\t\t\t\t\t\t\t\t\t\t<\/div>\n\t\t\t\t<\/div>\n\t\t\t\t\t<\/div>\n\t\t<\/div>\n\t\t\t\t\t<\/div>\n\t\t<\/section>\n\t\t\t\t<\/div>\n\t\t","protected":false},"excerpt":{"rendered":"<p>Caye Caulker (CUK) Caye Caulker ha estado en el circuito de viajes de mochileros desde los a\u00f1os 60, pero hoy en d\u00eda tambi\u00e9n hay un n\u00famero creciente de hoteles que atienden a una variedad m\u00e1s amplia de visitantes, con actividades [&hellip;]<\/p>\n","protected":false},"author":1,"featured_media":9991,"parent":0,"menu_order":0,"comment_status":"closed","ping_status":"closed","template":"","meta":{"footnotes":""},"class_list":["post-11292","page","type-page","status-publish","has-post-thumbnail","hentry","entry"],"yoast_head":"<!-- This site is optimized with the Yoast SEO plugin v27.5 - https:\/\/yoast.com\/product\/yoast-seo-wordpress\/ -->\n<title>Caye Caulker (CUK) - Tropic Air<\/title>\n<meta name=\"robots\" content=\"index, follow, max-snippet:-1, max-image-preview:large, max-video-preview:-1\" \/>\n<link rel=\"canonical\" href=\"https:\/\/www.tropicair.com\/caye-caulker-cuk\/\" \/>\n<meta property=\"og:locale\" content=\"es_ES\" \/>\n<meta property=\"og:type\" content=\"article\" \/>\n<meta property=\"og:title\" content=\"Caye Caulker (CUK) - Tropic Air\" \/>\n<meta property=\"og:description\" content=\"Caye Caulker (CUK) Caye Caulker ha estado en el circuito de viajes de mochileros desde los a\u00f1os 60, pero hoy en d\u00eda tambi\u00e9n hay un n\u00famero creciente de hoteles que atienden a una variedad m\u00e1s amplia de visitantes, con actividades [&hellip;]\" \/>\n<meta property=\"og:url\" content=\"https:\/\/www.tropicair.com\/caye-caulker-cuk\/\" \/>\n<meta property=\"og:site_name\" content=\"Tropic Air\" \/>\n<meta property=\"article:modified_time\" content=\"2024-06-11T16:12:19+00:00\" \/>\n<meta property=\"og:image\" content=\"https:\/\/i0.wp.com\/www.tropicair.com\/wp-content\/uploads\/2023\/02\/Destination-CayeCaulker-FeaturedImage.jpg?fit=900%2C600&ssl=1\" \/>\n\t<meta property=\"og:image:width\" content=\"900\" \/>\n\t<meta property=\"og:image:height\" content=\"600\" \/>\n\t<meta property=\"og:image:type\" content=\"image\/jpeg\" \/>\n<meta name=\"twitter:card\" content=\"summary_large_image\" \/>\n<meta name=\"twitter:label1\" content=\"Tiempo de lectura\" \/>\n\t<meta name=\"twitter:data1\" content=\"1 minuto\" \/>\n<script type=\"application\/ld+json\" class=\"yoast-schema-graph\">{\"@context\":\"https:\\\/\\\/schema.org\",\"@graph\":[{\"@type\":\"WebPage\",\"@id\":\"https:\\\/\\\/www.tropicair.com\\\/caye-caulker-cuk\\\/\",\"url\":\"https:\\\/\\\/www.tropicair.com\\\/caye-caulker-cuk\\\/\",\"name\":\"Caye Caulker (CUK) - Tropic Air\",\"isPartOf\":{\"@id\":\"https:\\\/\\\/www.tropicair.com\\\/#website\"},\"primaryImageOfPage\":{\"@id\":\"https:\\\/\\\/www.tropicair.com\\\/caye-caulker-cuk\\\/#primaryimage\"},\"image\":{\"@id\":\"https:\\\/\\\/www.tropicair.com\\\/caye-caulker-cuk\\\/#primaryimage\"},\"thumbnailUrl\":\"https:\\\/\\\/i0.wp.com\\\/www.tropicair.com\\\/wp-content\\\/uploads\\\/2023\\\/02\\\/Destination-CayeCaulker-FeaturedImage.jpg?fit=900%2C600&ssl=1\",\"datePublished\":\"2023-02-14T20:35:19+00:00\",\"dateModified\":\"2024-06-11T16:12:19+00:00\",\"breadcrumb\":{\"@id\":\"https:\\\/\\\/www.tropicair.com\\\/caye-caulker-cuk\\\/#breadcrumb\"},\"inLanguage\":\"es\",\"potentialAction\":[{\"@type\":\"ReadAction\",\"target\":[\"https:\\\/\\\/www.tropicair.com\\\/caye-caulker-cuk\\\/\"]}]},{\"@type\":\"ImageObject\",\"inLanguage\":\"es\",\"@id\":\"https:\\\/\\\/www.tropicair.com\\\/caye-caulker-cuk\\\/#primaryimage\",\"url\":\"https:\\\/\\\/i0.wp.com\\\/www.tropicair.com\\\/wp-content\\\/uploads\\\/2023\\\/02\\\/Destination-CayeCaulker-FeaturedImage.jpg?fit=900%2C600&ssl=1\",\"contentUrl\":\"https:\\\/\\\/i0.wp.com\\\/www.tropicair.com\\\/wp-content\\\/uploads\\\/2023\\\/02\\\/Destination-CayeCaulker-FeaturedImage.jpg?fit=900%2C600&ssl=1\",\"width\":900,\"height\":600},{\"@type\":\"BreadcrumbList\",\"@id\":\"https:\\\/\\\/www.tropicair.com\\\/caye-caulker-cuk\\\/#breadcrumb\",\"itemListElement\":[{\"@type\":\"ListItem\",\"position\":1,\"name\":\"Home\",\"item\":\"https:\\\/\\\/www.tropicair.com\\\/es\\\/\"},{\"@type\":\"ListItem\",\"position\":2,\"name\":\"Caye Caulker (CUK)\"}]},{\"@type\":\"WebSite\",\"@id\":\"https:\\\/\\\/www.tropicair.com\\\/#website\",\"url\":\"https:\\\/\\\/www.tropicair.com\\\/\",\"name\":\"Tropic Air\",\"description\":\"The Airline of Belize\",\"publisher\":{\"@id\":\"https:\\\/\\\/www.tropicair.com\\\/#organization\"},\"alternateName\":\"Tropic Air Belize\",\"potentialAction\":[{\"@type\":\"SearchAction\",\"target\":{\"@type\":\"EntryPoint\",\"urlTemplate\":\"https:\\\/\\\/www.tropicair.com\\\/?s={search_term_string}\"},\"query-input\":{\"@type\":\"PropertyValueSpecification\",\"valueRequired\":true,\"valueName\":\"search_term_string\"}}],\"inLanguage\":\"es\"},{\"@type\":\"Organization\",\"@id\":\"https:\\\/\\\/www.tropicair.com\\\/#organization\",\"name\":\"Tropic Air\",\"url\":\"https:\\\/\\\/www.tropicair.com\\\/\",\"logo\":{\"@type\":\"ImageObject\",\"inLanguage\":\"es\",\"@id\":\"https:\\\/\\\/www.tropicair.com\\\/#\\\/schema\\\/logo\\\/image\\\/\",\"url\":\"https:\\\/\\\/i0.wp.com\\\/www.tropicair.com\\\/wp-content\\\/uploads\\\/2025\\\/08\\\/2025-TROPIC-AIR-LOGO-400x.png?fit=400%2C69&ssl=1\",\"contentUrl\":\"https:\\\/\\\/i0.wp.com\\\/www.tropicair.com\\\/wp-content\\\/uploads\\\/2025\\\/08\\\/2025-TROPIC-AIR-LOGO-400x.png?fit=400%2C69&ssl=1\",\"width\":400,\"height\":69,\"caption\":\"Tropic Air\"},\"image\":{\"@id\":\"https:\\\/\\\/www.tropicair.com\\\/#\\\/schema\\\/logo\\\/image\\\/\"}}]}<\/script>\n<!-- \/ Yoast SEO plugin. -->","yoast_head_json":{"title":"Caye Caulker (CUK) - Tropic Air","robots":{"index":"index","follow":"follow","max-snippet":"max-snippet:-1","max-image-preview":"max-image-preview:large","max-video-preview":"max-video-preview:-1"},"canonical":"https:\/\/www.tropicair.com\/caye-caulker-cuk\/","og_locale":"es_ES","og_type":"article","og_title":"Caye Caulker (CUK) - Tropic Air","og_description":"Caye Caulker (CUK) Caye Caulker ha estado en el circuito de viajes de mochileros desde los a\u00f1os 60, pero hoy en d\u00eda tambi\u00e9n hay un n\u00famero creciente de hoteles que atienden a una variedad m\u00e1s amplia de visitantes, con actividades [&hellip;]","og_url":"https:\/\/www.tropicair.com\/caye-caulker-cuk\/","og_site_name":"Tropic Air","article_modified_time":"2024-06-11T16:12:19+00:00","og_image":[{"width":900,"height":600,"url":"https:\/\/i0.wp.com\/www.tropicair.com\/wp-content\/uploads\/2023\/02\/Destination-CayeCaulker-FeaturedImage.jpg?fit=900%2C600&ssl=1","type":"image\/jpeg"}],"twitter_card":"summary_large_image","twitter_misc":{"Tiempo de lectura":"1 minuto"},"schema":{"@context":"https:\/\/schema.org","@graph":[{"@type":"WebPage","@id":"https:\/\/www.tropicair.com\/caye-caulker-cuk\/","url":"https:\/\/www.tropicair.com\/caye-caulker-cuk\/","name":"Caye Caulker (CUK) - Tropic Air","isPartOf":{"@id":"https:\/\/www.tropicair.com\/#website"},"primaryImageOfPage":{"@id":"https:\/\/www.tropicair.com\/caye-caulker-cuk\/#primaryimage"},"image":{"@id":"https:\/\/www.tropicair.com\/caye-caulker-cuk\/#primaryimage"},"thumbnailUrl":"https:\/\/i0.wp.com\/www.tropicair.com\/wp-content\/uploads\/2023\/02\/Destination-CayeCaulker-FeaturedImage.jpg?fit=900%2C600&ssl=1","datePublished":"2023-02-14T20:35:19+00:00","dateModified":"2024-06-11T16:12:19+00:00","breadcrumb":{"@id":"https:\/\/www.tropicair.com\/caye-caulker-cuk\/#breadcrumb"},"inLanguage":"es","potentialAction":[{"@type":"ReadAction","target":["https:\/\/www.tropicair.com\/caye-caulker-cuk\/"]}]},{"@type":"ImageObject","inLanguage":"es","@id":"https:\/\/www.tropicair.com\/caye-caulker-cuk\/#primaryimage","url":"https:\/\/i0.wp.com\/www.tropicair.com\/wp-content\/uploads\/2023\/02\/Destination-CayeCaulker-FeaturedImage.jpg?fit=900%2C600&ssl=1","contentUrl":"https:\/\/i0.wp.com\/www.tropicair.com\/wp-content\/uploads\/2023\/02\/Destination-CayeCaulker-FeaturedImage.jpg?fit=900%2C600&ssl=1","width":900,"height":600},{"@type":"BreadcrumbList","@id":"https:\/\/www.tropicair.com\/caye-caulker-cuk\/#breadcrumb","itemListElement":[{"@type":"ListItem","position":1,"name":"Home","item":"https:\/\/www.tropicair.com\/es\/"},{"@type":"ListItem","position":2,"name":"Caye Caulker (CUK)"}]},{"@type":"WebSite","@id":"https:\/\/www.tropicair.com\/#website","url":"https:\/\/www.tropicair.com\/","name":"Tropic Air","description":"The Airline of Belize","publisher":{"@id":"https:\/\/www.tropicair.com\/#organization"},"alternateName":"Tropic Air Belize","potentialAction":[{"@type":"SearchAction","target":{"@type":"EntryPoint","urlTemplate":"https:\/\/www.tropicair.com\/?s={search_term_string}"},"query-input":{"@type":"PropertyValueSpecification","valueRequired":true,"valueName":"search_term_string"}}],"inLanguage":"es"},{"@type":"Organization","@id":"https:\/\/www.tropicair.com\/#organization","name":"Tropic Air","url":"https:\/\/www.tropicair.com\/","logo":{"@type":"ImageObject","inLanguage":"es","@id":"https:\/\/www.tropicair.com\/#\/schema\/logo\/image\/","url":"https:\/\/i0.wp.com\/www.tropicair.com\/wp-content\/uploads\/2025\/08\/2025-TROPIC-AIR-LOGO-400x.png?fit=400%2C69&ssl=1","contentUrl":"https:\/\/i0.wp.com\/www.tropicair.com\/wp-content\/uploads\/2025\/08\/2025-TROPIC-AIR-LOGO-400x.png?fit=400%2C69&ssl=1","width":400,"height":69,"caption":"Tropic Air"},"image":{"@id":"https:\/\/www.tropicair.com\/#\/schema\/logo\/image\/"}}]}},"jetpack_sharing_enabled":true,"_links":{"self":[{"href":"https:\/\/www.tropicair.com\/es\/wp-json\/wp\/v2\/pages\/11292","targetHints":{"allow":["GET"]}}],"collection":[{"href":"https:\/\/www.tropicair.com\/es\/wp-json\/wp\/v2\/pages"}],"about":[{"href":"https:\/\/www.tropicair.com\/es\/wp-json\/wp\/v2\/types\/page"}],"author":[{"embeddable":true,"href":"https:\/\/www.tropicair.com\/es\/wp-json\/wp\/v2\/users\/1"}],"replies":[{"embeddable":true,"href":"https:\/\/www.tropicair.com\/es\/wp-json\/wp\/v2\/comments?post=11292"}],"version-history":[{"count":7,"href":"https:\/\/www.tropicair.com\/es\/wp-json\/wp\/v2\/pages\/11292\/revisions"}],"predecessor-version":[{"id":12690,"href":"https:\/\/www.tropicair.com\/es\/wp-json\/wp\/v2\/pages\/11292\/revisions\/12690"}],"wp:featuredmedia":[{"embeddable":true,"href":"https:\/\/www.tropicair.com\/es\/wp-json\/wp\/v2\/media\/9991"}],"wp:attachment":[{"href":"https:\/\/www.tropicair.com\/es\/wp-json\/wp\/v2\/media?parent=11292"}],"curies":[{"name":"wp","href":"https:\/\/api.w.org\/{rel}","templated":true}]}}