{"id":11273,"date":"2023-02-22T17:24:58","date_gmt":"2023-02-22T23:24:58","guid":{"rendered":"https:\/\/cjh.a12.mwp.accessdomain.com\/?page_id=11273"},"modified":"2023-07-10T08:47:31","modified_gmt":"2023-07-10T14:47:31","slug":"politica-de-cancelacion-reembolso-y-ccambio","status":"publish","type":"page","link":"https:\/\/www.tropicair.com\/es\/politica-de-cancelacion-reembolso-y-ccambio\/","title":{"rendered":"Pol\u00edtica de Cancelaci\u00f3n, Reembolso y cCambio"},"content":{"rendered":"\t\t<div data-elementor-type=\"wp-page\" data-elementor-id=\"11273\" class=\"elementor elementor-11273 elementor-9743\" data-elementor-post-type=\"page\">\n\t\t\t\t\t\t<section class=\"elementor-section elementor-top-section elementor-element elementor-element-01df797 elementor-section-boxed elementor-section-height-default elementor-section-height-default\" data-id=\"01df797\" data-element_type=\"section\" data-e-type=\"section\">\n\t\t\t\t\t\t<div class=\"elementor-container elementor-column-gap-default\">\n\t\t\t\t\t<div class=\"elementor-column elementor-col-100 elementor-top-column elementor-element elementor-element-a9cf9fd\" data-id=\"a9cf9fd\" data-element_type=\"column\" data-e-type=\"column\">\n\t\t\t<div class=\"elementor-widget-wrap elementor-element-populated\">\n\t\t\t\t\t\t<div class=\"elementor-element elementor-element-d8688e6 elementor-widget elementor-widget-heading\" data-id=\"d8688e6\" data-element_type=\"widget\" data-e-type=\"widget\" data-widget_type=\"heading.default\">\n\t\t\t\t<div class=\"elementor-widget-container\">\n\t\t\t\t\t<h2 class=\"elementor-heading-title elementor-size-default\">POL\u00cdTICA DE CANCELACI\u00d3N, REEMBOLSO Y CAMBIO DE BOLETO<\/h2>\t\t\t\t<\/div>\n\t\t\t\t<\/div>\n\t\t\t\t\t<\/div>\n\t\t<\/div>\n\t\t\t\t\t<\/div>\n\t\t<\/section>\n\t\t\t\t<section class=\"elementor-section elementor-top-section elementor-element elementor-element-e348096 elementor-section-boxed elementor-section-height-default elementor-section-height-default\" data-id=\"e348096\" data-element_type=\"section\" data-e-type=\"section\">\n\t\t\t\t\t\t<div class=\"elementor-container elementor-column-gap-default\">\n\t\t\t\t\t<div class=\"elementor-column elementor-col-100 elementor-top-column elementor-element elementor-element-5691d9c\" data-id=\"5691d9c\" data-element_type=\"column\" data-e-type=\"column\">\n\t\t\t<div class=\"elementor-widget-wrap elementor-element-populated\">\n\t\t\t\t\t\t<div class=\"elementor-element elementor-element-e4c3797 elementor-widget elementor-widget-text-editor\" data-id=\"e4c3797\" data-element_type=\"widget\" data-e-type=\"widget\" data-widget_type=\"text-editor.default\">\n\t\t\t\t<div class=\"elementor-widget-container\">\n\t\t\t\t\t\t\t\t\t<p>Las cancelaciones, cambios y\/o devoluciones pueden depender de la clase de boleto adquirida. Siga las reglas de tarifas impresas en su boleto.<\/p><h3>Cancelaci\u00f3n y Reembolsos<\/h3><p>La cancelaci\u00f3n de cualquier parte de su itinerario debe realizarse al menos veinticuatro (24) horas antes del vuelo programado para calificar para un reembolso. Los reembolsos depender\u00e1n de la clase de boleto comprada, la fecha del viaje y el agente emisor. Los boletos comprados a trav\u00e9s de una OTA (como Expedia) o a trav\u00e9s de un agente de viajes\/resort deben cancelarse o reembolsarse a trav\u00e9s de dichas entidades emisoras. Para cancelar boletos por favor env\u00ede un correo electr\u00f3nico <a href=\"mailto:reservations@tropicair.com\">reservations@tropicair.com<\/a>. Para solicitar un reembolso, visite el siguiente enlace: <a href=\"https:\/\/www.tropicair.com\/refund-request\/\">https:\/\/www.tropicair.com\/refund-request\/<\/a> .<\/p><h3>Cambios<\/h3><p>Los cambios en cualquier parte de su itinerario deben solicitarse con al menos veinticuatro (24) horas de anticipaci\u00f3n para vuelos internacionales o dos (2) horas de anticipaci\u00f3n para vuelos regulares nacionales.<\/p><p>Los cambios se pueden solicitar por tel\u00e9fono (+501) 226 2626, v\u00eda webchat o correo electr\u00f3nico a <a href=\"mailto:reservations@tropicair.com\">reservations@tropicair.com<\/a>, o en cualquiera de nuestras estaciones.<\/p>\t\t\t\t\t\t\t\t<\/div>\n\t\t\t\t<\/div>\n\t\t\t\t\t<\/div>\n\t\t<\/div>\n\t\t\t\t\t<\/div>\n\t\t<\/section>\n\t\t\t\t<section class=\"elementor-section elementor-top-section elementor-element elementor-element-0e1f2e2 elementor-section-boxed elementor-section-height-default elementor-section-height-default\" data-id=\"0e1f2e2\" data-element_type=\"section\" data-e-type=\"section\">\n\t\t\t\t\t\t<div class=\"elementor-container elementor-column-gap-default\">\n\t\t\t\t\t<div class=\"elementor-column elementor-col-100 elementor-top-column elementor-element elementor-element-646b874\" data-id=\"646b874\" data-element_type=\"column\" data-e-type=\"column\">\n\t\t\t<div class=\"elementor-widget-wrap elementor-element-populated\">\n\t\t\t\t\t\t<div class=\"elementor-element elementor-element-6bbfb8a elementor-widget elementor-widget-heading\" data-id=\"6bbfb8a\" data-element_type=\"widget\" data-e-type=\"widget\" data-widget_type=\"heading.default\">\n\t\t\t\t<div class=\"elementor-widget-container\">\n\t\t\t\t\t<h2 class=\"elementor-heading-title elementor-size-default\">POL\u00cdTICA DE RESERVA, RESERVA Y CANCELACI\u00d3N DE TOURS<\/h2>\t\t\t\t<\/div>\n\t\t\t\t<\/div>\n\t\t\t\t\t<\/div>\n\t\t<\/div>\n\t\t\t\t\t<\/div>\n\t\t<\/section>\n\t\t\t\t<section class=\"elementor-section elementor-top-section elementor-element elementor-element-b70829e elementor-section-boxed elementor-section-height-default elementor-section-height-default\" data-id=\"b70829e\" data-element_type=\"section\" data-e-type=\"section\">\n\t\t\t\t\t\t<div class=\"elementor-container elementor-column-gap-default\">\n\t\t\t\t\t<div class=\"elementor-column elementor-col-100 elementor-top-column elementor-element elementor-element-b827293\" data-id=\"b827293\" data-element_type=\"column\" data-e-type=\"column\">\n\t\t\t<div class=\"elementor-widget-wrap elementor-element-populated\">\n\t\t\t\t\t\t<div class=\"elementor-element elementor-element-fa7c7ce elementor-widget elementor-widget-text-editor\" data-id=\"fa7c7ce\" data-element_type=\"widget\" data-e-type=\"widget\" data-widget_type=\"text-editor.default\">\n\t\t\t\t<div class=\"elementor-widget-container\">\n\t\t\t\t\t\t\t\t\t<h3>Reservas<\/h3><p>Los recorridos deben reservarse con Tropic Air antes de las 4:00 p. m. del d\u00eda anterior a la fecha del recorrido solicitado. Los recorridos programados por Blue Hole se pueden reservar hasta dos horas antes de la hora de salida. Los tours de Blue Hole que son charters privados no tienen requisitos de reserva anticipada, pero est\u00e1n sujetos a la disponibilidad de aeronaves y la confirmaci\u00f3n final.<\/p><h3>Cancelaciones y Reembolsos<\/h3><p>Las solicitudes de cancelaci\u00f3n y\/o reembolso de tours prepagos deben enviarse por escrito a <a href=\"mailto:reservations@tropicair.com\">reservations@tropicair.com<\/a> a m\u00e1s tardar 7 d\u00edas antes de la salida del tour y pueden estar sujetas a una tarifa administrativa de US$10 (por hu\u00e9sped). Las solicitudes recibidas con menos de 7 d\u00edas de anticipaci\u00f3n pero m\u00e1s de 24 horas antes de la salida pueden estar sujetas a una multa del 50 % (del costo del tour) y una tarifa administrativa de US$10 por invitado. No hay reembolsos por cancelaciones realizadas con menos de 24\u00a0antes de la salida del tour, excepto en casos de mal tiempo u otras circunstancias atenuantes.<\/p><p>Ocasionalmente, es posible que los recorridos deban cancelarse o reprogramarse debido al clima y\/o las condiciones en el lugar del recorrido. En tales casos, los invitados podr\u00e1n reprogramar sin penalizaci\u00f3n o pueden solicitar un reembolso completo. Tropic Air se reserva el derecho de cancelar un recorrido y reembolsar por completo a los clientes afectados si \u00e9l o sus operadores consideran que un recorrido no se puede completar dentro del tiempo programado.<\/p><p>Las solicitudes de reembolso de tours reservados como charters est\u00e1n sujetas a nuestra pol\u00edtica de cancelaci\u00f3n de charters.<\/p><p>Si no se presenta, perder\u00e1 el pago completo.<\/p><h3>Reprogramaci\u00f3n de Tours<\/h3><p>Las solicitudes de reprogramaci\u00f3n de un tour deben enviarse por escrito a <a href=\"mailto:reservations@tropicair.com\">reservations@tropicair.com<\/a> a m\u00e1s tardar 24 horas antes de la salida y pueden estar sujetas a una tarifa administrativa de US$10 por hu\u00e9sped. Las reprogramaciones realizadas con menos de 24\u00a0antes de la salida del tour, excepto en casos de mal tiempo u otras circunstancias atenuantes, pueden estar sujetas a penalizaciones seg\u00fan la naturaleza del tour. La reprogramaci\u00f3n debido al clima u otras circunstancias atenuantes se realizar\u00e1 sin cargo y en consulta con los invitados.<\/p>\t\t\t\t\t\t\t\t<\/div>\n\t\t\t\t<\/div>\n\t\t\t\t\t<\/div>\n\t\t<\/div>\n\t\t\t\t\t<\/div>\n\t\t<\/section>\n\t\t\t\t<section class=\"elementor-section elementor-top-section elementor-element elementor-element-cf4489c elementor-section-boxed elementor-section-height-default elementor-section-height-default\" data-id=\"cf4489c\" data-element_type=\"section\" data-e-type=\"section\">\n\t\t\t\t\t\t<div class=\"elementor-container elementor-column-gap-default\">\n\t\t\t\t\t<div class=\"elementor-column elementor-col-100 elementor-top-column elementor-element elementor-element-b11a564\" data-id=\"b11a564\" data-element_type=\"column\" data-e-type=\"column\">\n\t\t\t<div class=\"elementor-widget-wrap elementor-element-populated\">\n\t\t\t\t\t\t<div class=\"elementor-element elementor-element-d93c51d elementor-widget elementor-widget-heading\" data-id=\"d93c51d\" data-element_type=\"widget\" data-e-type=\"widget\" data-widget_type=\"heading.default\">\n\t\t\t\t<div class=\"elementor-widget-container\">\n\t\t\t\t\t<h2 class=\"elementor-heading-title elementor-size-default\">POL\u00cdTICA DE CANCELACI\u00d3N DE CARTA<\/h2>\t\t\t\t<\/div>\n\t\t\t\t<\/div>\n\t\t\t\t\t<\/div>\n\t\t<\/div>\n\t\t\t\t\t<\/div>\n\t\t<\/section>\n\t\t\t\t<section class=\"elementor-section elementor-top-section elementor-element elementor-element-e966a35 elementor-section-boxed elementor-section-height-default elementor-section-height-default\" data-id=\"e966a35\" data-element_type=\"section\" data-e-type=\"section\">\n\t\t\t\t\t\t<div class=\"elementor-container elementor-column-gap-default\">\n\t\t\t\t\t<div class=\"elementor-column elementor-col-100 elementor-top-column elementor-element elementor-element-b2f5a6a\" data-id=\"b2f5a6a\" data-element_type=\"column\" data-e-type=\"column\">\n\t\t\t<div class=\"elementor-widget-wrap elementor-element-populated\">\n\t\t\t\t\t\t<div class=\"elementor-element elementor-element-a71591f elementor-widget elementor-widget-text-editor\" data-id=\"a71591f\" data-element_type=\"widget\" data-e-type=\"widget\" data-widget_type=\"text-editor.default\">\n\t\t\t\t<div class=\"elementor-widget-container\">\n\t\t\t\t\t\t\t\t\t<p>Los charters cancelados debido al clima o al menos 24 horas antes de la salida son elegibles para un reembolso completo.<\/p><p>Las solicitudes de cancelaci\u00f3n realizadas con menos de 24 horas antes de la salida pueden recibir un reembolso del 50 %, si la aeronave no ha sido posicionada previamente para acomodar los requisitos de la reserva de ch\u00e1rter. Si la aeronave ya ha sido posicionada previamente para acomodar el ch\u00e1rter, no habr\u00e1 reembolso.<\/p>\t\t\t\t\t\t\t\t<\/div>\n\t\t\t\t<\/div>\n\t\t\t\t\t<\/div>\n\t\t<\/div>\n\t\t\t\t\t<\/div>\n\t\t<\/section>\n\t\t\t\t<\/div>\n\t\t","protected":false},"excerpt":{"rendered":"<p>POL\u00cdTICA DE CANCELACI\u00d3N, REEMBOLSO Y CAMBIO DE BOLETO Las cancelaciones, cambios y\/o devoluciones pueden depender de la clase de boleto adquirida. Siga las reglas de tarifas impresas en su boleto. Cancelaci\u00f3n y Reembolsos La cancelaci\u00f3n de cualquier parte de su [&hellip;]<\/p>\n","protected":false},"author":1,"featured_media":14369,"parent":0,"menu_order":0,"comment_status":"closed","ping_status":"closed","template":"","meta":{"footnotes":""},"class_list":["post-11273","page","type-page","status-publish","has-post-thumbnail","hentry","entry"],"yoast_head":"<!-- This site is optimized with the Yoast SEO plugin v27.5 - https:\/\/yoast.com\/product\/yoast-seo-wordpress\/ -->\n<title>Pol\u00edtica de Cancelaci\u00f3n, Reembolso y cCambio - Tropic Air<\/title>\n<meta name=\"robots\" content=\"index, follow, max-snippet:-1, max-image-preview:large, max-video-preview:-1\" \/>\n<link rel=\"canonical\" href=\"https:\/\/www.tropicair.com\/cancellation-refund-change-policy\/\" \/>\n<meta property=\"og:locale\" content=\"es_ES\" \/>\n<meta property=\"og:type\" content=\"article\" \/>\n<meta property=\"og:title\" content=\"Pol\u00edtica de Cancelaci\u00f3n, Reembolso y cCambio - Tropic Air\" \/>\n<meta property=\"og:description\" content=\"POL\u00cdTICA DE CANCELACI\u00d3N, REEMBOLSO Y CAMBIO DE BOLETO Las cancelaciones, cambios y\/o devoluciones pueden depender de la clase de boleto adquirida. Siga las reglas de tarifas impresas en su boleto. Cancelaci\u00f3n y Reembolsos La cancelaci\u00f3n de cualquier parte de su [&hellip;]\" \/>\n<meta property=\"og:url\" content=\"https:\/\/www.tropicair.com\/cancellation-refund-change-policy\/\" \/>\n<meta property=\"og:site_name\" content=\"Tropic Air\" \/>\n<meta property=\"article:modified_time\" content=\"2023-07-10T14:47:31+00:00\" \/>\n<meta property=\"og:image\" content=\"https:\/\/i0.wp.com\/www.tropicair.com\/wp-content\/uploads\/2023\/02\/TropicAir-CANCELLATION-HeaderImage.jpg?fit=1920%2C600&ssl=1\" \/>\n\t<meta property=\"og:image:width\" content=\"1920\" \/>\n\t<meta property=\"og:image:height\" content=\"600\" \/>\n\t<meta property=\"og:image:type\" content=\"image\/jpeg\" \/>\n<meta name=\"twitter:card\" content=\"summary_large_image\" \/>\n<meta name=\"twitter:label1\" content=\"Tiempo de lectura\" \/>\n\t<meta name=\"twitter:data1\" content=\"3 minutos\" \/>\n<script type=\"application\/ld+json\" class=\"yoast-schema-graph\">{\"@context\":\"https:\\\/\\\/schema.org\",\"@graph\":[{\"@type\":\"WebPage\",\"@id\":\"https:\\\/\\\/www.tropicair.com\\\/cancellation-refund-change-policy\\\/\",\"url\":\"https:\\\/\\\/www.tropicair.com\\\/cancellation-refund-change-policy\\\/\",\"name\":\"Pol\u00edtica de Cancelaci\u00f3n, Reembolso y cCambio - Tropic Air\",\"isPartOf\":{\"@id\":\"https:\\\/\\\/www.tropicair.com\\\/#website\"},\"primaryImageOfPage\":{\"@id\":\"https:\\\/\\\/www.tropicair.com\\\/cancellation-refund-change-policy\\\/#primaryimage\"},\"image\":{\"@id\":\"https:\\\/\\\/www.tropicair.com\\\/cancellation-refund-change-policy\\\/#primaryimage\"},\"thumbnailUrl\":\"https:\\\/\\\/i0.wp.com\\\/www.tropicair.com\\\/wp-content\\\/uploads\\\/2026\\\/04\\\/Tropic-Air-Header-Page.jpg?fit=1920%2C600&ssl=1\",\"datePublished\":\"2023-02-22T23:24:58+00:00\",\"dateModified\":\"2023-07-10T14:47:31+00:00\",\"breadcrumb\":{\"@id\":\"https:\\\/\\\/www.tropicair.com\\\/cancellation-refund-change-policy\\\/#breadcrumb\"},\"inLanguage\":\"es\",\"potentialAction\":[{\"@type\":\"ReadAction\",\"target\":[\"https:\\\/\\\/www.tropicair.com\\\/cancellation-refund-change-policy\\\/\"]}]},{\"@type\":\"ImageObject\",\"inLanguage\":\"es\",\"@id\":\"https:\\\/\\\/www.tropicair.com\\\/cancellation-refund-change-policy\\\/#primaryimage\",\"url\":\"https:\\\/\\\/i0.wp.com\\\/www.tropicair.com\\\/wp-content\\\/uploads\\\/2026\\\/04\\\/Tropic-Air-Header-Page.jpg?fit=1920%2C600&ssl=1\",\"contentUrl\":\"https:\\\/\\\/i0.wp.com\\\/www.tropicair.com\\\/wp-content\\\/uploads\\\/2026\\\/04\\\/Tropic-Air-Header-Page.jpg?fit=1920%2C600&ssl=1\",\"width\":1920,\"height\":600},{\"@type\":\"BreadcrumbList\",\"@id\":\"https:\\\/\\\/www.tropicair.com\\\/cancellation-refund-change-policy\\\/#breadcrumb\",\"itemListElement\":[{\"@type\":\"ListItem\",\"position\":1,\"name\":\"Home\",\"item\":\"https:\\\/\\\/www.tropicair.com\\\/es\\\/\"},{\"@type\":\"ListItem\",\"position\":2,\"name\":\"Pol\u00edtica de Cancelaci\u00f3n, Reembolso y cCambio\"}]},{\"@type\":\"WebSite\",\"@id\":\"https:\\\/\\\/www.tropicair.com\\\/#website\",\"url\":\"https:\\\/\\\/www.tropicair.com\\\/\",\"name\":\"Tropic Air\",\"description\":\"The Airline of Belize\",\"publisher\":{\"@id\":\"https:\\\/\\\/www.tropicair.com\\\/#organization\"},\"alternateName\":\"Tropic Air Belize\",\"potentialAction\":[{\"@type\":\"SearchAction\",\"target\":{\"@type\":\"EntryPoint\",\"urlTemplate\":\"https:\\\/\\\/www.tropicair.com\\\/?s={search_term_string}\"},\"query-input\":{\"@type\":\"PropertyValueSpecification\",\"valueRequired\":true,\"valueName\":\"search_term_string\"}}],\"inLanguage\":\"es\"},{\"@type\":\"Organization\",\"@id\":\"https:\\\/\\\/www.tropicair.com\\\/#organization\",\"name\":\"Tropic Air\",\"url\":\"https:\\\/\\\/www.tropicair.com\\\/\",\"logo\":{\"@type\":\"ImageObject\",\"inLanguage\":\"es\",\"@id\":\"https:\\\/\\\/www.tropicair.com\\\/#\\\/schema\\\/logo\\\/image\\\/\",\"url\":\"https:\\\/\\\/i0.wp.com\\\/www.tropicair.com\\\/wp-content\\\/uploads\\\/2025\\\/08\\\/2025-TROPIC-AIR-LOGO-400x.png?fit=400%2C69&ssl=1\",\"contentUrl\":\"https:\\\/\\\/i0.wp.com\\\/www.tropicair.com\\\/wp-content\\\/uploads\\\/2025\\\/08\\\/2025-TROPIC-AIR-LOGO-400x.png?fit=400%2C69&ssl=1\",\"width\":400,\"height\":69,\"caption\":\"Tropic Air\"},\"image\":{\"@id\":\"https:\\\/\\\/www.tropicair.com\\\/#\\\/schema\\\/logo\\\/image\\\/\"}}]}<\/script>\n<!-- \/ Yoast SEO plugin. -->","yoast_head_json":{"title":"Pol\u00edtica de Cancelaci\u00f3n, Reembolso y cCambio - Tropic Air","robots":{"index":"index","follow":"follow","max-snippet":"max-snippet:-1","max-image-preview":"max-image-preview:large","max-video-preview":"max-video-preview:-1"},"canonical":"https:\/\/www.tropicair.com\/cancellation-refund-change-policy\/","og_locale":"es_ES","og_type":"article","og_title":"Pol\u00edtica de Cancelaci\u00f3n, Reembolso y cCambio - Tropic Air","og_description":"POL\u00cdTICA DE CANCELACI\u00d3N, REEMBOLSO Y CAMBIO DE BOLETO Las cancelaciones, cambios y\/o devoluciones pueden depender de la clase de boleto adquirida. Siga las reglas de tarifas impresas en su boleto. Cancelaci\u00f3n y Reembolsos La cancelaci\u00f3n de cualquier parte de su [&hellip;]","og_url":"https:\/\/www.tropicair.com\/cancellation-refund-change-policy\/","og_site_name":"Tropic Air","article_modified_time":"2023-07-10T14:47:31+00:00","og_image":[{"width":1920,"height":600,"url":"https:\/\/i0.wp.com\/www.tropicair.com\/wp-content\/uploads\/2023\/02\/TropicAir-CANCELLATION-HeaderImage.jpg?fit=1920%2C600&ssl=1","type":"image\/jpeg"}],"twitter_card":"summary_large_image","twitter_misc":{"Tiempo de lectura":"3 minutos"},"schema":{"@context":"https:\/\/schema.org","@graph":[{"@type":"WebPage","@id":"https:\/\/www.tropicair.com\/cancellation-refund-change-policy\/","url":"https:\/\/www.tropicair.com\/cancellation-refund-change-policy\/","name":"Pol\u00edtica de Cancelaci\u00f3n, Reembolso y cCambio - Tropic Air","isPartOf":{"@id":"https:\/\/www.tropicair.com\/#website"},"primaryImageOfPage":{"@id":"https:\/\/www.tropicair.com\/cancellation-refund-change-policy\/#primaryimage"},"image":{"@id":"https:\/\/www.tropicair.com\/cancellation-refund-change-policy\/#primaryimage"},"thumbnailUrl":"https:\/\/i0.wp.com\/www.tropicair.com\/wp-content\/uploads\/2026\/04\/Tropic-Air-Header-Page.jpg?fit=1920%2C600&ssl=1","datePublished":"2023-02-22T23:24:58+00:00","dateModified":"2023-07-10T14:47:31+00:00","breadcrumb":{"@id":"https:\/\/www.tropicair.com\/cancellation-refund-change-policy\/#breadcrumb"},"inLanguage":"es","potentialAction":[{"@type":"ReadAction","target":["https:\/\/www.tropicair.com\/cancellation-refund-change-policy\/"]}]},{"@type":"ImageObject","inLanguage":"es","@id":"https:\/\/www.tropicair.com\/cancellation-refund-change-policy\/#primaryimage","url":"https:\/\/i0.wp.com\/www.tropicair.com\/wp-content\/uploads\/2026\/04\/Tropic-Air-Header-Page.jpg?fit=1920%2C600&ssl=1","contentUrl":"https:\/\/i0.wp.com\/www.tropicair.com\/wp-content\/uploads\/2026\/04\/Tropic-Air-Header-Page.jpg?fit=1920%2C600&ssl=1","width":1920,"height":600},{"@type":"BreadcrumbList","@id":"https:\/\/www.tropicair.com\/cancellation-refund-change-policy\/#breadcrumb","itemListElement":[{"@type":"ListItem","position":1,"name":"Home","item":"https:\/\/www.tropicair.com\/es\/"},{"@type":"ListItem","position":2,"name":"Pol\u00edtica de Cancelaci\u00f3n, Reembolso y cCambio"}]},{"@type":"WebSite","@id":"https:\/\/www.tropicair.com\/#website","url":"https:\/\/www.tropicair.com\/","name":"Tropic Air","description":"The Airline of Belize","publisher":{"@id":"https:\/\/www.tropicair.com\/#organization"},"alternateName":"Tropic Air Belize","potentialAction":[{"@type":"SearchAction","target":{"@type":"EntryPoint","urlTemplate":"https:\/\/www.tropicair.com\/?s={search_term_string}"},"query-input":{"@type":"PropertyValueSpecification","valueRequired":true,"valueName":"search_term_string"}}],"inLanguage":"es"},{"@type":"Organization","@id":"https:\/\/www.tropicair.com\/#organization","name":"Tropic Air","url":"https:\/\/www.tropicair.com\/","logo":{"@type":"ImageObject","inLanguage":"es","@id":"https:\/\/www.tropicair.com\/#\/schema\/logo\/image\/","url":"https:\/\/i0.wp.com\/www.tropicair.com\/wp-content\/uploads\/2025\/08\/2025-TROPIC-AIR-LOGO-400x.png?fit=400%2C69&ssl=1","contentUrl":"https:\/\/i0.wp.com\/www.tropicair.com\/wp-content\/uploads\/2025\/08\/2025-TROPIC-AIR-LOGO-400x.png?fit=400%2C69&ssl=1","width":400,"height":69,"caption":"Tropic Air"},"image":{"@id":"https:\/\/www.tropicair.com\/#\/schema\/logo\/image\/"}}]}},"jetpack_sharing_enabled":true,"_links":{"self":[{"href":"https:\/\/www.tropicair.com\/es\/wp-json\/wp\/v2\/pages\/11273","targetHints":{"allow":["GET"]}}],"collection":[{"href":"https:\/\/www.tropicair.com\/es\/wp-json\/wp\/v2\/pages"}],"about":[{"href":"https:\/\/www.tropicair.com\/es\/wp-json\/wp\/v2\/types\/page"}],"author":[{"embeddable":true,"href":"https:\/\/www.tropicair.com\/es\/wp-json\/wp\/v2\/users\/1"}],"replies":[{"embeddable":true,"href":"https:\/\/www.tropicair.com\/es\/wp-json\/wp\/v2\/comments?post=11273"}],"version-history":[{"count":4,"href":"https:\/\/www.tropicair.com\/es\/wp-json\/wp\/v2\/pages\/11273\/revisions"}],"predecessor-version":[{"id":11278,"href":"https:\/\/www.tropicair.com\/es\/wp-json\/wp\/v2\/pages\/11273\/revisions\/11278"}],"wp:featuredmedia":[{"embeddable":true,"href":"https:\/\/www.tropicair.com\/es\/wp-json\/wp\/v2\/media\/14369"}],"wp:attachment":[{"href":"https:\/\/www.tropicair.com\/es\/wp-json\/wp\/v2\/media?parent=11273"}],"curies":[{"name":"wp","href":"https:\/\/api.w.org\/{rel}","templated":true}]}}