{"id":11227,"date":"2023-06-09T08:23:07","date_gmt":"2023-06-09T14:23:07","guid":{"rendered":"https:\/\/cjh.a12.mwp.accessdomain.com\/?page_id=11227"},"modified":"2024-06-13T16:17:39","modified_gmt":"2024-06-13T22:17:39","slug":"acerca-de-tropic-air","status":"publish","type":"page","link":"https:\/\/www.tropicair.com\/es\/acerca-de-tropic-air\/","title":{"rendered":"Acerca de Tropic Air"},"content":{"rendered":"\t\t<div data-elementor-type=\"wp-page\" data-elementor-id=\"11227\" class=\"elementor elementor-11227 elementor-10676\" data-elementor-post-type=\"page\">\n\t\t\t\t\t\t<section class=\"elementor-section elementor-top-section elementor-element elementor-element-d62b844 elementor-section-boxed elementor-section-height-default elementor-section-height-default\" data-id=\"d62b844\" data-element_type=\"section\" data-e-type=\"section\">\n\t\t\t\t\t\t<div class=\"elementor-container elementor-column-gap-default\">\n\t\t\t\t\t<div class=\"elementor-column elementor-col-100 elementor-top-column elementor-element elementor-element-aef1a83\" data-id=\"aef1a83\" data-element_type=\"column\" data-e-type=\"column\">\n\t\t\t<div class=\"elementor-widget-wrap elementor-element-populated\">\n\t\t\t\t\t\t<div class=\"elementor-element elementor-element-c570d91 elementor-widget elementor-widget-text-editor\" data-id=\"c570d91\" data-element_type=\"widget\" data-e-type=\"widget\" data-widget_type=\"text-editor.default\">\n\t\t\t\t<div class=\"elementor-widget-container\">\n\t\t\t\t\t\t\t\t\t<h2>Acerca de Tropic Air<\/h2><p>Fundada en 1979 por John Greif III con un solo avi\u00f3n y dos empleados, Tropic ha crecido constantemente hasta convertirse en la aerol\u00ednea m\u00e1s grande y experimentada de Belice, que ofrece m\u00e1s de 200 vuelos regulares diarios.<\/p><p>Desde nuestro vuelo inaugural hace m\u00e1s de 40 a\u00f1os, Tropic Air ha sido l\u00edder en la introducci\u00f3n de tecnolog\u00eda aeron\u00e1utica moderna en el mercado nacional de Belice. Hemos jugado un papel clave en la promoci\u00f3n de la industria tur\u00edstica dentro del pa\u00eds, y siempre hemos estado comprometidos con el crecimiento de este sector. Tropic Air se dedica a la m\u00e1s alta calidad de servicio al cliente, entregado con un sentido de calidez, amabilidad, orgullo individual y esp\u00edritu de empresa. El \u00e9xito de nuestra estrategia comercial requiere que construyamos sobre estos cimientos enfoc\u00e1ndonos cada d\u00eda en los mercados de negocios, ocio y carga e impulsando la eficiencia y la eficacia. Tropic Air tambi\u00e9n es la \u00fanica aerol\u00ednea en Belice que tiene el registro de evaluaci\u00f3n de seguridad est\u00e1ndar (ISSA) de IATA.<\/p><p>La carga es una parte importante del negocio de la aerol\u00ednea. Tropic brinda servicio de carga programada a todos sus destinos, ofreciendo a los clientes el transporte de correo, paquetes y art\u00edculos perecederos en el mismo d\u00eda. Las cartas de carga tambi\u00e9n est\u00e1n disponibles.<\/p><p>Tropic Air opera quince Cessna Grand Caravans (208B) \u2013 Glass Cockpit, dos Cessna T182T \u2013 Glass Cockpit y un Beechcraft 1900D. Estos aviones est\u00e1n configurados para tres a diecinueve pasajeros. Tropic tiene un programa de reemplazo y expansi\u00f3n de flota con m\u00e1s caravanas 208B-Glass Cockpit en pedido.<\/p><p>Tropic tambi\u00e9n cree en retribuir. Apoya el desarrollo de las comunidades a las que sirve a trav\u00e9s de proyectos de salud, deportes, prevenci\u00f3n de drogas, educaci\u00f3n y comunidad. Tropic apoya el desarrollo y crecimiento de la industria tur\u00edstica m\u00e1s amplia de Belice a trav\u00e9s de iniciativas promocionales a nivel local e internacional.<\/p><p>Tropic Air contin\u00faa aumentando sus rutas y planea continuar expandiendo su infraestructura con nuevas terminales y mejoras en las terminales, adem\u00e1s de una expansi\u00f3n de sus instalaciones de mantenimiento.<\/p><p>Con otros operadores internacionales aumentando el servicio a Belice, el crecimiento futuro de Tropic sigue siendo prometedor.<\/p><p>Haga clic aqu\u00ed para ver nuestro Mapa de Ruta.<\/p>\t\t\t\t\t\t\t\t<\/div>\n\t\t\t\t<\/div>\n\t\t\t\t\t<\/div>\n\t\t<\/div>\n\t\t\t\t\t<\/div>\n\t\t<\/section>\n\t\t\t\t<section class=\"elementor-section elementor-top-section elementor-element elementor-element-5a24b3ae elementor-section-boxed elementor-section-height-default elementor-section-height-default\" data-id=\"5a24b3ae\" data-element_type=\"section\" data-e-type=\"section\" data-settings=\"{&quot;background_background&quot;:&quot;classic&quot;}\">\n\t\t\t\t\t\t<div class=\"elementor-container elementor-column-gap-default\">\n\t\t\t\t\t<div class=\"elementor-column elementor-col-100 elementor-top-column elementor-element elementor-element-19eb3bec container\" data-id=\"19eb3bec\" data-element_type=\"column\" data-e-type=\"column\">\n\t\t\t<div class=\"elementor-widget-wrap elementor-element-populated\">\n\t\t\t\t\t\t<section class=\"elementor-section elementor-inner-section elementor-element elementor-element-5e33e110 elementor-section-boxed elementor-section-height-default elementor-section-height-default\" data-id=\"5e33e110\" data-element_type=\"section\" data-e-type=\"section\">\n\t\t\t\t\t\t<div class=\"elementor-container elementor-column-gap-default\">\n\t\t\t\t\t<div class=\"elementor-column elementor-col-100 elementor-inner-column elementor-element elementor-element-4b94c45a\" data-id=\"4b94c45a\" data-element_type=\"column\" data-e-type=\"column\">\n\t\t\t<div class=\"elementor-widget-wrap elementor-element-populated\">\n\t\t\t\t\t\t<div class=\"elementor-element elementor-element-72aaddb5 elementor-widget elementor-widget-heading\" data-id=\"72aaddb5\" data-element_type=\"widget\" data-e-type=\"widget\" data-widget_type=\"heading.default\">\n\t\t\t\t<div class=\"elementor-widget-container\">\n\t\t\t\t\t<h1 class=\"elementor-heading-title elementor-size-default\">Nuestros valores<\/h1>\t\t\t\t<\/div>\n\t\t\t\t<\/div>\n\t\t\t\t\t<\/div>\n\t\t<\/div>\n\t\t\t\t\t<\/div>\n\t\t<\/section>\n\t\t\t\t<section class=\"elementor-section elementor-inner-section elementor-element elementor-element-6db1b64c elementor-section-boxed elementor-section-height-default elementor-section-height-default\" data-id=\"6db1b64c\" data-element_type=\"section\" data-e-type=\"section\">\n\t\t\t\t\t\t<div class=\"elementor-container elementor-column-gap-default\">\n\t\t\t\t\t<div class=\"elementor-column elementor-col-33 elementor-inner-column elementor-element elementor-element-d88683d\" data-id=\"d88683d\" data-element_type=\"column\" data-e-type=\"column\">\n\t\t\t<div class=\"elementor-widget-wrap elementor-element-populated\">\n\t\t\t\t\t\t<div class=\"elementor-element elementor-element-b858a2b elementor-invisible elementor-widget elementor-widget-powernode-features-box\" data-id=\"b858a2b\" data-element_type=\"widget\" data-e-type=\"widget\" data-widget_type=\"powernode-features-box.default\">\n\t\t\t\t<div class=\"elementor-widget-container\">\n\t\t\t\t\t<div id=\"powernode-features-box-69f8a25bda462\" class=\"powernode-element powernode-features-box mb-40 fbox-2\">\r\n\t<div class=\"pnwt-features-box pnwt-bxim fbox-3 hover-overlay-action media-icon bxim-pos-top wow fadeInUp\" data-wow-delay=\".1s\"><div class=\"fbox-ico fbx-icons bx-icon-wrap align-itms-start\"><div class=\"fbx-icon bx-ico-img 65px\"><span class=\"list-icon tropicair-icon tropic-air-iconsecurity-shield-02\"><\/span><\/div><\/div><div class=\"fbox-txt\"><h5 class=\"bx-title\">Seguridad<\/h5><p class=\"bx-content p-md grey-color\">La seguridad es nuestra m\u00e1xima prioridad y nunca se ver\u00e1 comprometida. Estamos comprometidos a mantener los m\u00e1s altos est\u00e1ndares de seguridad en todos los aspectos de nuestras operaciones, asegurando el bienestar de nuestros pasajeros, tripulaci\u00f3n y aeronaves.<\/p><\/div><\/div><\/div>\t\t\t\t<\/div>\n\t\t\t\t<\/div>\n\t\t\t\t\t<\/div>\n\t\t<\/div>\n\t\t\t\t<div class=\"elementor-column elementor-col-33 elementor-inner-column elementor-element elementor-element-9a60773\" data-id=\"9a60773\" data-element_type=\"column\" data-e-type=\"column\">\n\t\t\t<div class=\"elementor-widget-wrap elementor-element-populated\">\n\t\t\t\t\t\t<div class=\"elementor-element elementor-element-22e190a9 elementor-invisible elementor-widget elementor-widget-powernode-features-box\" data-id=\"22e190a9\" data-element_type=\"widget\" data-e-type=\"widget\" data-widget_type=\"powernode-features-box.default\">\n\t\t\t\t<div class=\"elementor-widget-container\">\n\t\t\t\t\t<div id=\"powernode-features-box-69f8a25bdaee4\" class=\"powernode-element powernode-features-box mb-40 fbox-2\">\r\n\t<div class=\"pnwt-features-box pnwt-bxim fbox-3 hover-overlay-action media-icon bxim-pos-top wow fadeInUp\" data-wow-delay=\"0.2s\"><div class=\"fbox-ico fbx-icons bx-icon-wrap align-itms-start\"><div class=\"fbx-icon bx-ico-img 65px\"><span class=\"list-icon tropicair-icon tropic-air-iconhands-service-02\"><\/span><\/div><\/div><div class=\"fbox-txt\"><h5 class=\"bx-title\">Servicio<\/h5><p class=\"bx-content p-md grey-color\">Desde la reserva hasta el embarque, nos dedicamos a brindar un servicio y atenci\u00f3n profesionales para garantizar un viaje fluido y agradable. La excelencia en el servicio y la experiencia del pasajero est\u00e1n en el coraz\u00f3n de todo lo que hacemos.<\/p><\/div><\/div><\/div>\t\t\t\t<\/div>\n\t\t\t\t<\/div>\n\t\t\t\t\t<\/div>\n\t\t<\/div>\n\t\t\t\t<div class=\"elementor-column elementor-col-33 elementor-inner-column elementor-element elementor-element-325a7ce3\" data-id=\"325a7ce3\" data-element_type=\"column\" data-e-type=\"column\">\n\t\t\t<div class=\"elementor-widget-wrap elementor-element-populated\">\n\t\t\t\t\t\t<div class=\"elementor-element elementor-element-eff4a23 elementor-invisible elementor-widget elementor-widget-powernode-features-box\" data-id=\"eff4a23\" data-element_type=\"widget\" data-e-type=\"widget\" data-widget_type=\"powernode-features-box.default\">\n\t\t\t\t<div class=\"elementor-widget-container\">\n\t\t\t\t\t<div id=\"powernode-features-box-69f8a25bdb623\" class=\"powernode-element powernode-features-box mb-40 fbox-2\">\r\n\t<div class=\"pnwt-features-box pnwt-bxim fbox-3 hover-overlay-action media-image bxim-pos-top wow fadeInUp\" data-wow-delay=\"0.3s\"><div class=\"fbox-ico fbx-icons bx-icon-wrap align-itms-start\"><div class=\"fbx-icon bx-ico-img grey-color\"><div class=\"bx-img bx-ico-img rounded hover-overlay\"><img decoding=\"async\" class=\"\" src=\"https:\/\/i0.wp.com\/www.tropicair.com\/wp-content\/uploads\/2024\/06\/sustainability-75x75.png\" width=\"75\" height=\"75\" alt=\"\" title=\"\" \/><\/div><\/div><\/div><div class=\"fbox-txt\"><h5 class=\"bx-title\">Sostenibilidad<\/h5><p class=\"bx-content p-md grey-color\">Trabajamos constantemente para preservar la belleza natural de las comunidades a las que servimos para las generaciones futuras, invirtiendo en fuentes de energ\u00eda renovables y buscando oportunidades para reducir nuestra huella de carbono.<\/p><\/div><\/div><\/div>\t\t\t\t<\/div>\n\t\t\t\t<\/div>\n\t\t\t\t\t<\/div>\n\t\t<\/div>\n\t\t\t\t\t<\/div>\n\t\t<\/section>\n\t\t\t\t\t<\/div>\n\t\t<\/div>\n\t\t\t\t\t<\/div>\n\t\t<\/section>\n\t\t\t\t<\/div>\n\t\t","protected":false},"excerpt":{"rendered":"<p>Acerca de Tropic Air Fundada en 1979 por John Greif III con un solo avi\u00f3n y dos empleados, Tropic ha crecido constantemente hasta convertirse en la aerol\u00ednea m\u00e1s grande y experimentada de Belice, que ofrece m\u00e1s de 200 vuelos regulares [&hellip;]<\/p>\n","protected":false},"author":1,"featured_media":10679,"parent":0,"menu_order":0,"comment_status":"closed","ping_status":"closed","template":"","meta":{"footnotes":""},"class_list":["post-11227","page","type-page","status-publish","has-post-thumbnail","hentry","entry"],"yoast_head":"<!-- This site is optimized with the Yoast SEO plugin v27.5 - https:\/\/yoast.com\/product\/yoast-seo-wordpress\/ -->\n<title>Acerca de Tropic Air - Tropic Air<\/title>\n<meta name=\"robots\" content=\"index, follow, max-snippet:-1, max-image-preview:large, max-video-preview:-1\" \/>\n<link rel=\"canonical\" href=\"https:\/\/www.tropicair.com\/about-tropic-air\/\" \/>\n<meta property=\"og:locale\" content=\"es_ES\" \/>\n<meta property=\"og:type\" content=\"article\" \/>\n<meta property=\"og:title\" content=\"Acerca de Tropic Air - Tropic Air\" \/>\n<meta property=\"og:description\" content=\"Acerca de Tropic Air Fundada en 1979 por John Greif III con un solo avi\u00f3n y dos empleados, Tropic ha crecido constantemente hasta convertirse en la aerol\u00ednea m\u00e1s grande y experimentada de Belice, que ofrece m\u00e1s de 200 vuelos regulares [&hellip;]\" \/>\n<meta property=\"og:url\" content=\"https:\/\/www.tropicair.com\/about-tropic-air\/\" \/>\n<meta property=\"og:site_name\" content=\"Tropic Air\" \/>\n<meta property=\"article:modified_time\" content=\"2024-06-13T22:17:39+00:00\" \/>\n<meta property=\"og:image\" content=\"https:\/\/i0.wp.com\/www.tropicair.com\/wp-content\/uploads\/2023\/06\/TropicAir-AboutTropic-HeaderImage.jpg?fit=1920%2C800&ssl=1\" \/>\n\t<meta property=\"og:image:width\" content=\"1920\" \/>\n\t<meta property=\"og:image:height\" content=\"800\" \/>\n\t<meta property=\"og:image:type\" content=\"image\/jpeg\" \/>\n<meta name=\"twitter:card\" content=\"summary_large_image\" \/>\n<meta name=\"twitter:label1\" content=\"Tiempo de lectura\" \/>\n\t<meta name=\"twitter:data1\" content=\"3 minutos\" \/>\n<script type=\"application\/ld+json\" class=\"yoast-schema-graph\">{\"@context\":\"https:\\\/\\\/schema.org\",\"@graph\":[{\"@type\":\"WebPage\",\"@id\":\"https:\\\/\\\/www.tropicair.com\\\/about-tropic-air\\\/\",\"url\":\"https:\\\/\\\/www.tropicair.com\\\/about-tropic-air\\\/\",\"name\":\"Acerca de Tropic Air - Tropic Air\",\"isPartOf\":{\"@id\":\"https:\\\/\\\/www.tropicair.com\\\/#website\"},\"primaryImageOfPage\":{\"@id\":\"https:\\\/\\\/www.tropicair.com\\\/about-tropic-air\\\/#primaryimage\"},\"image\":{\"@id\":\"https:\\\/\\\/www.tropicair.com\\\/about-tropic-air\\\/#primaryimage\"},\"thumbnailUrl\":\"https:\\\/\\\/i0.wp.com\\\/www.tropicair.com\\\/wp-content\\\/uploads\\\/2023\\\/06\\\/TropicAir-AboutTropic-HeaderImage.jpg?fit=1920%2C800&ssl=1\",\"datePublished\":\"2023-06-09T14:23:07+00:00\",\"dateModified\":\"2024-06-13T22:17:39+00:00\",\"breadcrumb\":{\"@id\":\"https:\\\/\\\/www.tropicair.com\\\/about-tropic-air\\\/#breadcrumb\"},\"inLanguage\":\"es\",\"potentialAction\":[{\"@type\":\"ReadAction\",\"target\":[\"https:\\\/\\\/www.tropicair.com\\\/about-tropic-air\\\/\"]}]},{\"@type\":\"ImageObject\",\"inLanguage\":\"es\",\"@id\":\"https:\\\/\\\/www.tropicair.com\\\/about-tropic-air\\\/#primaryimage\",\"url\":\"https:\\\/\\\/i0.wp.com\\\/www.tropicair.com\\\/wp-content\\\/uploads\\\/2023\\\/06\\\/TropicAir-AboutTropic-HeaderImage.jpg?fit=1920%2C800&ssl=1\",\"contentUrl\":\"https:\\\/\\\/i0.wp.com\\\/www.tropicair.com\\\/wp-content\\\/uploads\\\/2023\\\/06\\\/TropicAir-AboutTropic-HeaderImage.jpg?fit=1920%2C800&ssl=1\",\"width\":1920,\"height\":800},{\"@type\":\"BreadcrumbList\",\"@id\":\"https:\\\/\\\/www.tropicair.com\\\/about-tropic-air\\\/#breadcrumb\",\"itemListElement\":[{\"@type\":\"ListItem\",\"position\":1,\"name\":\"Home\",\"item\":\"https:\\\/\\\/www.tropicair.com\\\/es\\\/\"},{\"@type\":\"ListItem\",\"position\":2,\"name\":\"Acerca de Tropic Air\"}]},{\"@type\":\"WebSite\",\"@id\":\"https:\\\/\\\/www.tropicair.com\\\/#website\",\"url\":\"https:\\\/\\\/www.tropicair.com\\\/\",\"name\":\"Tropic Air\",\"description\":\"The Airline of Belize\",\"publisher\":{\"@id\":\"https:\\\/\\\/www.tropicair.com\\\/#organization\"},\"alternateName\":\"Tropic Air Belize\",\"potentialAction\":[{\"@type\":\"SearchAction\",\"target\":{\"@type\":\"EntryPoint\",\"urlTemplate\":\"https:\\\/\\\/www.tropicair.com\\\/?s={search_term_string}\"},\"query-input\":{\"@type\":\"PropertyValueSpecification\",\"valueRequired\":true,\"valueName\":\"search_term_string\"}}],\"inLanguage\":\"es\"},{\"@type\":\"Organization\",\"@id\":\"https:\\\/\\\/www.tropicair.com\\\/#organization\",\"name\":\"Tropic Air\",\"url\":\"https:\\\/\\\/www.tropicair.com\\\/\",\"logo\":{\"@type\":\"ImageObject\",\"inLanguage\":\"es\",\"@id\":\"https:\\\/\\\/www.tropicair.com\\\/#\\\/schema\\\/logo\\\/image\\\/\",\"url\":\"https:\\\/\\\/i0.wp.com\\\/www.tropicair.com\\\/wp-content\\\/uploads\\\/2025\\\/08\\\/2025-TROPIC-AIR-LOGO-400x.png?fit=400%2C69&ssl=1\",\"contentUrl\":\"https:\\\/\\\/i0.wp.com\\\/www.tropicair.com\\\/wp-content\\\/uploads\\\/2025\\\/08\\\/2025-TROPIC-AIR-LOGO-400x.png?fit=400%2C69&ssl=1\",\"width\":400,\"height\":69,\"caption\":\"Tropic Air\"},\"image\":{\"@id\":\"https:\\\/\\\/www.tropicair.com\\\/#\\\/schema\\\/logo\\\/image\\\/\"}}]}<\/script>\n<!-- \/ Yoast SEO plugin. -->","yoast_head_json":{"title":"Acerca de Tropic Air - Tropic Air","robots":{"index":"index","follow":"follow","max-snippet":"max-snippet:-1","max-image-preview":"max-image-preview:large","max-video-preview":"max-video-preview:-1"},"canonical":"https:\/\/www.tropicair.com\/about-tropic-air\/","og_locale":"es_ES","og_type":"article","og_title":"Acerca de Tropic Air - Tropic Air","og_description":"Acerca de Tropic Air Fundada en 1979 por John Greif III con un solo avi\u00f3n y dos empleados, Tropic ha crecido constantemente hasta convertirse en la aerol\u00ednea m\u00e1s grande y experimentada de Belice, que ofrece m\u00e1s de 200 vuelos regulares [&hellip;]","og_url":"https:\/\/www.tropicair.com\/about-tropic-air\/","og_site_name":"Tropic Air","article_modified_time":"2024-06-13T22:17:39+00:00","og_image":[{"width":1920,"height":800,"url":"https:\/\/i0.wp.com\/www.tropicair.com\/wp-content\/uploads\/2023\/06\/TropicAir-AboutTropic-HeaderImage.jpg?fit=1920%2C800&ssl=1","type":"image\/jpeg"}],"twitter_card":"summary_large_image","twitter_misc":{"Tiempo de lectura":"3 minutos"},"schema":{"@context":"https:\/\/schema.org","@graph":[{"@type":"WebPage","@id":"https:\/\/www.tropicair.com\/about-tropic-air\/","url":"https:\/\/www.tropicair.com\/about-tropic-air\/","name":"Acerca de Tropic Air - Tropic Air","isPartOf":{"@id":"https:\/\/www.tropicair.com\/#website"},"primaryImageOfPage":{"@id":"https:\/\/www.tropicair.com\/about-tropic-air\/#primaryimage"},"image":{"@id":"https:\/\/www.tropicair.com\/about-tropic-air\/#primaryimage"},"thumbnailUrl":"https:\/\/i0.wp.com\/www.tropicair.com\/wp-content\/uploads\/2023\/06\/TropicAir-AboutTropic-HeaderImage.jpg?fit=1920%2C800&ssl=1","datePublished":"2023-06-09T14:23:07+00:00","dateModified":"2024-06-13T22:17:39+00:00","breadcrumb":{"@id":"https:\/\/www.tropicair.com\/about-tropic-air\/#breadcrumb"},"inLanguage":"es","potentialAction":[{"@type":"ReadAction","target":["https:\/\/www.tropicair.com\/about-tropic-air\/"]}]},{"@type":"ImageObject","inLanguage":"es","@id":"https:\/\/www.tropicair.com\/about-tropic-air\/#primaryimage","url":"https:\/\/i0.wp.com\/www.tropicair.com\/wp-content\/uploads\/2023\/06\/TropicAir-AboutTropic-HeaderImage.jpg?fit=1920%2C800&ssl=1","contentUrl":"https:\/\/i0.wp.com\/www.tropicair.com\/wp-content\/uploads\/2023\/06\/TropicAir-AboutTropic-HeaderImage.jpg?fit=1920%2C800&ssl=1","width":1920,"height":800},{"@type":"BreadcrumbList","@id":"https:\/\/www.tropicair.com\/about-tropic-air\/#breadcrumb","itemListElement":[{"@type":"ListItem","position":1,"name":"Home","item":"https:\/\/www.tropicair.com\/es\/"},{"@type":"ListItem","position":2,"name":"Acerca de Tropic Air"}]},{"@type":"WebSite","@id":"https:\/\/www.tropicair.com\/#website","url":"https:\/\/www.tropicair.com\/","name":"Tropic Air","description":"The Airline of Belize","publisher":{"@id":"https:\/\/www.tropicair.com\/#organization"},"alternateName":"Tropic Air Belize","potentialAction":[{"@type":"SearchAction","target":{"@type":"EntryPoint","urlTemplate":"https:\/\/www.tropicair.com\/?s={search_term_string}"},"query-input":{"@type":"PropertyValueSpecification","valueRequired":true,"valueName":"search_term_string"}}],"inLanguage":"es"},{"@type":"Organization","@id":"https:\/\/www.tropicair.com\/#organization","name":"Tropic Air","url":"https:\/\/www.tropicair.com\/","logo":{"@type":"ImageObject","inLanguage":"es","@id":"https:\/\/www.tropicair.com\/#\/schema\/logo\/image\/","url":"https:\/\/i0.wp.com\/www.tropicair.com\/wp-content\/uploads\/2025\/08\/2025-TROPIC-AIR-LOGO-400x.png?fit=400%2C69&ssl=1","contentUrl":"https:\/\/i0.wp.com\/www.tropicair.com\/wp-content\/uploads\/2025\/08\/2025-TROPIC-AIR-LOGO-400x.png?fit=400%2C69&ssl=1","width":400,"height":69,"caption":"Tropic Air"},"image":{"@id":"https:\/\/www.tropicair.com\/#\/schema\/logo\/image\/"}}]}},"jetpack_sharing_enabled":true,"_links":{"self":[{"href":"https:\/\/www.tropicair.com\/es\/wp-json\/wp\/v2\/pages\/11227","targetHints":{"allow":["GET"]}}],"collection":[{"href":"https:\/\/www.tropicair.com\/es\/wp-json\/wp\/v2\/pages"}],"about":[{"href":"https:\/\/www.tropicair.com\/es\/wp-json\/wp\/v2\/types\/page"}],"author":[{"embeddable":true,"href":"https:\/\/www.tropicair.com\/es\/wp-json\/wp\/v2\/users\/1"}],"replies":[{"embeddable":true,"href":"https:\/\/www.tropicair.com\/es\/wp-json\/wp\/v2\/comments?post=11227"}],"version-history":[{"count":15,"href":"https:\/\/www.tropicair.com\/es\/wp-json\/wp\/v2\/pages\/11227\/revisions"}],"predecessor-version":[{"id":12919,"href":"https:\/\/www.tropicair.com\/es\/wp-json\/wp\/v2\/pages\/11227\/revisions\/12919"}],"wp:featuredmedia":[{"embeddable":true,"href":"https:\/\/www.tropicair.com\/es\/wp-json\/wp\/v2\/media\/10679"}],"wp:attachment":[{"href":"https:\/\/www.tropicair.com\/es\/wp-json\/wp\/v2\/media?parent=11227"}],"curies":[{"name":"wp","href":"https:\/\/api.w.org\/{rel}","templated":true}]}}